{"id":8297,"date":"2018-06-08T11:23:42","date_gmt":"2018-06-08T09:23:42","guid":{"rendered":"https:\/\/www.edm-tec.org\/?post_type=product&#038;p=8297"},"modified":"2018-06-15T16:08:48","modified_gmt":"2018-06-15T14:08:48","slug":"spuelduese-125-mm","status":"publish","type":"product","link":"https:\/\/www.edm-tec.org\/en\/produkte\/spuelduese-125-mm\/","title":{"rendered":"Flushing nozzle 12,5 mm"},"content":{"rendered":"<p>Das gro\u00dfe Verschlei\u00dfteileprogramm von EDM-TEC bietet alles an Zubeh\u00f6r f\u00fcr Ihre Erodiermaschinen. Egal ob Drahterosion und Senkerosion, wir halten st\u00e4ndig alle g\u00e4ngigen Artikel f\u00fcr alle Maschinentypen auf Lager: Agie, Brother, Charmilles, Fanuc, Hitachi, Japax, Makino, Mitsubishi, Seibu, Sodick, Washino usw.<\/p>\n<p>Testen Sie Verschlei\u00dfteile von EDM-TEC! Unser hoher Qualit\u00e4tsanspruch kommt Ihnen dabei stets zugute.<\/p>\n<p><strong>Passend f\u00fcr:<\/strong> Charmilles Robofil 3&#215;0\/x020<\/p>\n","protected":false},"excerpt":{"rendered":"<p>On request<\/p>\n","protected":false},"featured_media":8298,"template":"","meta":[],"product_cat":[726,968,998,790],"product_tag":[439],"_links":{"self":[{"href":"https:\/\/www.edm-tec.org\/en\/wp-json\/wp\/v2\/product\/8297"}],"collection":[{"href":"https:\/\/www.edm-tec.org\/en\/wp-json\/wp\/v2\/product"}],"about":[{"href":"https:\/\/www.edm-tec.org\/en\/wp-json\/wp\/v2\/types\/product"}],"wp:featuredmedia":[{"embeddable":true,"href":"https:\/\/www.edm-tec.org\/en\/wp-json\/wp\/v2\/media\/8298"}],"wp:attachment":[{"href":"https:\/\/www.edm-tec.org\/en\/wp-json\/wp\/v2\/media?parent=8297"}],"wp:term":[{"taxonomy":"product_cat","embeddable":true,"href":"https:\/\/www.edm-tec.org\/en\/wp-json\/wp\/v2\/product_cat?post=8297"},{"taxonomy":"product_tag","embeddable":true,"href":"https:\/\/www.edm-tec.org\/en\/wp-json\/wp\/v2\/product_tag?post=8297"}],"curies":[{"name":"wp","href":"https:\/\/api.w.org\/{rel}","templated":true}]}}