{"id":27542,"date":"2024-11-15T13:02:48","date_gmt":"2024-11-15T12:02:48","guid":{"rendered":"https:\/\/www.edm-tec.org\/?post_type=product&#038;p=27542"},"modified":"2024-11-15T13:14:07","modified_gmt":"2024-11-15T12:14:07","slug":"o-ring-5","status":"publish","type":"product","link":"https:\/\/www.edm-tec.org\/en\/produkte\/o-ring-5\/","title":{"rendered":"O-Ring 7,5 x 1,5 mm"},"content":{"rendered":"<p>Das gro\u00dfe Verschlei\u00dfteileprogramm von EDM-TEC bietet alles an Zubeh\u00f6r f\u00fcr Ihre Erodiermaschinen. Egal ob Drahterosion und Senkerosion, wir halten st\u00e4ndig alle g\u00e4ngigen Artikel f\u00fcr alle Maschinentypen auf Lager: Agie, Brother, Charmilles, Fanuc, Hitachi, Japax, Makino, Mitsubishi, Seibu, Sodick, Washino usw.<\/p>\n<p>Testen Sie Verschlei\u00dfteile von EDM-TEC! Unser hoher Qualit\u00e4tsanspruch kommt Ihnen dabei stets zugute.<\/p>\n<p><strong>Passend f\u00fcr:\u00a0<\/strong>Mitsubishi FA\/MV<\/p>","protected":false},"excerpt":{"rendered":"<p>Auf Anfrage<\/p>\n<p>Entspricht: X927D320H04<\/p>\n","protected":false},"featured_media":27543,"template":"","meta":[],"product_cat":[726,976,1046,795],"product_tag":[439],"_links":{"self":[{"href":"https:\/\/www.edm-tec.org\/en\/wp-json\/wp\/v2\/product\/27542"}],"collection":[{"href":"https:\/\/www.edm-tec.org\/en\/wp-json\/wp\/v2\/product"}],"about":[{"href":"https:\/\/www.edm-tec.org\/en\/wp-json\/wp\/v2\/types\/product"}],"wp:featuredmedia":[{"embeddable":true,"href":"https:\/\/www.edm-tec.org\/en\/wp-json\/wp\/v2\/media\/27543"}],"wp:attachment":[{"href":"https:\/\/www.edm-tec.org\/en\/wp-json\/wp\/v2\/media?parent=27542"}],"wp:term":[{"taxonomy":"product_cat","embeddable":true,"href":"https:\/\/www.edm-tec.org\/en\/wp-json\/wp\/v2\/product_cat?post=27542"},{"taxonomy":"product_tag","embeddable":true,"href":"https:\/\/www.edm-tec.org\/en\/wp-json\/wp\/v2\/product_tag?post=27542"}],"curies":[{"name":"wp","href":"https:\/\/api.w.org\/{rel}","templated":true}]}}