{"id":26139,"date":"2024-08-09T09:42:35","date_gmt":"2024-08-09T07:42:35","guid":{"rendered":"https:\/\/www.edm-tec.org\/?post_type=product&#038;p=26139"},"modified":"2024-08-19T20:53:23","modified_gmt":"2024-08-19T18:53:23","slug":"kleber-x60-komponente-a","status":"publish","type":"product","link":"https:\/\/www.edm-tec.org\/en\/produkte\/kleber-x60-komponente-a\/","title":{"rendered":"Kleber X60 Komponente A"},"content":{"rendered":"<h4 style=\"margin-bottom: 15px;\">Kleber X60 Komponente A<\/h4>\n<p>Entwickelt und eingesetzt f\u00fcr typische und experimentelle Anwendungen bei der Installation von Dehnungsmessstreifen.<br \/>\nDer kalt aush\u00e4rtende X60 2-Komponenten Schnellklebstoff aus Methylmetacrylat ist hier die erste Wahl.<br \/>\nEr kann sowohl auf por\u00f6sen Werkstoffen (z.B. Beton, Gusseisen, Holz, Keramik) wie auch auf glatten Oberfl\u00e4chen und sogar<br \/>\nbei sehr niedrigen, kryogenen Temperaturen bis -200\u00b0C eingesetzt werden.<\/p>\n<p>Der Klebstoff besteht aus zwei Komponenten, was den praktischen Einsatz des Produktes sehr einfach macht:<br \/>\n&#8211; Komponente A ist pulverf\u00f6rmig und wird durch den vorgesehenen Messl\u00f6ffel dosiert.<br \/>\n&#8211; Komponente B ist fl\u00fcssig und wird einfach durch das Abz\u00e4hlen von Tropfen dosiert.<br \/>\nDer Kleber wird in einem Gef\u00e4\u00df anger\u00fchrt und kann somit sehr einfach in seiner Konsistenz eingestellt werden.<\/p>\n<p>Aufgrund der neuen Rezeptur ist nach dem Aush\u00e4rten eine Entfernung mit L\u00f6sungsmitteln nicht mehr m\u00f6glich.<br \/>\nEr kann nur noch mechanisch entfernt werden!<br \/>\nDieser Kleber ist nicht elektrisch leitend.<\/p>\n<p><strong>Aush\u00e4rtezeiten:<\/strong><\/p>\n<p>&#8211; bei 35\u00b0C \/ 95\u00b0F =\u00a0 \u00a02 Minuten<br \/>\n&#8211; bei 20\u00b0C \/ 68\u00b0F = 10 Minuten<br \/>\n&#8211; bei\u00a0 \u00a00\u00b0C \/ 32\u00b0F = 60 Minuten<\/p>\n<p><strong>Packungsinhalt:<\/strong><\/p>\n<ul>\n<li>Komponente A = 100 g<\/li>\n<\/ul>\n","protected":false},"excerpt":{"rendered":"<p><strong>Preis auf Anfrage<\/strong><\/p>\n","protected":false},"featured_media":26140,"template":"","meta":[],"product_cat":[2659,80],"product_tag":[],"_links":{"self":[{"href":"https:\/\/www.edm-tec.org\/en\/wp-json\/wp\/v2\/product\/26139"}],"collection":[{"href":"https:\/\/www.edm-tec.org\/en\/wp-json\/wp\/v2\/product"}],"about":[{"href":"https:\/\/www.edm-tec.org\/en\/wp-json\/wp\/v2\/types\/product"}],"wp:featuredmedia":[{"embeddable":true,"href":"https:\/\/www.edm-tec.org\/en\/wp-json\/wp\/v2\/media\/26140"}],"wp:attachment":[{"href":"https:\/\/www.edm-tec.org\/en\/wp-json\/wp\/v2\/media?parent=26139"}],"wp:term":[{"taxonomy":"product_cat","embeddable":true,"href":"https:\/\/www.edm-tec.org\/en\/wp-json\/wp\/v2\/product_cat?post=26139"},{"taxonomy":"product_tag","embeddable":true,"href":"https:\/\/www.edm-tec.org\/en\/wp-json\/wp\/v2\/product_tag?post=26139"}],"curies":[{"name":"wp","href":"https:\/\/api.w.org\/{rel}","templated":true}]}}