{"id":22998,"date":"2024-02-12T14:50:53","date_gmt":"2024-02-12T13:50:53","guid":{"rendered":"https:\/\/www.edm-tec.org\/?post_type=product&#038;p=22998"},"modified":"2024-02-12T14:54:57","modified_gmt":"2024-02-12T13:54:57","slug":"ventil-air-solenoid","status":"publish","type":"product","link":"https:\/\/www.edm-tec.org\/en\/produkte\/ventil-air-solenoid\/","title":{"rendered":"Valve Air Solenoid"},"content":{"rendered":"<p><\/p>\n<h3>Faltenbalg A290-8120-Y057<\/h3>\n<p>Das gro\u00dfe Verschlei\u00dfteileprogramm von EDM-TEC bietet alles an Zubeh\u00f6r f\u00fcr Ihre Erodiermaschinen. Egal ob Drahterosion und Senkerosion, wir halten st\u00e4ndig alle g\u00e4ngigen Artikel f\u00fcr alle Maschinentypen auf Lager: Agie, Brother, Charmilles, Fanuc, Hitachi, Japax, Makino, Mitsubishi, Seibu, Sodick, Washino usw.<\/p>\n<p>Testen Sie Faltenbalg A290-8120-Y057 von EDM-TEC! Unser hoher Qualit\u00e4tsanspruch kommt Ihnen dabei stets zugute.<\/p>\n<p><strong>Passend f\u00fcr:<\/strong> Fanuc 1iE\/C00iB<\/p>","protected":false},"excerpt":{"rendered":"<p>Entspricht: A290-8120-Y057<\/p>\n","protected":false},"featured_media":23000,"template":"","meta":[],"product_cat":[726,972,1022],"product_tag":[],"_links":{"self":[{"href":"https:\/\/www.edm-tec.org\/en\/wp-json\/wp\/v2\/product\/22998"}],"collection":[{"href":"https:\/\/www.edm-tec.org\/en\/wp-json\/wp\/v2\/product"}],"about":[{"href":"https:\/\/www.edm-tec.org\/en\/wp-json\/wp\/v2\/types\/product"}],"wp:featuredmedia":[{"embeddable":true,"href":"https:\/\/www.edm-tec.org\/en\/wp-json\/wp\/v2\/media\/23000"}],"wp:attachment":[{"href":"https:\/\/www.edm-tec.org\/en\/wp-json\/wp\/v2\/media?parent=22998"}],"wp:term":[{"taxonomy":"product_cat","embeddable":true,"href":"https:\/\/www.edm-tec.org\/en\/wp-json\/wp\/v2\/product_cat?post=22998"},{"taxonomy":"product_tag","embeddable":true,"href":"https:\/\/www.edm-tec.org\/en\/wp-json\/wp\/v2\/product_tag?post=22998"}],"curies":[{"name":"wp","href":"https:\/\/api.w.org\/{rel}","templated":true}]}}