{"id":22631,"date":"2023-12-11T10:07:14","date_gmt":"2023-12-11T09:07:14","guid":{"rendered":"https:\/\/www.edm-tec.org\/produkte\/batterie-er-6v-3-6-v\/"},"modified":"2023-12-11T10:23:34","modified_gmt":"2023-12-11T09:23:34","slug":"batterie-er-6v-3-6-v","status":"publish","type":"product","link":"https:\/\/www.edm-tec.org\/en\/produkte\/batterie-er-6v-3-6-v\/","title":{"rendered":"Batterie ER 6V \/ 3.6 V"},"content":{"rendered":"<h3>Batterie ER 6V \/ 3.6 V, P280 A054 P00<\/h3>\n<p>Das gro\u00dfe Verschlei\u00dfteileprogramm von EDM-TEC bietet alles an Zubeh\u00f6r f\u00fcr Ihre Erodiermaschinen. Egal ob Drahterosion und Senkerosion, wir halten st\u00e4ndig alle g\u00e4ngigen Artikel f\u00fcr alle Maschinentypen auf Lager: Agie, Brother, Charmilles, Fanuc, Hitachi, Japax, Makino, Mitsubishi, Seibu, Sodick, Washino usw.<\/p>\n<p>Testen Sie die Batterie ER 6V \/ 3.6 V, P280 A054 P00 von EDM-TEC! Unser hoher Qualit\u00e4tsanspruch kommt Ihnen dabei stets zugute.<\/p>\n<p><strong>Passsend f\u00fcr:<\/strong> Mitsubishi<\/p>\n","protected":false},"excerpt":{"rendered":"<p>Entspricht: P280 A054 P00<\/p>\n","protected":false},"featured_media":22632,"template":"","meta":[],"product_cat":[726,976,1046],"product_tag":[439],"_links":{"self":[{"href":"https:\/\/www.edm-tec.org\/en\/wp-json\/wp\/v2\/product\/22631"}],"collection":[{"href":"https:\/\/www.edm-tec.org\/en\/wp-json\/wp\/v2\/product"}],"about":[{"href":"https:\/\/www.edm-tec.org\/en\/wp-json\/wp\/v2\/types\/product"}],"wp:featuredmedia":[{"embeddable":true,"href":"https:\/\/www.edm-tec.org\/en\/wp-json\/wp\/v2\/media\/22632"}],"wp:attachment":[{"href":"https:\/\/www.edm-tec.org\/en\/wp-json\/wp\/v2\/media?parent=22631"}],"wp:term":[{"taxonomy":"product_cat","embeddable":true,"href":"https:\/\/www.edm-tec.org\/en\/wp-json\/wp\/v2\/product_cat?post=22631"},{"taxonomy":"product_tag","embeddable":true,"href":"https:\/\/www.edm-tec.org\/en\/wp-json\/wp\/v2\/product_tag?post=22631"}],"curies":[{"name":"wp","href":"https:\/\/api.w.org\/{rel}","templated":true}]}}