{"id":22627,"date":"2023-12-11T09:49:27","date_gmt":"2023-12-11T08:49:27","guid":{"rendered":"https:\/\/www.edm-tec.org\/produkte\/untere-elektrode-12x12x5-mm\/"},"modified":"2023-12-11T10:23:32","modified_gmt":"2023-12-11T09:23:32","slug":"untere-elektrode-12x12x5-mm","status":"publish","type":"product","link":"https:\/\/www.edm-tec.org\/en\/produkte\/untere-elektrode-12x12x5-mm\/","title":{"rendered":"Untere Elektrode 12x12x5 mm"},"content":{"rendered":"<h3>Untere Elektrode 12x12x5 mm, 3110034<\/h3>\n<p>Das gro\u00dfe Verschlei\u00dfteileprogramm von EDM-TEC bietet alles an Zubeh\u00f6r f\u00fcr Ihre Erodiermaschinen. Egal ob Drahterosion und Senkerosion, wir halten st\u00e4ndig alle g\u00e4ngigen Artikel f\u00fcr alle Maschinentypen auf Lager: Agie, Brother, Charmilles, Fanuc, Hitachi, Japax, Makino, Mitsubishi, Seibu, Sodick, Washino usw.<\/p>\n<p>Testen Sie Untere Elektrode 12x12x5 mm, 3110034 von EDM-TEC! Unser hoher Qualit\u00e4tsanspruch kommt Ihnen dabei stets zugute.<\/p>\n<ul>\n<li><strong>Passend f\u00fcr:<\/strong> Sodick AP\/AQ\/AG\/AL\/SL\/ALC\/ALN<\/li>\n<\/ul>\n","protected":false},"excerpt":{"rendered":"<p>Entspricht: 3110034<\/p>\n","protected":false},"featured_media":22628,"template":"","meta":[],"product_cat":[78,979,1064],"product_tag":[],"_links":{"self":[{"href":"https:\/\/www.edm-tec.org\/en\/wp-json\/wp\/v2\/product\/22627"}],"collection":[{"href":"https:\/\/www.edm-tec.org\/en\/wp-json\/wp\/v2\/product"}],"about":[{"href":"https:\/\/www.edm-tec.org\/en\/wp-json\/wp\/v2\/types\/product"}],"wp:featuredmedia":[{"embeddable":true,"href":"https:\/\/www.edm-tec.org\/en\/wp-json\/wp\/v2\/media\/22628"}],"wp:attachment":[{"href":"https:\/\/www.edm-tec.org\/en\/wp-json\/wp\/v2\/media?parent=22627"}],"wp:term":[{"taxonomy":"product_cat","embeddable":true,"href":"https:\/\/www.edm-tec.org\/en\/wp-json\/wp\/v2\/product_cat?post=22627"},{"taxonomy":"product_tag","embeddable":true,"href":"https:\/\/www.edm-tec.org\/en\/wp-json\/wp\/v2\/product_tag?post=22627"}],"curies":[{"name":"wp","href":"https:\/\/api.w.org\/{rel}","templated":true}]}}