{"id":22618,"date":"2023-12-11T08:55:15","date_gmt":"2023-12-11T07:55:15","guid":{"rendered":"https:\/\/www.edm-tec.org\/produkte\/leitwertsensor\/"},"modified":"2023-12-11T10:23:28","modified_gmt":"2023-12-11T09:23:28","slug":"leitwertsensor","status":"publish","type":"product","link":"https:\/\/www.edm-tec.org\/en\/produkte\/leitwertsensor\/","title":{"rendered":"Leitwertsensor"},"content":{"rendered":"<h3>Leitwertsensor, 135014892<\/h3>\n<h4>Wir versorgen Sie mit Ersatzteilen in h\u00f6chster Qualit\u00e4t f\u00fcr die Drahterosion, Senkerosion und das funkenerosive Bohren.<\/h4>\n<ul>\n<li>P<strong>assend f\u00fcr:<\/strong> Charmilles Robofil<\/li>\n<\/ul>\n<p>Bestellen Sie Leitwertsensor, 135014892 bei EDM-TEC GmbH<\/p>\n","protected":false},"excerpt":{"rendered":"<div class=\"woocommerce-product-details__short-description\">\n<p>Entspricht: 135014892<\/p>\n<\/div>\n","protected":false},"featured_media":22619,"template":"","meta":[],"product_cat":[78,968,1003],"product_tag":[],"_links":{"self":[{"href":"https:\/\/www.edm-tec.org\/en\/wp-json\/wp\/v2\/product\/22618"}],"collection":[{"href":"https:\/\/www.edm-tec.org\/en\/wp-json\/wp\/v2\/product"}],"about":[{"href":"https:\/\/www.edm-tec.org\/en\/wp-json\/wp\/v2\/types\/product"}],"wp:featuredmedia":[{"embeddable":true,"href":"https:\/\/www.edm-tec.org\/en\/wp-json\/wp\/v2\/media\/22619"}],"wp:attachment":[{"href":"https:\/\/www.edm-tec.org\/en\/wp-json\/wp\/v2\/media?parent=22618"}],"wp:term":[{"taxonomy":"product_cat","embeddable":true,"href":"https:\/\/www.edm-tec.org\/en\/wp-json\/wp\/v2\/product_cat?post=22618"},{"taxonomy":"product_tag","embeddable":true,"href":"https:\/\/www.edm-tec.org\/en\/wp-json\/wp\/v2\/product_tag?post=22618"}],"curies":[{"name":"wp","href":"https:\/\/api.w.org\/{rel}","templated":true}]}}