{"id":9916,"date":"2018-07-10T09:18:25","date_gmt":"2018-07-10T07:18:25","guid":{"rendered":"https:\/\/www.edm-tec.org\/?post_type=product&#038;p=9916"},"modified":"2023-07-18T12:17:52","modified_gmt":"2023-07-18T10:17:52","slug":"diamantfuehrung-unten-2","status":"publish","type":"product","link":"https:\/\/www.edm-tec.org\/de\/produkte\/diamantfuehrung-unten-2\/","title":{"rendered":"Diamantf\u00fchrung unten"},"content":{"rendered":"<p>Das gro\u00dfe Verschlei\u00dfteileprogramm von EDM-TEC bietet alles an Zubeh\u00f6r f\u00fcr Ihre Erodiermaschinen. Egal ob Drahterosion und Senkerosion, wir halten st\u00e4ndig alle g\u00e4ngigen Artikel f\u00fcr alle Maschinentypen auf Lager: Agie, Brother, Charmilles, Fanuc, Hitachi, Japax, Makino, Mitsubishi, Seibu, Sodick, Washino usw.<\/p>\n<p>Testen Sie Verschlei\u00dfteile von EDM-TEC! Unser hoher Qualit\u00e4tsanspruch kommt Ihnen dabei stets zugute.<\/p>\n<p><strong>Passend f\u00fcr:<\/strong> Hitachi Hi-Cut 203\/304\/345\/460\/Q-Serie\/man.<\/p>\n<p><strong>Verf\u00fcgbare Durchmesser:<\/strong><\/p>\n<ul>\n<li>0,105mm<\/li>\n<li>0,155mm<\/li>\n<li>0,205mm<\/li>\n<li>0,255mm<\/li>\n<li>0,305mm<\/li>\n<\/ul>\n<p><\/p>","protected":false},"excerpt":{"rendered":"<p>Auf Anfrage<\/p>\n","protected":false},"featured_media":19747,"template":"","meta":[],"product_cat":[726,973,1032],"product_tag":[439],"_links":{"self":[{"href":"https:\/\/www.edm-tec.org\/de\/wp-json\/wp\/v2\/product\/9916"}],"collection":[{"href":"https:\/\/www.edm-tec.org\/de\/wp-json\/wp\/v2\/product"}],"about":[{"href":"https:\/\/www.edm-tec.org\/de\/wp-json\/wp\/v2\/types\/product"}],"wp:featuredmedia":[{"embeddable":true,"href":"https:\/\/www.edm-tec.org\/de\/wp-json\/wp\/v2\/media\/19747"}],"wp:attachment":[{"href":"https:\/\/www.edm-tec.org\/de\/wp-json\/wp\/v2\/media?parent=9916"}],"wp:term":[{"taxonomy":"product_cat","embeddable":true,"href":"https:\/\/www.edm-tec.org\/de\/wp-json\/wp\/v2\/product_cat?post=9916"},{"taxonomy":"product_tag","embeddable":true,"href":"https:\/\/www.edm-tec.org\/de\/wp-json\/wp\/v2\/product_tag?post=9916"}],"curies":[{"name":"wp","href":"https:\/\/api.w.org\/{rel}","templated":true}]}}