{"id":9771,"date":"2018-07-09T09:55:59","date_gmt":"2018-07-09T07:55:59","guid":{"rendered":"https:\/\/www.edm-tec.org\/?post_type=product&#038;p=9771"},"modified":"2018-07-09T09:57:01","modified_gmt":"2018-07-09T07:57:01","slug":"spiralschnur-fuer-elektrodenkabel","status":"publish","type":"product","link":"https:\/\/www.edm-tec.org\/de\/produkte\/spiralschnur-fuer-elektrodenkabel\/","title":{"rendered":"Spiralschnur f\u00fcr Elektrodenkabel"},"content":{"rendered":"<p>Das gro\u00dfe Verschlei\u00dfteileprogramm von EDM-TEC bietet alles an Zubeh\u00f6r f\u00fcr Ihre Erodiermaschinen. Egal ob Drahterosion und Senkerosion, wir halten st\u00e4ndig alle g\u00e4ngigen Artikel f\u00fcr alle Maschinentypen auf Lager: Agie, Brother, Charmilles, Fanuc, Hitachi, Japax, Makino, Mitsubishi, Seibu, Sodick, Washino usw.<\/p>\n<p>Testen Sie Verschlei\u00dfteile von EDM-TEC! Unser hoher Qualit\u00e4tsanspruch kommt Ihnen dabei stets zugute.<\/p>\n<p><strong>Passend f\u00fcr: <\/strong>AGIE AC 200<\/p>","protected":false},"excerpt":{"rendered":"<p>Auf Anfrage<\/p>\n","protected":false},"featured_media":0,"template":"","meta":[],"product_cat":[726,964],"product_tag":[439],"_links":{"self":[{"href":"https:\/\/www.edm-tec.org\/de\/wp-json\/wp\/v2\/product\/9771"}],"collection":[{"href":"https:\/\/www.edm-tec.org\/de\/wp-json\/wp\/v2\/product"}],"about":[{"href":"https:\/\/www.edm-tec.org\/de\/wp-json\/wp\/v2\/types\/product"}],"wp:attachment":[{"href":"https:\/\/www.edm-tec.org\/de\/wp-json\/wp\/v2\/media?parent=9771"}],"wp:term":[{"taxonomy":"product_cat","embeddable":true,"href":"https:\/\/www.edm-tec.org\/de\/wp-json\/wp\/v2\/product_cat?post=9771"},{"taxonomy":"product_tag","embeddable":true,"href":"https:\/\/www.edm-tec.org\/de\/wp-json\/wp\/v2\/product_tag?post=9771"}],"curies":[{"name":"wp","href":"https:\/\/api.w.org\/{rel}","templated":true}]}}