{"id":9660,"date":"2018-07-06T13:15:26","date_gmt":"2018-07-06T11:15:26","guid":{"rendered":"https:\/\/www.edm-tec.org\/?post_type=product&#038;p=9660"},"modified":"2024-02-05T09:10:01","modified_gmt":"2024-02-05T08:10:01","slug":"drahtfuehrung-oben-komplett-2","status":"publish","type":"product","link":"https:\/\/www.edm-tec.org\/de\/produkte\/drahtfuehrung-oben-komplett-2\/","title":{"rendered":"Drahtf\u00fchrung oben, komplett"},"content":{"rendered":"<p>Das gro\u00dfe Verschlei\u00dfteileprogramm von EDM-TEC bietet alles an Zubeh\u00f6r f\u00fcr Ihre Erodiermaschinen. Egal ob Drahterosion und Senkerosion, wir halten st\u00e4ndig alle g\u00e4ngigen Artikel f\u00fcr alle Maschinentypen auf Lager: Agie, Brother, Charmilles, Fanuc, Hitachi, Japax, Makino, Mitsubishi, Seibu, Sodick, Washino usw.<\/p>\n<p>Testen Sie Verschlei\u00dfteile von EDM-TEC! Unser hoher Qualit\u00e4tsanspruch kommt Ihnen dabei stets zugute<\/p>\n<p><strong>Passend f\u00fcr:\u00a0<\/strong>AGIE Sprint, Classic, Evolution, Challenge, Excellence, Progress, Vertex, Cut x000<\/p>","protected":false},"excerpt":{"rendered":"<p>Entspricht: 417.984<\/p>\n","protected":false},"featured_media":14337,"template":"","meta":[],"product_cat":[726,958,960],"product_tag":[],"_links":{"self":[{"href":"https:\/\/www.edm-tec.org\/de\/wp-json\/wp\/v2\/product\/9660"}],"collection":[{"href":"https:\/\/www.edm-tec.org\/de\/wp-json\/wp\/v2\/product"}],"about":[{"href":"https:\/\/www.edm-tec.org\/de\/wp-json\/wp\/v2\/types\/product"}],"wp:featuredmedia":[{"embeddable":true,"href":"https:\/\/www.edm-tec.org\/de\/wp-json\/wp\/v2\/media\/14337"}],"wp:attachment":[{"href":"https:\/\/www.edm-tec.org\/de\/wp-json\/wp\/v2\/media?parent=9660"}],"wp:term":[{"taxonomy":"product_cat","embeddable":true,"href":"https:\/\/www.edm-tec.org\/de\/wp-json\/wp\/v2\/product_cat?post=9660"},{"taxonomy":"product_tag","embeddable":true,"href":"https:\/\/www.edm-tec.org\/de\/wp-json\/wp\/v2\/product_tag?post=9660"}],"curies":[{"name":"wp","href":"https:\/\/api.w.org\/{rel}","templated":true}]}}