{"id":9610,"date":"2018-07-06T09:40:09","date_gmt":"2018-07-06T07:40:09","guid":{"rendered":"https:\/\/www.edm-tec.org\/?post_type=product&#038;p=9610"},"modified":"2025-05-23T10:46:59","modified_gmt":"2025-05-23T08:46:59","slug":"kohlebuersten-set-175-mm","status":"publish","type":"product","link":"https:\/\/www.edm-tec.org\/de\/produkte\/kohlebuersten-set-175-mm\/","title":{"rendered":"Kohleb\u00fcrste f\u00fcr BBC Motoren 3,9&#215;6,9&#215;15,0 mm"},"content":{"rendered":"<p>Das gro\u00dfe Verschlei\u00dfteileprogramm von EDM-TEC bietet alles an Zubeh\u00f6r f\u00fcr Ihre Erodiermaschinen. Egal ob Drahterosion und Senkerosion, wir halten st\u00e4ndig alle g\u00e4ngigen Artikel f\u00fcr alle Maschinentypen auf Lager: Agie, Brother, Charmilles, Fanuc, Hitachi, Japax, Makino, Mitsubishi, Seibu, Sodick, Washino usw.<\/p>\n<p>Testen Sie Verschlei\u00dfteile von EDM-TEC! Unser hoher Qualit\u00e4tsanspruch kommt Ihnen dabei stets zugute.<\/p>\n<p><strong>Passend f\u00fcr:<\/strong> Charmilles Robofil<\/p>","protected":false},"excerpt":{"rendered":"<p>Auf Anfrage<\/p>\n<p>Entspricht 200445439<\/p>\n","protected":false},"featured_media":27710,"template":"","meta":[],"product_cat":[726,968,1003],"product_tag":[439],"_links":{"self":[{"href":"https:\/\/www.edm-tec.org\/de\/wp-json\/wp\/v2\/product\/9610"}],"collection":[{"href":"https:\/\/www.edm-tec.org\/de\/wp-json\/wp\/v2\/product"}],"about":[{"href":"https:\/\/www.edm-tec.org\/de\/wp-json\/wp\/v2\/types\/product"}],"wp:featuredmedia":[{"embeddable":true,"href":"https:\/\/www.edm-tec.org\/de\/wp-json\/wp\/v2\/media\/27710"}],"wp:attachment":[{"href":"https:\/\/www.edm-tec.org\/de\/wp-json\/wp\/v2\/media?parent=9610"}],"wp:term":[{"taxonomy":"product_cat","embeddable":true,"href":"https:\/\/www.edm-tec.org\/de\/wp-json\/wp\/v2\/product_cat?post=9610"},{"taxonomy":"product_tag","embeddable":true,"href":"https:\/\/www.edm-tec.org\/de\/wp-json\/wp\/v2\/product_tag?post=9610"}],"curies":[{"name":"wp","href":"https:\/\/api.w.org\/{rel}","templated":true}]}}