{"id":9485,"date":"2018-07-05T10:58:13","date_gmt":"2018-07-05T08:58:13","guid":{"rendered":"https:\/\/www.edm-tec.org\/?post_type=product&#038;p=9485"},"modified":"2018-07-05T10:59:54","modified_gmt":"2018-07-05T08:59:54","slug":"massekabel-650-mm-unten","status":"publish","type":"product","link":"https:\/\/www.edm-tec.org\/de\/produkte\/massekabel-650-mm-unten\/","title":{"rendered":"Massekabel 650 mm, unten"},"content":{"rendered":"<p>Das gro\u00dfe Verschlei\u00dfteileprogramm von EDM-TEC bietet alles an Zubeh\u00f6r f\u00fcr Ihre Erodiermaschinen. Egal ob Drahterosion und Senkerosion, wir halten st\u00e4ndig alle g\u00e4ngigen Artikel f\u00fcr alle Maschinentypen auf Lager: Agie, Brother, Charmilles, Fanuc, Hitachi, Japax, Makino, Mitsubishi, Seibu, Sodick, Washino usw.<\/p>\n<p>Testen Sie Verschlei\u00dfteile von EDM-TEC! Unser hoher Qualit\u00e4tsanspruch kommt Ihnen dabei stets zugute.<\/p>\n<p><strong>Passend f\u00fcr:<\/strong> Charmilles Robofil 2050<\/p>","protected":false},"excerpt":{"rendered":"<p>Auf Anfrage<\/p>\n","protected":false},"featured_media":9486,"template":"","meta":[],"product_cat":[726,968,1003],"product_tag":[439],"_links":{"self":[{"href":"https:\/\/www.edm-tec.org\/de\/wp-json\/wp\/v2\/product\/9485"}],"collection":[{"href":"https:\/\/www.edm-tec.org\/de\/wp-json\/wp\/v2\/product"}],"about":[{"href":"https:\/\/www.edm-tec.org\/de\/wp-json\/wp\/v2\/types\/product"}],"wp:featuredmedia":[{"embeddable":true,"href":"https:\/\/www.edm-tec.org\/de\/wp-json\/wp\/v2\/media\/9486"}],"wp:attachment":[{"href":"https:\/\/www.edm-tec.org\/de\/wp-json\/wp\/v2\/media?parent=9485"}],"wp:term":[{"taxonomy":"product_cat","embeddable":true,"href":"https:\/\/www.edm-tec.org\/de\/wp-json\/wp\/v2\/product_cat?post=9485"},{"taxonomy":"product_tag","embeddable":true,"href":"https:\/\/www.edm-tec.org\/de\/wp-json\/wp\/v2\/product_tag?post=9485"}],"curies":[{"name":"wp","href":"https:\/\/api.w.org\/{rel}","templated":true}]}}