{"id":9347,"date":"2023-11-20T08:41:56","date_gmt":"2023-11-20T07:41:56","guid":{"rendered":"https:\/\/www.edm-tec.org\/?post_type=product&#038;p=9347"},"modified":"2023-11-20T09:18:55","modified_gmt":"2023-11-20T08:18:55","slug":"kontakthalter-oben-messing","status":"publish","type":"product","link":"https:\/\/www.edm-tec.org\/de\/produkte\/kontakthalter-oben-messing\/","title":{"rendered":"Kontakthalter oben, Messing"},"content":{"rendered":"<p><\/p>\n<h3>Kontakthalter oben, Messing 135016089<\/h3>\n<p>Das gro\u00dfe Verschlei\u00dfteileprogramm von EDM-TEC bietet alles an Zubeh\u00f6r f\u00fcr Ihre Erodiermaschinen. Egal ob Drahterosion und Senkerosion, wir halten st\u00e4ndig alle g\u00e4ngigen Artikel f\u00fcr alle Maschinentypen auf Lager: Agie, Brother, Charmilles, Fanuc, Hitachi, Japax, Makino, Mitsubishi, Seibu, Sodick, Washino usw.<\/p>\n<p>Testen Sie Kontakthalter oben, Messing 135016089 von EDM-TEC! Unser hoher Qualit\u00e4tsanspruch kommt Ihnen dabei stets zugute.<\/p>\n<p><strong>Passend f\u00fcr:<\/strong> Charmilles Robofil, Cut<\/p>","protected":false},"excerpt":{"rendered":"<p>Auf Anfrage<\/p>\n<p>Entspricht: 135016089<\/p>\n","protected":false},"featured_media":20007,"template":"","meta":[],"product_cat":[726,968,1231],"product_tag":[439,1120],"_links":{"self":[{"href":"https:\/\/www.edm-tec.org\/de\/wp-json\/wp\/v2\/product\/9347"}],"collection":[{"href":"https:\/\/www.edm-tec.org\/de\/wp-json\/wp\/v2\/product"}],"about":[{"href":"https:\/\/www.edm-tec.org\/de\/wp-json\/wp\/v2\/types\/product"}],"wp:featuredmedia":[{"embeddable":true,"href":"https:\/\/www.edm-tec.org\/de\/wp-json\/wp\/v2\/media\/20007"}],"wp:attachment":[{"href":"https:\/\/www.edm-tec.org\/de\/wp-json\/wp\/v2\/media?parent=9347"}],"wp:term":[{"taxonomy":"product_cat","embeddable":true,"href":"https:\/\/www.edm-tec.org\/de\/wp-json\/wp\/v2\/product_cat?post=9347"},{"taxonomy":"product_tag","embeddable":true,"href":"https:\/\/www.edm-tec.org\/de\/wp-json\/wp\/v2\/product_tag?post=9347"}],"curies":[{"name":"wp","href":"https:\/\/api.w.org\/{rel}","templated":true}]}}