{"id":9189,"date":"2020-02-04T10:36:22","date_gmt":"2020-02-04T09:36:22","guid":{"rendered":"https:\/\/www.edm-tec.org\/?post_type=product&#038;p=9189"},"modified":"2021-09-03T09:14:35","modified_gmt":"2021-09-03T07:14:35","slug":"tischtaster-mit-hartmetallkugel","status":"publish","type":"product","link":"https:\/\/www.edm-tec.org\/de\/produkte\/tischtaster-mit-hartmetallkugel\/","title":{"rendered":"Tischtaster mit Hartmetallkugel"},"content":{"rendered":"<p>Das gro\u00dfe Verschlei\u00dfteileprogramm von EDM-TEC bietet alles an Zubeh\u00f6r f\u00fcr Ihre Erodiermaschinen. Egal ob Drahterosion und Senkerosion, wir halten st\u00e4ndig alle g\u00e4ngigen Artikel f\u00fcr alle Maschinentypen auf Lager: Agie, Brother, Charmilles, Fanuc, Hitachi, Japax, Makino, Mitsubishi, Seibu, Sodick, Washino usw.<\/p>\n<p>Testen Sie Verschlei\u00dfteile von EDM-TEC! Unser hoher Qualit\u00e4tsanspruch kommt Ihnen dabei stets zugute.<\/p>\n<p><strong>Mit Magnetfu\u00df<\/strong><\/p>\n<ul>\n<li><strong>Gr\u00f6\u00dfe:<\/strong>\n<ul>\n<li>1 mm<\/li>\n<li>2 mm<\/li>\n<li>3 mm<\/li>\n<li>4 mm<\/li>\n<li>5 mm<\/li>\n<\/ul>\n<\/li>\n<\/ul>\n<p><\/p>","protected":false},"excerpt":{"rendered":"<p>Auf Anfrage<\/p>\n<p>Erh\u00e4ltlich in Gr\u00f6\u00dfe 1mm, 2mm, 3mm, 4mm oder 5mm<\/p>\n","protected":false},"featured_media":9196,"template":"","meta":[],"product_cat":[76],"product_tag":[1086],"_links":{"self":[{"href":"https:\/\/www.edm-tec.org\/de\/wp-json\/wp\/v2\/product\/9189"}],"collection":[{"href":"https:\/\/www.edm-tec.org\/de\/wp-json\/wp\/v2\/product"}],"about":[{"href":"https:\/\/www.edm-tec.org\/de\/wp-json\/wp\/v2\/types\/product"}],"wp:featuredmedia":[{"embeddable":true,"href":"https:\/\/www.edm-tec.org\/de\/wp-json\/wp\/v2\/media\/9196"}],"wp:attachment":[{"href":"https:\/\/www.edm-tec.org\/de\/wp-json\/wp\/v2\/media?parent=9189"}],"wp:term":[{"taxonomy":"product_cat","embeddable":true,"href":"https:\/\/www.edm-tec.org\/de\/wp-json\/wp\/v2\/product_cat?post=9189"},{"taxonomy":"product_tag","embeddable":true,"href":"https:\/\/www.edm-tec.org\/de\/wp-json\/wp\/v2\/product_tag?post=9189"}],"curies":[{"name":"wp","href":"https:\/\/api.w.org\/{rel}","templated":true}]}}