{"id":8958,"date":"2018-06-27T15:56:27","date_gmt":"2018-06-27T13:56:27","guid":{"rendered":"https:\/\/www.edm-tec.org\/?post_type=product&#038;p=8958"},"modified":"2023-05-23T10:52:33","modified_gmt":"2023-05-23T08:52:33","slug":"fuehrungsroller-80-17x25-mm","status":"publish","type":"product","link":"https:\/\/www.edm-tec.org\/de\/produkte\/fuehrungsroller-80-17x25-mm\/","title":{"rendered":"F\u00fchrungsroller 80\/17&#215;25 mm"},"content":{"rendered":"<p>Das gro\u00dfe Verschlei\u00dfteileprogramm von EDM-TEC bietet alles an Zubeh\u00f6r f\u00fcr Ihre Erodiermaschinen. Egal ob Drahterosion und Senkerosion, wir halten st\u00e4ndig alle g\u00e4ngigen Artikel f\u00fcr alle Maschinentypen auf Lager: Agie, Brother, Charmilles, Fanuc, Hitachi, Japax, Makino, Mitsubishi, Seibu, Sodick, Washino usw.<\/p>\n<p>Testen Sie Verschlei\u00dfteile von EDM-TEC! Unser hoher Qualit\u00e4tsanspruch kommt Ihnen dabei stets zugute.<\/p>\n<p><strong>Passend f\u00fcr:<\/strong> Fanuc alpha iA\/iB\/iC<\/p>","protected":false},"excerpt":{"rendered":"<p>Entspricht: A290-8112-X383<\/p>\n<p>Auf Anfrage<\/p>\n","protected":false},"featured_media":8959,"template":"","meta":[],"product_cat":[726,972,1025,792],"product_tag":[439],"_links":{"self":[{"href":"https:\/\/www.edm-tec.org\/de\/wp-json\/wp\/v2\/product\/8958"}],"collection":[{"href":"https:\/\/www.edm-tec.org\/de\/wp-json\/wp\/v2\/product"}],"about":[{"href":"https:\/\/www.edm-tec.org\/de\/wp-json\/wp\/v2\/types\/product"}],"wp:featuredmedia":[{"embeddable":true,"href":"https:\/\/www.edm-tec.org\/de\/wp-json\/wp\/v2\/media\/8959"}],"wp:attachment":[{"href":"https:\/\/www.edm-tec.org\/de\/wp-json\/wp\/v2\/media?parent=8958"}],"wp:term":[{"taxonomy":"product_cat","embeddable":true,"href":"https:\/\/www.edm-tec.org\/de\/wp-json\/wp\/v2\/product_cat?post=8958"},{"taxonomy":"product_tag","embeddable":true,"href":"https:\/\/www.edm-tec.org\/de\/wp-json\/wp\/v2\/product_tag?post=8958"}],"curies":[{"name":"wp","href":"https:\/\/api.w.org\/{rel}","templated":true}]}}