{"id":894,"date":"2018-03-29T07:51:49","date_gmt":"2018-03-29T05:51:49","guid":{"rendered":"https:\/\/www.edm-tec.org\/?post_type=product&#038;p=894"},"modified":"2019-04-12T14:15:45","modified_gmt":"2019-04-12T12:15:45","slug":"daco-cut-500","status":"publish","type":"product","link":"https:\/\/www.edm-tec.org\/de\/produkte\/daco-cut-500\/","title":{"rendered":"Daco-Cut 500 N"},"content":{"rendered":"<p><\/p>\n<h4>Messing-Drahtelektroden mit 500 N\/mm\u00b2<\/h4>\n<p><b>Unsere Messing-Drahtelektroden mit 500 N werden nach dem h\u00f6chsten Qualit\u00e4tsstandard in Deutschland gefertigt.<\/b><\/p>\n<p>Dies garantiert einen wiederholbaren und zuverl\u00e4ssigen maschinellen EDM-Prozess. Sie werden auf den modernsten Drahtziehmaschinen gefertigt und unterliegen strengen Qualit\u00e4tskontrollen.<br \/>\nWir empfehlen diesen Elektrodentyp speziell f\u00fcr japanische EDM Maschinen.<\/p>\n<p>Legierung: CuZn37<\/p>\n<p>Unsere blanken Messingdr\u00e4hte haben alle wichtigen Eigenschaften f\u00fcr ungest\u00f6rte Maschineneins\u00e4tze:<\/p>\n<ul>\n<li>saubere Oberfl\u00e4che<\/li>\n<li>paraffinfrei<\/li>\n<li>gerichtet<\/li>\n<li>engste Toleranzen<\/li>\n<li>gleichm\u00e4\u00dfige Wicklung<\/li>\n<li>h\u00f6chstes Einf\u00e4delsicherheit<\/li>\n<\/ul>\n<p>Die verf\u00fcgbaren Durchmesser, Zugfestigkeiten und Spulengr\u00f6\u00dfen entnehmen Sie nachfolgender Tabelle.<\/p>\n<table width=\"685\" cellspacing=\"0\" cellpadding=\"0\" align=\"center\">\n<tbody>\n<tr align=\"center\" valign=\"middle\">\n<td colspan=\"5\" bgcolor=\"#e8a860\" width=\"633\">MS Blankdraht Daco-Cut 500<\/td>\n<\/tr>\n<tr bgcolor=\"#CCCCCC\">\n<td align=\"center\" valign=\"middle\">Durchmesser<br \/>\nDiameter<\/td>\n<td align=\"center\" valign=\"middle\">Zugfestigkeit<br \/>\nTensile Strength<\/td>\n<td align=\"center\" valign=\"middle\">Spulentyp<br \/>\nSpool type<\/td>\n<td align=\"center\" valign=\"middle\">Gewicht\/Spule<br \/>\nWeight\/Spool<\/td>\n<td align=\"center\" valign=\"middle\">Spulen\/Karton<br \/>\nSpools\/Package<\/td>\n<\/tr>\n<tr id=\"trennlinie\" bgcolor=\"#CCCCCC\">\n<td align=\"center\" valign=\"middle\">( mm )<\/td>\n<td align=\"center\" valign=\"middle\">( N\/mm\u00b2 )<\/td>\n<td align=\"center\" valign=\"middle\"><\/td>\n<td align=\"center\" valign=\"middle\">( kg )<\/td>\n<td align=\"center\" valign=\"middle\"><\/td>\n<\/tr>\n<tr>\n<td align=\"center\" valign=\"middle\"><\/td>\n<td align=\"center\" valign=\"middle\"><\/td>\n<td align=\"center\" valign=\"middle\"><\/td>\n<td align=\"center\" valign=\"middle\"><\/td>\n<td align=\"center\" valign=\"middle\"><\/td>\n<\/tr>\n<tr>\n<td id=\"trennlinie\" rowspan=\"4\" align=\"center\" valign=\"middle\">0,15<\/td>\n<td id=\"trennlinie\" rowspan=\"4\" align=\"center\" valign=\"middle\">500 N<\/td>\n<\/tr>\n<tr>\n<td align=\"center\" valign=\"middle\">K-125<\/td>\n<td align=\"center\" valign=\"middle\">3,5<\/td>\n<td align=\"center\" valign=\"middle\">4<\/td>\n<\/tr>\n<tr>\n<td align=\"center\" valign=\"middle\">K-160<\/td>\n<td align=\"center\" valign=\"middle\">7,0<\/td>\n<td align=\"center\" valign=\"middle\">2<\/td>\n<\/tr>\n<tr>\n<td align=\"center\" valign=\"middle\">P-5<\/td>\n<td align=\"center\" valign=\"middle\">5,0<\/td>\n<td align=\"center\" valign=\"middle\">2<\/td>\n<\/tr>\n<tr>\n<td align=\"center\" valign=\"middle\"><\/td>\n<td align=\"center\" valign=\"middle\"><\/td>\n<td align=\"center\" valign=\"middle\"><\/td>\n<td align=\"center\" valign=\"middle\"><\/td>\n<td align=\"center\" valign=\"middle\"><\/td>\n<\/tr>\n<tr>\n<td id=\"trennlinie\" rowspan=\"5\" align=\"center\" valign=\"middle\">0,20<\/td>\n<td id=\"trennlinie\" rowspan=\"5\" align=\"center\" valign=\"middle\">500 N<\/td>\n<\/tr>\n<tr>\n<td align=\"center\" valign=\"middle\">K-125<\/td>\n<td align=\"center\" valign=\"middle\">3,5<\/td>\n<td align=\"center\" valign=\"middle\">4<\/td>\n<\/tr>\n<tr>\n<td align=\"center\" valign=\"middle\">K-160<\/td>\n<td align=\"center\" valign=\"middle\">7,0<\/td>\n<td align=\"center\" valign=\"middle\">2<\/td>\n<\/tr>\n<tr>\n<td align=\"center\" valign=\"middle\">P-5<\/td>\n<td align=\"center\" valign=\"middle\">5,0<\/td>\n<td align=\"center\" valign=\"middle\">2<\/td>\n<\/tr>\n<tr>\n<td align=\"center\" valign=\"middle\">P-10<\/td>\n<td align=\"center\" valign=\"middle\">10,0<\/td>\n<td align=\"center\" valign=\"middle\">2<\/td>\n<\/tr>\n<tr>\n<td align=\"center\" valign=\"middle\"><\/td>\n<td align=\"center\" valign=\"middle\"><\/td>\n<td align=\"center\" valign=\"middle\"><\/td>\n<td align=\"center\" valign=\"middle\"><\/td>\n<td align=\"center\" valign=\"middle\"><\/td>\n<\/tr>\n<tr>\n<td id=\"trennlinie\" rowspan=\"9\" align=\"center\" valign=\"middle\">0,25<\/td>\n<td id=\"trennlinie\" rowspan=\"9\" align=\"center\" valign=\"middle\">500 N<\/td>\n<\/tr>\n<tr>\n<td align=\"center\" valign=\"middle\">K-125<\/td>\n<td align=\"center\" valign=\"middle\">3,5<\/td>\n<td align=\"center\" valign=\"middle\">4<\/td>\n<\/tr>\n<tr>\n<td align=\"center\" valign=\"middle\">K-160<\/td>\n<td align=\"center\" valign=\"middle\">7,0<\/td>\n<td align=\"center\" valign=\"middle\">2<\/td>\n<\/tr>\n<tr>\n<td align=\"center\" valign=\"middle\">K-200<\/td>\n<td align=\"center\" valign=\"middle\">16,0<\/td>\n<td align=\"center\" valign=\"middle\">1<\/td>\n<\/tr>\n<tr>\n<td align=\"center\" valign=\"middle\">K-250<\/td>\n<td align=\"center\" valign=\"middle\">25,0<\/td>\n<td align=\"center\" valign=\"middle\">1<\/td>\n<\/tr>\n<tr>\n<td align=\"center\" valign=\"middle\">K-355<\/td>\n<td align=\"center\" valign=\"middle\">45,0<\/td>\n<td align=\"center\" valign=\"middle\">1<\/td>\n<\/tr>\n<tr>\n<td align=\"center\" valign=\"middle\">P-5<\/td>\n<td align=\"center\" valign=\"middle\">5,0<\/td>\n<td align=\"center\" valign=\"middle\">2<\/td>\n<\/tr>\n<tr>\n<td align=\"center\" valign=\"middle\">P-10<\/td>\n<td align=\"center\" valign=\"middle\">10,0<\/td>\n<td align=\"center\" valign=\"middle\">2<\/td>\n<\/tr>\n<tr>\n<td align=\"center\" valign=\"middle\">P-15<\/td>\n<td align=\"center\" valign=\"middle\">20,0<\/td>\n<td align=\"center\" valign=\"middle\">1<\/td>\n<\/tr>\n<tr>\n<td align=\"center\" valign=\"middle\"><\/td>\n<td align=\"center\" valign=\"middle\"><\/td>\n<td align=\"center\" valign=\"middle\"><\/td>\n<td align=\"center\" valign=\"middle\"><\/td>\n<td align=\"center\" valign=\"middle\"><\/td>\n<\/tr>\n<tr>\n<td id=\"trennlinie\" rowspan=\"9\" align=\"center\" valign=\"middle\">0,30<\/td>\n<td id=\"trennlinie\" rowspan=\"9\" align=\"center\" valign=\"middle\">500 N<\/td>\n<\/tr>\n<tr>\n<td align=\"center\" valign=\"middle\">K-125<\/td>\n<td align=\"center\" valign=\"middle\">3,5<\/td>\n<td align=\"center\" valign=\"middle\">4<\/td>\n<\/tr>\n<tr>\n<td align=\"center\" valign=\"middle\">K-160<\/td>\n<td align=\"center\" valign=\"middle\">7,0<\/td>\n<td align=\"center\" valign=\"middle\">2<\/td>\n<\/tr>\n<tr>\n<td align=\"center\" valign=\"middle\">K-200<\/td>\n<td align=\"center\" valign=\"middle\">16,0<\/td>\n<td align=\"center\" valign=\"middle\">1<\/td>\n<\/tr>\n<tr>\n<td align=\"center\" valign=\"middle\">K-250<\/td>\n<td align=\"center\" valign=\"middle\">25,0<\/td>\n<td align=\"center\" valign=\"middle\">1<\/td>\n<\/tr>\n<tr>\n<td align=\"center\" valign=\"middle\">K-355<\/td>\n<td align=\"center\" valign=\"middle\">45,0<\/td>\n<td align=\"center\" valign=\"middle\">1<\/td>\n<\/tr>\n<tr>\n<td align=\"center\" valign=\"middle\">P-5<\/td>\n<td align=\"center\" valign=\"middle\">5,0<\/td>\n<td align=\"center\" valign=\"middle\">2<\/td>\n<\/tr>\n<tr>\n<td align=\"center\" valign=\"middle\">P-10<\/td>\n<td align=\"center\" valign=\"middle\">10,0<\/td>\n<td align=\"center\" valign=\"middle\">2<\/td>\n<\/tr>\n<tr>\n<td align=\"center\" valign=\"middle\">P-15<\/td>\n<td align=\"center\" valign=\"middle\">20,0<\/td>\n<td align=\"center\" valign=\"middle\">1<\/td>\n<\/tr>\n<\/tbody>\n<\/table>\n<p><\/p>","protected":false},"excerpt":{"rendered":"<p>Auf Anfrage<\/p>\n<p>Messing-Drahtelektrode mit 500 N, speziell f\u00fcr japanische EDM Maschinen empfohlen<\/p>\n","protected":false},"featured_media":12696,"template":"","meta":[],"product_cat":[490],"product_tag":[477,439,440,465,450],"_links":{"self":[{"href":"https:\/\/www.edm-tec.org\/de\/wp-json\/wp\/v2\/product\/894"}],"collection":[{"href":"https:\/\/www.edm-tec.org\/de\/wp-json\/wp\/v2\/product"}],"about":[{"href":"https:\/\/www.edm-tec.org\/de\/wp-json\/wp\/v2\/types\/product"}],"wp:featuredmedia":[{"embeddable":true,"href":"https:\/\/www.edm-tec.org\/de\/wp-json\/wp\/v2\/media\/12696"}],"wp:attachment":[{"href":"https:\/\/www.edm-tec.org\/de\/wp-json\/wp\/v2\/media?parent=894"}],"wp:term":[{"taxonomy":"product_cat","embeddable":true,"href":"https:\/\/www.edm-tec.org\/de\/wp-json\/wp\/v2\/product_cat?post=894"},{"taxonomy":"product_tag","embeddable":true,"href":"https:\/\/www.edm-tec.org\/de\/wp-json\/wp\/v2\/product_tag?post=894"}],"curies":[{"name":"wp","href":"https:\/\/api.w.org\/{rel}","templated":true}]}}