{"id":8805,"date":"2018-06-25T11:08:46","date_gmt":"2018-06-25T09:08:46","guid":{"rendered":"https:\/\/www.edm-tec.org\/?post_type=product&#038;p=8805"},"modified":"2023-05-09T11:13:52","modified_gmt":"2023-05-09T09:13:52","slug":"diamantfuehrung-unten-awf-45","status":"publish","type":"product","link":"https:\/\/www.edm-tec.org\/de\/produkte\/diamantfuehrung-unten-awf-45\/","title":{"rendered":"Diamantf\u00fchrung unten AWF Konik 45\u00b0"},"content":{"rendered":"<p>Das gro\u00dfe Verschlei\u00dfteileprogramm von EDM-TEC bietet alles an Zubeh\u00f6r f\u00fcr Ihre Erodiermaschinen. Egal ob Drahterosion und Senkerosion, wir halten st\u00e4ndig alle g\u00e4ngigen Artikel f\u00fcr alle Maschinentypen auf Lager: Agie, Brother, Charmilles, Fanuc, Hitachi, Japax, Makino, Mitsubishi, Seibu, Sodick, Washino usw.<\/p>\n<p>Testen Sie Verschlei\u00dfteile von EDM-TEC! Unser hoher Qualit\u00e4tsanspruch kommt Ihnen dabei stets zugute.<\/p>\n<p><strong>Passend f\u00fcr:<\/strong> Alpha 0+1, A,B,C,ia,ib,ic<\/p>\n<p>&nbsp;<\/p>","protected":false},"excerpt":{"rendered":"<p>Auf Anfrage<\/p>\n","protected":false},"featured_media":8804,"template":"","meta":[],"product_cat":[726,972,1026,791],"product_tag":[439],"_links":{"self":[{"href":"https:\/\/www.edm-tec.org\/de\/wp-json\/wp\/v2\/product\/8805"}],"collection":[{"href":"https:\/\/www.edm-tec.org\/de\/wp-json\/wp\/v2\/product"}],"about":[{"href":"https:\/\/www.edm-tec.org\/de\/wp-json\/wp\/v2\/types\/product"}],"wp:featuredmedia":[{"embeddable":true,"href":"https:\/\/www.edm-tec.org\/de\/wp-json\/wp\/v2\/media\/8804"}],"wp:attachment":[{"href":"https:\/\/www.edm-tec.org\/de\/wp-json\/wp\/v2\/media?parent=8805"}],"wp:term":[{"taxonomy":"product_cat","embeddable":true,"href":"https:\/\/www.edm-tec.org\/de\/wp-json\/wp\/v2\/product_cat?post=8805"},{"taxonomy":"product_tag","embeddable":true,"href":"https:\/\/www.edm-tec.org\/de\/wp-json\/wp\/v2\/product_tag?post=8805"}],"curies":[{"name":"wp","href":"https:\/\/api.w.org\/{rel}","templated":true}]}}