{"id":7928,"date":"2018-06-01T15:01:26","date_gmt":"2018-06-01T13:01:26","guid":{"rendered":"https:\/\/www.edm-tec.org\/?post_type=product&#038;p=7928"},"modified":"2018-06-15T14:39:42","modified_gmt":"2018-06-15T12:39:42","slug":"spuelduese-unten-messing-kunststoff-8mm","status":"publish","type":"product","link":"https:\/\/www.edm-tec.org\/de\/produkte\/spuelduese-unten-messing-kunststoff-8mm\/","title":{"rendered":"Sp\u00fcld\u00fcse unten Messing\/Kunststoff 8mm"},"content":{"rendered":"<p>Das gro\u00dfe Verschlei\u00dfteileprogramm von EDM-TEC bietet alles an Zubeh\u00f6r f\u00fcr Ihre Erodiermaschinen. Egal ob Drahterosion und Senkerosion, wir halten st\u00e4ndig alle g\u00e4ngigen Artikel f\u00fcr alle Maschinentypen auf Lager: Agie, Brother, Charmilles, Fanuc, Hitachi, Japax, Makino, Mitsubishi, Seibu, Sodick, Washino usw.<\/p>\n<p>Testen Sie Verschlei\u00dfteile von EDM-TEC! Unser hoher Qualit\u00e4tsanspruch kommt Ihnen dabei stets zugute.<\/p>\n<p><strong>Passend f\u00fcr: <\/strong>Mitsubishi FX,CX,SX,FA,QA,RA,PX<\/p>\n<p><strong>Gr\u00f6\u00dfe: <\/strong>8mm<\/p>","protected":false},"excerpt":{"rendered":"<p>Auf Anfrage<\/p>\n","protected":false},"featured_media":7927,"template":"","meta":[],"product_cat":[726,976,1051,790],"product_tag":[817],"_links":{"self":[{"href":"https:\/\/www.edm-tec.org\/de\/wp-json\/wp\/v2\/product\/7928"}],"collection":[{"href":"https:\/\/www.edm-tec.org\/de\/wp-json\/wp\/v2\/product"}],"about":[{"href":"https:\/\/www.edm-tec.org\/de\/wp-json\/wp\/v2\/types\/product"}],"wp:featuredmedia":[{"embeddable":true,"href":"https:\/\/www.edm-tec.org\/de\/wp-json\/wp\/v2\/media\/7927"}],"wp:attachment":[{"href":"https:\/\/www.edm-tec.org\/de\/wp-json\/wp\/v2\/media?parent=7928"}],"wp:term":[{"taxonomy":"product_cat","embeddable":true,"href":"https:\/\/www.edm-tec.org\/de\/wp-json\/wp\/v2\/product_cat?post=7928"},{"taxonomy":"product_tag","embeddable":true,"href":"https:\/\/www.edm-tec.org\/de\/wp-json\/wp\/v2\/product_tag?post=7928"}],"curies":[{"name":"wp","href":"https:\/\/api.w.org\/{rel}","templated":true}]}}