{"id":7742,"date":"2018-05-28T13:42:39","date_gmt":"2018-05-28T11:42:39","guid":{"rendered":"https:\/\/www.edm-tec.org\/?post_type=product&#038;p=7742"},"modified":"2023-08-10T16:25:51","modified_gmt":"2023-08-10T14:25:51","slug":"transportband-21-x-1645-mm","status":"publish","type":"product","link":"https:\/\/www.edm-tec.org\/de\/produkte\/transportband-21-x-1645-mm\/","title":{"rendered":"Transportband 21 x 1645 mm"},"content":{"rendered":"<p>Das gro\u00dfe Verschlei\u00dfteileprogramm von EDM-TEC bietet alles an Zubeh\u00f6r f\u00fcr Ihre Erodiermaschinen. Egal ob Drahterosion und Senkerosion, wir halten st\u00e4ndig alle g\u00e4ngigen Artikel f\u00fcr alle Maschinentypen auf Lager: Agie, Brother, Charmilles, Fanuc, Hitachi, Japax, Makino, Mitsubishi, Seibu, Sodick, Washino usw.<\/p>\n<p>Testen Sie Verschlei\u00dfteile von EDM-TEC! Unser hoher Qualit\u00e4tsanspruch kommt Ihnen dabei stets zugute.<\/p>\n<p><strong>Passend f\u00fcr:<\/strong> Fanuc W3 tape cut<\/p>\n<p><strong>Gr\u00f6\u00dfe:\u00a0<\/strong>21 x 1645 mm<\/p>","protected":false},"excerpt":{"rendered":"<p>Auf Anfrage<\/p>\n<p>Entspricht: A290-8046-X860<\/p>\n","protected":false},"featured_media":7743,"template":"","meta":[],"product_cat":[726,972,1024,793],"product_tag":[439],"_links":{"self":[{"href":"https:\/\/www.edm-tec.org\/de\/wp-json\/wp\/v2\/product\/7742"}],"collection":[{"href":"https:\/\/www.edm-tec.org\/de\/wp-json\/wp\/v2\/product"}],"about":[{"href":"https:\/\/www.edm-tec.org\/de\/wp-json\/wp\/v2\/types\/product"}],"wp:featuredmedia":[{"embeddable":true,"href":"https:\/\/www.edm-tec.org\/de\/wp-json\/wp\/v2\/media\/7743"}],"wp:attachment":[{"href":"https:\/\/www.edm-tec.org\/de\/wp-json\/wp\/v2\/media?parent=7742"}],"wp:term":[{"taxonomy":"product_cat","embeddable":true,"href":"https:\/\/www.edm-tec.org\/de\/wp-json\/wp\/v2\/product_cat?post=7742"},{"taxonomy":"product_tag","embeddable":true,"href":"https:\/\/www.edm-tec.org\/de\/wp-json\/wp\/v2\/product_tag?post=7742"}],"curies":[{"name":"wp","href":"https:\/\/api.w.org\/{rel}","templated":true}]}}