{"id":6915,"date":"2018-05-09T15:19:21","date_gmt":"2018-05-09T13:19:21","guid":{"rendered":"https:\/\/www.edm-tec.org\/?post_type=product&#038;p=6915"},"modified":"2022-09-25T11:23:36","modified_gmt":"2022-09-25T09:23:36","slug":"diamantfuehrung-25mm","status":"publish","type":"product","link":"https:\/\/www.edm-tec.org\/de\/produkte\/diamantfuehrung-25mm\/","title":{"rendered":"Spezial Drahtf\u00fchrung 2,5mm konik"},"content":{"rendered":"<p>Das gro\u00dfe Verschlei\u00dfteileprogramm von EDM-TEC bietet alles an Zubeh\u00f6r f\u00fcr Ihre Erodiermaschinen. Egal ob Drahterosion und Senkerosion, wir halten st\u00e4ndig alle g\u00e4ngigen Artikel f\u00fcr alle Maschinentypen auf Lager: Agie, Brother, Charmilles, Fanuc, Hitachi, Japax, Makino, Mitsubishi, Seibu, Sodick, Washino usw.<\/p>\n<p>Testen Sie Verschlei\u00dfteile von EDM-TEC! Unser hoher Qualit\u00e4tsanspruch kommt Ihnen dabei stets zugute.<\/p>\n<ul>\n<li><strong>Gr\u00f6\u00dfe:<\/strong>\n<ul>\n<li>2,5mm<\/li>\n<\/ul>\n<\/li>\n<\/ul>\n<ul>\n<li><strong>Passend f\u00fcr:<\/strong>\n<ul>\n<li>Agie Challenge, Progress, Classic, Evolution, Excellence<\/li>\n<\/ul>\n<\/li>\n<\/ul>\n<p><\/p>","protected":false},"excerpt":{"rendered":"<p>Auf Anfrage<\/p>\n<p>Entspricht: 262.163<\/p>\n","protected":false},"featured_media":6916,"template":"","meta":[],"product_cat":[726,960,791],"product_tag":[729,730],"_links":{"self":[{"href":"https:\/\/www.edm-tec.org\/de\/wp-json\/wp\/v2\/product\/6915"}],"collection":[{"href":"https:\/\/www.edm-tec.org\/de\/wp-json\/wp\/v2\/product"}],"about":[{"href":"https:\/\/www.edm-tec.org\/de\/wp-json\/wp\/v2\/types\/product"}],"wp:featuredmedia":[{"embeddable":true,"href":"https:\/\/www.edm-tec.org\/de\/wp-json\/wp\/v2\/media\/6916"}],"wp:attachment":[{"href":"https:\/\/www.edm-tec.org\/de\/wp-json\/wp\/v2\/media?parent=6915"}],"wp:term":[{"taxonomy":"product_cat","embeddable":true,"href":"https:\/\/www.edm-tec.org\/de\/wp-json\/wp\/v2\/product_cat?post=6915"},{"taxonomy":"product_tag","embeddable":true,"href":"https:\/\/www.edm-tec.org\/de\/wp-json\/wp\/v2\/product_tag?post=6915"}],"curies":[{"name":"wp","href":"https:\/\/api.w.org\/{rel}","templated":true}]}}