{"id":4967,"date":"2018-04-26T08:52:34","date_gmt":"2018-04-26T06:52:34","guid":{"rendered":"https:\/\/www.edm-tec.org\/?post_type=product&#038;p=4967"},"modified":"2019-07-03T16:48:17","modified_gmt":"2019-07-03T14:48:17","slug":"4011150-5-300-29-504-mm","status":"publish","type":"product","link":"https:\/\/www.edm-tec.org\/de\/produkte\/4011150-5-300-29-504-mm\/","title":{"rendered":"Filterpatrone\/5\u00b5m 300\/29 x 504 mm"},"content":{"rendered":"<p><\/p>\n<h4>Wir versorgen Sie mit Filtern h\u00f6chster Qualit\u00e4t f\u00fcr die Drahterosion, Senkerosion und das funkenerosive Bohren.<\/h4>\n<p>Somit ist stets ein sauberes Dielektrikum im Erodierprozess gew\u00e4hrleistet.<\/p>\n<div>\n<ul>\n<li><strong>Einsatzbereich<\/strong>: Drahterodieren, Senkerodieren<\/li>\n<li><strong>Lochblech verzinkt<\/strong><\/li>\n<li><strong>Papiervlies<\/strong><\/li>\n<li><strong>Verpackungseinheit:\u00a0<\/strong> 1 St\u00fcck<\/li>\n<\/ul>\n<\/div>\n<p><\/p>","protected":false},"excerpt":{"rendered":"<p>Auf Anfrage<\/p>\n<p>Entspricht: EM-150\/5<\/p>\n","protected":false},"featured_media":4968,"template":"","meta":[],"product_cat":[81,82],"product_tag":[439,440,438,511,512],"_links":{"self":[{"href":"https:\/\/www.edm-tec.org\/de\/wp-json\/wp\/v2\/product\/4967"}],"collection":[{"href":"https:\/\/www.edm-tec.org\/de\/wp-json\/wp\/v2\/product"}],"about":[{"href":"https:\/\/www.edm-tec.org\/de\/wp-json\/wp\/v2\/types\/product"}],"wp:featuredmedia":[{"embeddable":true,"href":"https:\/\/www.edm-tec.org\/de\/wp-json\/wp\/v2\/media\/4968"}],"wp:attachment":[{"href":"https:\/\/www.edm-tec.org\/de\/wp-json\/wp\/v2\/media?parent=4967"}],"wp:term":[{"taxonomy":"product_cat","embeddable":true,"href":"https:\/\/www.edm-tec.org\/de\/wp-json\/wp\/v2\/product_cat?post=4967"},{"taxonomy":"product_tag","embeddable":true,"href":"https:\/\/www.edm-tec.org\/de\/wp-json\/wp\/v2\/product_tag?post=4967"}],"curies":[{"name":"wp","href":"https:\/\/api.w.org\/{rel}","templated":true}]}}