{"id":4280,"date":"2018-04-20T14:11:12","date_gmt":"2018-04-20T12:11:12","guid":{"rendered":"https:\/\/www.edm-tec.org\/?post_type=product&#038;p=4280"},"modified":"2019-11-12T09:48:07","modified_gmt":"2019-11-12T08:48:07","slug":"4011671-mhk-3-5-340-300-mm","status":"publish","type":"product","link":"https:\/\/www.edm-tec.org\/de\/produkte\/4011671-mhk-3-5-340-300-mm\/","title":{"rendered":"Filterpatrone\/3-5\u00b5m 340 x 300 mm Kunststoff"},"content":{"rendered":"<p><\/p>\n<h4>Wir versorgen Sie mit Mann+Hummel Filtern H34 1390 h\u00f6chster Qualit\u00e4t f\u00fcr die Drahterosion, Senkerosion und das funkenerosive Bohren.<\/h4>\n<div>\n<ul>\n<li><strong>Einsatzbereich<\/strong>: Drahterodieren<\/li>\n<li><strong>F\u00fcr Maschinen<\/strong>:\n<ul>\n<li>FANUC<\/li>\n<li>MAKINO<\/li>\n<li>MITSUBISHI<\/li>\n<\/ul>\n<\/li>\n<li><strong>Kunststoff<\/strong><\/li>\n<li><strong>Verpackungseinheit<\/strong>: 1 St\u00fcck<\/li>\n<\/ul>\n<\/div>\n<p><\/p>","protected":false},"excerpt":{"rendered":"<p>Auf Anfrage<\/p>\n<p>Entspricht: H34 1390<\/p>\n","protected":false},"featured_media":4978,"template":"","meta":[],"product_cat":[81],"product_tag":[439,440,438,1638],"_links":{"self":[{"href":"https:\/\/www.edm-tec.org\/de\/wp-json\/wp\/v2\/product\/4280"}],"collection":[{"href":"https:\/\/www.edm-tec.org\/de\/wp-json\/wp\/v2\/product"}],"about":[{"href":"https:\/\/www.edm-tec.org\/de\/wp-json\/wp\/v2\/types\/product"}],"wp:featuredmedia":[{"embeddable":true,"href":"https:\/\/www.edm-tec.org\/de\/wp-json\/wp\/v2\/media\/4978"}],"wp:attachment":[{"href":"https:\/\/www.edm-tec.org\/de\/wp-json\/wp\/v2\/media?parent=4280"}],"wp:term":[{"taxonomy":"product_cat","embeddable":true,"href":"https:\/\/www.edm-tec.org\/de\/wp-json\/wp\/v2\/product_cat?post=4280"},{"taxonomy":"product_tag","embeddable":true,"href":"https:\/\/www.edm-tec.org\/de\/wp-json\/wp\/v2\/product_tag?post=4280"}],"curies":[{"name":"wp","href":"https:\/\/api.w.org\/{rel}","templated":true}]}}