{"id":4197,"date":"2018-04-19T14:45:13","date_gmt":"2018-04-19T12:45:13","guid":{"rendered":"https:\/\/www.edm-tec.org\/?post_type=product&#038;p=4197"},"modified":"2019-07-03T14:06:08","modified_gmt":"2019-07-03T12:06:08","slug":"4011131-5-150-76-455-mm","status":"publish","type":"product","link":"https:\/\/www.edm-tec.org\/de\/produkte\/4011131-5-150-76-455-mm\/","title":{"rendered":"Filterpatrone\/5\u00b5m 150\/76 x 455 mm"},"content":{"rendered":"<p><\/p>\n<h4>Wir versorgen Sie mit Filtern h\u00f6chster Qualit\u00e4t f\u00fcr die Drahterosion, Senkerosion und das funkenerosive Bohren.<\/h4>\n<p>Somit ist stets ein sauberes Dielektrikum im Erodierprozess gew\u00e4hrleistet.<\/p>\n<div>\n<ul>\n<li><strong>Einsatzbereich<\/strong>: Drahterodieren, Senkerodieren<\/li>\n<li><strong>F\u00fcr Maschinen<\/strong>:\n<ul>\n<li>ASCAN<\/li>\n<li>MAHO\/HANSEN<\/li>\n<li>MULTIFORM<\/li>\n<li>ORION<\/li>\n<li>RFE<\/li>\n<li>PRONTO<\/li>\n<li>SODICK<\/li>\n<li>SEIBU\/WALTER<\/li>\n<\/ul>\n<\/li>\n<li><strong>Papiervlies<\/strong><\/li>\n<li><strong>Verpackungseinheit<\/strong>: 2 St\u00fcck<\/li>\n<\/ul>\n<\/div>\n<p><\/p>","protected":false},"excerpt":{"rendered":"<p>Auf Anfrage<\/p>\n<p>Entspricht: EM-131\/5<\/p>\n","protected":false},"featured_media":4986,"template":"","meta":[],"product_cat":[81,82],"product_tag":[439,440,438,511,512],"_links":{"self":[{"href":"https:\/\/www.edm-tec.org\/de\/wp-json\/wp\/v2\/product\/4197"}],"collection":[{"href":"https:\/\/www.edm-tec.org\/de\/wp-json\/wp\/v2\/product"}],"about":[{"href":"https:\/\/www.edm-tec.org\/de\/wp-json\/wp\/v2\/types\/product"}],"wp:featuredmedia":[{"embeddable":true,"href":"https:\/\/www.edm-tec.org\/de\/wp-json\/wp\/v2\/media\/4986"}],"wp:attachment":[{"href":"https:\/\/www.edm-tec.org\/de\/wp-json\/wp\/v2\/media?parent=4197"}],"wp:term":[{"taxonomy":"product_cat","embeddable":true,"href":"https:\/\/www.edm-tec.org\/de\/wp-json\/wp\/v2\/product_cat?post=4197"},{"taxonomy":"product_tag","embeddable":true,"href":"https:\/\/www.edm-tec.org\/de\/wp-json\/wp\/v2\/product_tag?post=4197"}],"curies":[{"name":"wp","href":"https:\/\/api.w.org\/{rel}","templated":true}]}}