{"id":4117,"date":"2018-04-18T09:31:39","date_gmt":"2018-04-18T07:31:39","guid":{"rendered":"https:\/\/www.edm-tec.org\/?post_type=product&#038;p=4117"},"modified":"2019-07-02T10:14:49","modified_gmt":"2019-07-02T08:14:49","slug":"4011148-5-300-29-408-mm","status":"publish","type":"product","link":"https:\/\/www.edm-tec.org\/de\/produkte\/4011148-5-300-29-408-mm\/","title":{"rendered":"Filterpatrone\/5\u00b5m 300\/29 x 408 mm"},"content":{"rendered":"<p><\/p>\n<h4>Wir versorgen Sie mit Filtern h\u00f6chster Qualit\u00e4t f\u00fcr die Drahterosion, Senkerosion und das funkenerosive Bohren.<\/h4>\n<p>Somit ist stets ein sauberes Dielektrikum im Erodierprozess gew\u00e4hrleistet.<\/p>\n<div>\n<ul>\n<li><strong>Einsatzbereich<\/strong>: Drahterodieren<\/li>\n<li><strong>F\u00fcr Maschinen<\/strong>:\n<ul>\n<li>B\u00d6LLINGHAUS<\/li>\n<li>FANUC<\/li>\n<\/ul>\n<\/li>\n<li><strong>Lochblech verzinkt<\/strong><\/li>\n<li><strong>Papiervlies<\/strong><\/li>\n<li><strong>Verpackungseinheit: <\/strong>1 St\u00fcck<\/li>\n<\/ul>\n<\/div>\n<p><\/p>","protected":false},"excerpt":{"rendered":"<p>Auf Anfrage<\/p>\n<p>Entspricht: EM-148<\/p>\n","protected":false},"featured_media":4997,"template":"","meta":[],"product_cat":[81],"product_tag":[439,440,438],"_links":{"self":[{"href":"https:\/\/www.edm-tec.org\/de\/wp-json\/wp\/v2\/product\/4117"}],"collection":[{"href":"https:\/\/www.edm-tec.org\/de\/wp-json\/wp\/v2\/product"}],"about":[{"href":"https:\/\/www.edm-tec.org\/de\/wp-json\/wp\/v2\/types\/product"}],"wp:featuredmedia":[{"embeddable":true,"href":"https:\/\/www.edm-tec.org\/de\/wp-json\/wp\/v2\/media\/4997"}],"wp:attachment":[{"href":"https:\/\/www.edm-tec.org\/de\/wp-json\/wp\/v2\/media?parent=4117"}],"wp:term":[{"taxonomy":"product_cat","embeddable":true,"href":"https:\/\/www.edm-tec.org\/de\/wp-json\/wp\/v2\/product_cat?post=4117"},{"taxonomy":"product_tag","embeddable":true,"href":"https:\/\/www.edm-tec.org\/de\/wp-json\/wp\/v2\/product_tag?post=4117"}],"curies":[{"name":"wp","href":"https:\/\/api.w.org\/{rel}","templated":true}]}}