{"id":4110,"date":"2018-04-18T08:46:23","date_gmt":"2018-04-18T06:46:23","guid":{"rendered":"https:\/\/www.edm-tec.org\/?post_type=product&#038;p=4110"},"modified":"2019-07-17T10:01:35","modified_gmt":"2019-07-17T08:01:35","slug":"4013304-15-150-315-350-mm","status":"publish","type":"product","link":"https:\/\/www.edm-tec.org\/de\/produkte\/4013304-15-150-315-350-mm\/","title":{"rendered":"Filterpatrone\/15\u00b5m 150\/31,5 x 350 mm"},"content":{"rendered":"<p><\/p>\n<h4>Wir versorgen Sie mit Filtern h\u00f6chster Qualit\u00e4t f\u00fcr die Drahterosion, Senkerosion und das funkenerosive Bohren.<\/h4>\n<p>Somit ist stets ein sauberes Dielektrikum im Erodierprozess gew\u00e4hrleistet.<\/p>\n<div>\n<ul>\n<li><strong>Einsatzbereich<\/strong>: Drahterodieren, Senkerodieren<\/li>\n<li><strong>Papiervlies<\/strong><\/li>\n<li><strong>Verpackungseinheit<\/strong>: 6 St\u00fcck<\/li>\n<\/ul>\n<\/div>\n<p><\/p>","protected":false},"excerpt":{"rendered":"<p>Auf Anfrage<\/p>\n<p>Entspricht: EM-304\/15<\/p>\n","protected":false},"featured_media":4107,"template":"","meta":[],"product_cat":[81,82],"product_tag":[439,440,438,511,512],"_links":{"self":[{"href":"https:\/\/www.edm-tec.org\/de\/wp-json\/wp\/v2\/product\/4110"}],"collection":[{"href":"https:\/\/www.edm-tec.org\/de\/wp-json\/wp\/v2\/product"}],"about":[{"href":"https:\/\/www.edm-tec.org\/de\/wp-json\/wp\/v2\/types\/product"}],"wp:featuredmedia":[{"embeddable":true,"href":"https:\/\/www.edm-tec.org\/de\/wp-json\/wp\/v2\/media\/4107"}],"wp:attachment":[{"href":"https:\/\/www.edm-tec.org\/de\/wp-json\/wp\/v2\/media?parent=4110"}],"wp:term":[{"taxonomy":"product_cat","embeddable":true,"href":"https:\/\/www.edm-tec.org\/de\/wp-json\/wp\/v2\/product_cat?post=4110"},{"taxonomy":"product_tag","embeddable":true,"href":"https:\/\/www.edm-tec.org\/de\/wp-json\/wp\/v2\/product_tag?post=4110"}],"curies":[{"name":"wp","href":"https:\/\/api.w.org\/{rel}","templated":true}]}}