{"id":4074,"date":"2018-04-17T09:42:42","date_gmt":"2018-04-17T07:42:42","guid":{"rendered":"https:\/\/www.edm-tec.org\/?post_type=product&#038;p=4074"},"modified":"2019-07-05T10:23:02","modified_gmt":"2019-07-05T08:23:02","slug":"4011401-sc-1-3-340-x-305-mm","status":"publish","type":"product","link":"https:\/\/www.edm-tec.org\/de\/produkte\/4011401-sc-1-3-340-x-305-mm\/","title":{"rendered":"Filterpatrone\/1-3\u00b5m 340 x 305 mm synthetisch"},"content":{"rendered":"<p><\/p>\n<h4>Wir versorgen Sie mit Filtern h\u00f6chster Qualit\u00e4t f\u00fcr die Drahterosion, Senkerosion und das funkenerosive Bohren.<\/h4>\n<p>Somit ist stets ein sauberes Dielektrikum im Erodierprozess gew\u00e4hrleistet.<\/p>\n<div>\n<ul>\n<li><strong>Einsatzbereich<\/strong>: Drahterodieren<\/li>\n<li><strong>Lochblech pulverbeschichtet<\/strong><\/li>\n<li><strong>Synthetisch<\/strong><\/li>\n<li><strong>Verpackungseinheit:<\/strong> 1 St\u00fcck<\/li>\n<\/ul>\n<\/div>\n<p><\/p>","protected":false},"excerpt":{"rendered":"<p>Auf Anfrage<\/p>\n<p>Entspricht: EM-401\/3<\/p>\n","protected":false},"featured_media":5003,"template":"","meta":[],"product_cat":[81],"product_tag":[439,440,438],"_links":{"self":[{"href":"https:\/\/www.edm-tec.org\/de\/wp-json\/wp\/v2\/product\/4074"}],"collection":[{"href":"https:\/\/www.edm-tec.org\/de\/wp-json\/wp\/v2\/product"}],"about":[{"href":"https:\/\/www.edm-tec.org\/de\/wp-json\/wp\/v2\/types\/product"}],"wp:featuredmedia":[{"embeddable":true,"href":"https:\/\/www.edm-tec.org\/de\/wp-json\/wp\/v2\/media\/5003"}],"wp:attachment":[{"href":"https:\/\/www.edm-tec.org\/de\/wp-json\/wp\/v2\/media?parent=4074"}],"wp:term":[{"taxonomy":"product_cat","embeddable":true,"href":"https:\/\/www.edm-tec.org\/de\/wp-json\/wp\/v2\/product_cat?post=4074"},{"taxonomy":"product_tag","embeddable":true,"href":"https:\/\/www.edm-tec.org\/de\/wp-json\/wp\/v2\/product_tag?post=4074"}],"curies":[{"name":"wp","href":"https:\/\/api.w.org\/{rel}","templated":true}]}}