{"id":4058,"date":"2018-04-16T14:24:48","date_gmt":"2018-04-16T12:24:48","guid":{"rendered":"https:\/\/www.edm-tec.org\/?post_type=product&#038;p=4058"},"modified":"2019-06-03T09:05:40","modified_gmt":"2019-06-03T07:05:40","slug":"4001172-sc-340-x-300-mm-vollsynthetisch","status":"publish","type":"product","link":"https:\/\/www.edm-tec.org\/de\/produkte\/4001172-sc-340-x-300-mm-vollsynthetisch\/","title":{"rendered":"Filterpatrone\/1-3\u00b5m 340 x 300 mm vollsynthetisch"},"content":{"rendered":"<p><\/p>\n<h4>Wir versorgen Sie mit Filtern h\u00f6chster Qualit\u00e4t f\u00fcr die Drahterosion, Senkerosion und das funkenerosive Bohren.<\/h4>\n<p>Somit ist stets ein sauberes Dielektrikum im Erodierprozess gew\u00e4hrleistet.<\/p>\n<div>\n<ul>\n<li><strong>Einsatzbereich<\/strong>: Drahterodieren<\/li>\n<li><strong>F\u00fcr Maschinen<\/strong>:\n<ul>\n<li>FANUC alpha iB\/iC\/iD\/iE\/CiA\/CiB<\/li>\n<\/ul>\n<\/li>\n<li><strong>Lochblech pulverbeschichtet<\/strong><\/li>\n<li><strong>Vollsynthetisch<\/strong><\/li>\n<li><strong>Verpackungseinheit<\/strong>: 2 St\u00fcck<\/li>\n<\/ul>\n<\/div>\n<p><\/p>","protected":false},"excerpt":{"rendered":"<p>Auf Anfrage<\/p>\n","protected":false},"featured_media":5007,"template":"","meta":[],"product_cat":[81],"product_tag":[439,440,438],"_links":{"self":[{"href":"https:\/\/www.edm-tec.org\/de\/wp-json\/wp\/v2\/product\/4058"}],"collection":[{"href":"https:\/\/www.edm-tec.org\/de\/wp-json\/wp\/v2\/product"}],"about":[{"href":"https:\/\/www.edm-tec.org\/de\/wp-json\/wp\/v2\/types\/product"}],"wp:featuredmedia":[{"embeddable":true,"href":"https:\/\/www.edm-tec.org\/de\/wp-json\/wp\/v2\/media\/5007"}],"wp:attachment":[{"href":"https:\/\/www.edm-tec.org\/de\/wp-json\/wp\/v2\/media?parent=4058"}],"wp:term":[{"taxonomy":"product_cat","embeddable":true,"href":"https:\/\/www.edm-tec.org\/de\/wp-json\/wp\/v2\/product_cat?post=4058"},{"taxonomy":"product_tag","embeddable":true,"href":"https:\/\/www.edm-tec.org\/de\/wp-json\/wp\/v2\/product_tag?post=4058"}],"curies":[{"name":"wp","href":"https:\/\/api.w.org\/{rel}","templated":true}]}}