{"id":4052,"date":"2018-04-16T13:21:12","date_gmt":"2018-04-16T11:21:12","guid":{"rendered":"https:\/\/www.edm-tec.org\/?post_type=product&#038;p=4052"},"modified":"2019-06-03T09:01:07","modified_gmt":"2019-06-03T07:01:07","slug":"4001167-oc-340-x-300-mm-teilsynthetisch","status":"publish","type":"product","link":"https:\/\/www.edm-tec.org\/de\/produkte\/4001167-oc-340-x-300-mm-teilsynthetisch\/","title":{"rendered":"Filterpatrone\/3-5\u00b5m 340 x 300 mm teilsynthetisch"},"content":{"rendered":"<p><\/p>\n<h4>Wir versorgen Sie mit Filtern h\u00f6chster Qualit\u00e4t f\u00fcr die Drahterosion, Senkerosion und das funkenerosive Bohren.<\/h4>\n<p>Somit ist stets ein sauberes Dielektrikum im Erodierprozess gew\u00e4hrleistet.<\/p>\n<div>\n<ul>\n<li><strong>Einsatzbereich<\/strong>: Drahterodieren<\/li>\n<li><strong>F\u00fcr Maschinen<\/strong>:\n<ul>\n<li>MAKINO<\/li>\n<li>MITSUBISHI<\/li>\n<li>SEIBU<\/li>\n<\/ul>\n<\/li>\n<li><strong>Lochblech pulverbeschichtet<\/strong><\/li>\n<li><strong>Teilsynthetisch<\/strong><\/li>\n<li><strong>Verpackungseinheit<\/strong>: 2 St\u00fcck<\/li>\n<\/ul>\n<\/div>\n<p><\/p>","protected":false},"excerpt":{"rendered":"<p>Auf Anfrage<\/p>\n","protected":false},"featured_media":5009,"template":"","meta":[],"product_cat":[81],"product_tag":[439,440,438],"_links":{"self":[{"href":"https:\/\/www.edm-tec.org\/de\/wp-json\/wp\/v2\/product\/4052"}],"collection":[{"href":"https:\/\/www.edm-tec.org\/de\/wp-json\/wp\/v2\/product"}],"about":[{"href":"https:\/\/www.edm-tec.org\/de\/wp-json\/wp\/v2\/types\/product"}],"wp:featuredmedia":[{"embeddable":true,"href":"https:\/\/www.edm-tec.org\/de\/wp-json\/wp\/v2\/media\/5009"}],"wp:attachment":[{"href":"https:\/\/www.edm-tec.org\/de\/wp-json\/wp\/v2\/media?parent=4052"}],"wp:term":[{"taxonomy":"product_cat","embeddable":true,"href":"https:\/\/www.edm-tec.org\/de\/wp-json\/wp\/v2\/product_cat?post=4052"},{"taxonomy":"product_tag","embeddable":true,"href":"https:\/\/www.edm-tec.org\/de\/wp-json\/wp\/v2\/product_tag?post=4052"}],"curies":[{"name":"wp","href":"https:\/\/api.w.org\/{rel}","templated":true}]}}