{"id":4021,"date":"2018-04-13T11:03:19","date_gmt":"2018-04-13T09:03:19","guid":{"rendered":"https:\/\/www.edm-tec.org\/?post_type=product&#038;p=4021"},"modified":"2019-07-05T10:43:30","modified_gmt":"2019-07-05T08:43:30","slug":"4001161-340-46-x-450-mm","status":"publish","type":"product","link":"https:\/\/www.edm-tec.org\/de\/produkte\/4001161-340-46-x-450-mm\/","title":{"rendered":"Filterpatrone\/5\u00b5m 340\/46 x 450 mm"},"content":{"rendered":"<p><\/p>\n<h4>Wir versorgen Sie mit Filtern h\u00f6chster Qualit\u00e4t f\u00fcr die Drahterosion, Senkerosion und das funkenerosive Bohren.<\/h4>\n<p>Somit ist stets ein sauberes Dielektrikum im Erodierprozess gew\u00e4hrleistet.<\/p>\n<div>\n<ul>\n<li><strong>Einsatzbereich<\/strong>: Drahterodieren<\/li>\n<li><strong>Lochblech pulverbeschichtet<\/strong><\/li>\n<li><strong>Verpackungseinheit<\/strong>: 2 St\u00fcck<\/li>\n<\/ul>\n<\/div>\n<p><\/p>","protected":false},"excerpt":{"rendered":"<p>Auf Anfrage<\/p>\n","protected":false},"featured_media":5014,"template":"","meta":[],"product_cat":[81],"product_tag":[439,440,438],"_links":{"self":[{"href":"https:\/\/www.edm-tec.org\/de\/wp-json\/wp\/v2\/product\/4021"}],"collection":[{"href":"https:\/\/www.edm-tec.org\/de\/wp-json\/wp\/v2\/product"}],"about":[{"href":"https:\/\/www.edm-tec.org\/de\/wp-json\/wp\/v2\/types\/product"}],"wp:featuredmedia":[{"embeddable":true,"href":"https:\/\/www.edm-tec.org\/de\/wp-json\/wp\/v2\/media\/5014"}],"wp:attachment":[{"href":"https:\/\/www.edm-tec.org\/de\/wp-json\/wp\/v2\/media?parent=4021"}],"wp:term":[{"taxonomy":"product_cat","embeddable":true,"href":"https:\/\/www.edm-tec.org\/de\/wp-json\/wp\/v2\/product_cat?post=4021"},{"taxonomy":"product_tag","embeddable":true,"href":"https:\/\/www.edm-tec.org\/de\/wp-json\/wp\/v2\/product_tag?post=4021"}],"curies":[{"name":"wp","href":"https:\/\/api.w.org\/{rel}","templated":true}]}}