{"id":3904,"date":"2018-04-10T10:44:49","date_gmt":"2018-04-10T08:44:49","guid":{"rendered":"https:\/\/www.edm-tec.org\/?post_type=product&#038;p=3904"},"modified":"2025-08-08T17:54:43","modified_gmt":"2025-08-08T15:54:43","slug":"daco-cut-a-plus","status":"publish","type":"product","link":"https:\/\/www.edm-tec.org\/de\/produkte\/daco-cut-a-plus\/","title":{"rendered":"EDM-Cut A"},"content":{"rendered":"<p><\/p>\n<h4>Zinkbeschichtete Messing-Drahtelektroden EDM-Cut A mit 500 oder 900 N\/mm\u00b2<\/h4>\n<p>Die EDM-Cut A Plus Drahtelektroden bestehen aus einem Messing-Drahtkern, sind beschichtet mit Zink und werden zus\u00e4tzlich speziellen Oberfl\u00e4chenbehandlungen unterzogen. Die verh\u00e4ltnism\u00e4\u00dfig d\u00fcnne Zink-Beschichtung verdunstet auf geringerem Energielevel als die Messingbestandteile der Elektrode. Dies verbessert deutlich die Sp\u00fclung der abgetragenen Partikel w\u00e4hrend des Schneidprozesses.<\/p>\n<p><strong>Kernmaterial:<\/strong> CuZn 37<br \/>\n<strong>Mantelmaterial:<\/strong> Zn<\/p>\n<p><b>Die Elektroden werden nach dem h\u00f6chsten Qualit\u00e4tsstandard in Europa gefertigt un<\/b><strong>d sind speziell geeignet f\u00fcr alle EDM-Maschinen mit automatischer Einf\u00e4delung.<\/strong><\/p>\n<p>Die Version mit 900 N\/mm\u00b2 eignet sich besonders f\u00fcr den Einsatz auf AGIE Drahterodiermaschinen, die Variante 500 N\/mm\u00b2 wird besonders f\u00fcr starke Koniken und auf einigen Charmilles Drahterodiermaschinen zur Erzielung h\u00f6chster Oberfl\u00e4cheng\u00fcten eingesetzt.<\/p>\n<p>Die verf\u00fcgbaren Durchmesser, Zugfestigkeiten und Spulengr\u00f6\u00dfen entnehmen Sie nachfolgender Tabelle.<\/p>\n<table width=\"685\" cellspacing=\"0\" cellpadding=\"0\">\n<colgroup>\n<col width=\"85\" \/>\n<col width=\"114\" \/>\n<col width=\"103\" \/>\n<col width=\"125\" \/>\n<col width=\"113\" \/>\n<col width=\"93\" \/> <\/colgroup>\n<tbody>\n<tr align=\"center\" valign=\"middle\">\n<td colspan=\"5\" bgcolor=\"#e8a860\" width=\"633\">MS Draht zinkbeschichtet EDM-Cut A 500\/900<\/td>\n<\/tr>\n<tr bgcolor=\"#CCCCCC\">\n<td align=\"center\" valign=\"middle\">Durchmesser<br \/>\nDiameter<\/td>\n<td align=\"center\" valign=\"middle\">Zugfestigkeit<br \/>\nTensile Strength<\/td>\n<td align=\"center\" valign=\"middle\">Spulentyp<br \/>\nSpool type<\/td>\n<td align=\"center\" valign=\"middle\">Gewicht\/Spule<br \/>\nWeight\/Spool<\/td>\n<td align=\"center\" valign=\"middle\">Spulen\/Karton<br \/>\nSpools\/Package<\/td>\n<\/tr>\n<tr id=\"trennlinie\" bgcolor=\"#CCCCCC\">\n<td align=\"center\" valign=\"middle\">( mm )<\/td>\n<td align=\"center\" valign=\"middle\">( N\/mm\u00b2 )<\/td>\n<td align=\"center\" valign=\"middle\"><\/td>\n<td align=\"center\" valign=\"middle\">( kg )<\/td>\n<td align=\"center\" valign=\"middle\"><\/td>\n<\/tr>\n<tr id=\"trennlinie\">\n<td rowspan=\"1\" align=\"center\" valign=\"middle\">0,10<\/td>\n<td rowspan=\"1\" align=\"center\" valign=\"middle\">900 N<\/td>\n<td rowspan=\"1\" align=\"center\" valign=\"middle\">K-125<\/td>\n<td rowspan=\"1\" align=\"center\" valign=\"middle\">3,5<\/td>\n<td rowspan=\"1\" align=\"center\" valign=\"middle\">4<\/td>\n<\/tr>\n<tr>\n<td align=\"center\"><\/td>\n<td align=\"center\"><\/td>\n<td align=\"center\"><\/td>\n<td align=\"center\"><\/td>\n<td align=\"center\"><\/td>\n<\/tr>\n<tr>\n<td align=\"center\" valign=\"middle\">0,15<\/td>\n<td align=\"center\" valign=\"middle\">900 N<\/td>\n<td align=\"center\" valign=\"middle\">K-125<\/td>\n<td align=\"center\" valign=\"middle\">3,5<\/td>\n<td align=\"center\" valign=\"middle\">4<\/td>\n<\/tr>\n<tr>\n<td align=\"center\" valign=\"middle\">0,15<\/td>\n<td align=\"center\" valign=\"middle\">900 N<\/td>\n<td align=\"center\" valign=\"middle\">K-160<\/td>\n<td align=\"center\" valign=\"middle\">8<\/td>\n<td align=\"center\" valign=\"middle\">2<\/td>\n<\/tr>\n<tr>\n<td align=\"center\"><\/td>\n<td align=\"center\"><\/td>\n<td align=\"center\"><\/td>\n<td align=\"center\"><\/td>\n<td align=\"center\"><\/td>\n<\/tr>\n<tr>\n<td align=\"center\" valign=\"middle\">0,20<\/td>\n<td align=\"center\" valign=\"middle\">500 N<\/td>\n<td align=\"center\" valign=\"middle\">K-125<\/td>\n<td align=\"center\" valign=\"middle\">3,5<\/td>\n<td align=\"center\" valign=\"middle\">4<\/td>\n<\/tr>\n<tr>\n<td align=\"center\" valign=\"middle\">0,20<\/td>\n<td align=\"center\" valign=\"middle\">500 N<\/td>\n<td align=\"center\" valign=\"middle\">K-160<\/td>\n<td align=\"center\" valign=\"middle\">8<\/td>\n<td align=\"center\" valign=\"middle\">2<\/td>\n<\/tr>\n<tr>\n<td align=\"center\" valign=\"middle\">0,20<\/td>\n<td align=\"center\" valign=\"middle\">500 N<\/td>\n<td align=\"center\" valign=\"middle\">K-200<\/td>\n<td align=\"center\" valign=\"middle\">16<\/td>\n<td align=\"center\" valign=\"middle\">1<\/td>\n<\/tr>\n<tr>\n<td align=\"center\" valign=\"middle\">0,20<\/td>\n<td align=\"center\" valign=\"middle\">500 N<\/td>\n<td align=\"center\" valign=\"middle\">P-5<\/td>\n<td align=\"center\" valign=\"middle\">8<\/td>\n<td align=\"center\" valign=\"middle\">2<\/td>\n<\/tr>\n<tr>\n<td align=\"center\" valign=\"middle\">0,20<\/td>\n<td align=\"center\" valign=\"middle\">500 N<\/td>\n<td align=\"center\" valign=\"middle\">P-10<\/td>\n<td align=\"center\" valign=\"middle\">10<\/td>\n<td align=\"center\" valign=\"middle\">1<\/td>\n<\/tr>\n<tr>\n<td align=\"center\"><\/td>\n<td align=\"center\"><\/td>\n<td align=\"center\"><\/td>\n<td align=\"center\"><\/td>\n<td align=\"center\"><\/td>\n<\/tr>\n<tr>\n<td align=\"center\" valign=\"middle\">0,20<\/td>\n<td align=\"center\" valign=\"middle\">900 N<\/td>\n<td align=\"center\" valign=\"middle\">K-125<\/td>\n<td align=\"center\" valign=\"middle\">3,5<\/td>\n<td align=\"center\" valign=\"middle\">4<\/td>\n<\/tr>\n<tr>\n<td align=\"center\" valign=\"middle\">0,20<\/td>\n<td align=\"center\" valign=\"middle\">900 N<\/td>\n<td align=\"center\" valign=\"middle\">K-160<\/td>\n<td align=\"center\" valign=\"middle\">8<\/td>\n<td align=\"center\" valign=\"middle\">2<\/td>\n<\/tr>\n<tr>\n<td align=\"center\" valign=\"middle\">0,20<\/td>\n<td align=\"center\" valign=\"middle\">900 N<\/td>\n<td align=\"center\" valign=\"middle\">K-200<\/td>\n<td align=\"center\" valign=\"middle\">16<\/td>\n<td align=\"center\" valign=\"middle\">1<\/td>\n<\/tr>\n<tr>\n<td align=\"center\" valign=\"middle\">0,20<\/td>\n<td align=\"center\" valign=\"middle\">900 N<\/td>\n<td align=\"center\" valign=\"middle\">P-5<\/td>\n<td align=\"center\" valign=\"middle\">5<\/td>\n<td align=\"center\" valign=\"middle\">2<\/td>\n<\/tr>\n<tr>\n<td align=\"center\" valign=\"middle\">0,20<\/td>\n<td align=\"center\" valign=\"middle\">900 N<\/td>\n<td align=\"center\" valign=\"middle\">P-10<\/td>\n<td align=\"center\" valign=\"middle\">10<\/td>\n<td align=\"center\" valign=\"middle\">1<\/td>\n<\/tr>\n<tr>\n<td align=\"center\"><\/td>\n<td align=\"center\"><\/td>\n<td align=\"center\"><\/td>\n<td align=\"center\"><\/td>\n<td align=\"center\"><\/td>\n<\/tr>\n<tr>\n<td align=\"center\" valign=\"middle\">0,25<\/td>\n<td align=\"center\" valign=\"middle\">500 N<\/td>\n<td align=\"center\" valign=\"middle\">K-125<\/td>\n<td align=\"center\" valign=\"middle\">3,5<\/td>\n<td align=\"center\" valign=\"middle\">4<\/td>\n<\/tr>\n<tr>\n<td align=\"center\" valign=\"middle\">0,25<\/td>\n<td align=\"center\" valign=\"middle\">500 N<\/td>\n<td align=\"center\" valign=\"middle\">K-160<\/td>\n<td align=\"center\" valign=\"middle\">8<\/td>\n<td align=\"center\" valign=\"middle\">2<\/td>\n<\/tr>\n<tr>\n<td align=\"center\" valign=\"middle\">0,25<\/td>\n<td align=\"center\" valign=\"middle\">500 N<\/td>\n<td align=\"center\" valign=\"middle\">K-200<\/td>\n<td align=\"center\" valign=\"middle\">16<\/td>\n<td align=\"center\" valign=\"middle\">1<\/td>\n<\/tr>\n<tr>\n<td align=\"center\" valign=\"middle\">0,25<\/td>\n<td align=\"center\" valign=\"middle\">500 N<\/td>\n<td align=\"center\" valign=\"middle\">P-5<\/td>\n<td align=\"center\" valign=\"middle\">5<\/td>\n<td align=\"center\" valign=\"middle\">2<\/td>\n<\/tr>\n<tr>\n<td align=\"center\" valign=\"middle\">0,25<\/td>\n<td align=\"center\" valign=\"middle\">500 N<\/td>\n<td align=\"center\" valign=\"middle\">P-10<\/td>\n<td align=\"center\" valign=\"middle\">10<\/td>\n<td align=\"center\" valign=\"middle\">1<\/td>\n<\/tr>\n<tr>\n<td align=\"center\"><\/td>\n<td align=\"center\"><\/td>\n<td align=\"center\"><\/td>\n<td align=\"center\"><\/td>\n<td align=\"center\"><\/td>\n<\/tr>\n<tr>\n<td align=\"center\" valign=\"middle\">0,25<\/td>\n<td align=\"center\" valign=\"middle\">900 N<\/td>\n<td align=\"center\" valign=\"middle\">K-125<\/td>\n<td align=\"center\" valign=\"middle\">3,5<\/td>\n<td align=\"center\" valign=\"middle\">4<\/td>\n<\/tr>\n<tr>\n<td align=\"center\" valign=\"middle\">0,25<\/td>\n<td align=\"center\" valign=\"middle\">900 N<\/td>\n<td align=\"center\" valign=\"middle\">K-160<\/td>\n<td align=\"center\" valign=\"middle\">8<\/td>\n<td align=\"center\" valign=\"middle\">2<\/td>\n<\/tr>\n<tr>\n<td align=\"center\" valign=\"middle\">0,25<\/td>\n<td align=\"center\" valign=\"middle\">900 N<\/td>\n<td align=\"center\" valign=\"middle\">K-200<\/td>\n<td align=\"center\" valign=\"middle\">16<\/td>\n<td align=\"center\" valign=\"middle\">1<\/td>\n<\/tr>\n<tr>\n<td align=\"center\" valign=\"middle\">0,25<\/td>\n<td align=\"center\" valign=\"middle\">900 N<\/td>\n<td align=\"center\" valign=\"middle\">P-5<\/td>\n<td align=\"center\" valign=\"middle\">5<\/td>\n<td align=\"center\" valign=\"middle\">2<\/td>\n<\/tr>\n<tr>\n<td align=\"center\" valign=\"middle\">0,25<\/td>\n<td align=\"center\" valign=\"middle\">900 N<\/td>\n<td align=\"center\" valign=\"middle\">P-10<\/td>\n<td align=\"center\" valign=\"middle\">10<\/td>\n<td align=\"center\" valign=\"middle\">1<\/td>\n<\/tr>\n<tr>\n<td align=\"center\"><\/td>\n<td align=\"center\"><\/td>\n<td align=\"center\"><\/td>\n<td align=\"center\"><\/td>\n<td align=\"center\"><\/td>\n<\/tr>\n<tr>\n<td align=\"center\" valign=\"middle\">0,30<\/td>\n<td align=\"center\" valign=\"middle\">500 N<\/td>\n<td align=\"center\" valign=\"middle\">K-125<\/td>\n<td align=\"center\" valign=\"middle\">3,5<\/td>\n<td align=\"center\" valign=\"middle\">4<\/td>\n<\/tr>\n<tr>\n<td align=\"center\" valign=\"middle\">0,30<\/td>\n<td align=\"center\" valign=\"middle\">500 N<\/td>\n<td align=\"center\" valign=\"middle\">K-160<\/td>\n<td align=\"center\" valign=\"middle\">8<\/td>\n<td align=\"center\" valign=\"middle\">2<\/td>\n<\/tr>\n<tr>\n<td align=\"center\" valign=\"middle\">0,30<\/td>\n<td align=\"center\" valign=\"middle\">500 N<\/td>\n<td align=\"center\" valign=\"middle\">K-200<\/td>\n<td align=\"center\" valign=\"middle\">16<\/td>\n<td align=\"center\" valign=\"middle\">1<\/td>\n<\/tr>\n<tr>\n<td align=\"center\" valign=\"middle\">0,30<\/td>\n<td align=\"center\" valign=\"middle\">500 N<\/td>\n<td align=\"center\" valign=\"middle\">P-5<\/td>\n<td align=\"center\" valign=\"middle\">5<\/td>\n<td align=\"center\" valign=\"middle\">2<\/td>\n<\/tr>\n<tr>\n<td align=\"center\" valign=\"middle\">0,30<\/td>\n<td align=\"center\" valign=\"middle\">500 N<\/td>\n<td align=\"center\" valign=\"middle\">P-10<\/td>\n<td align=\"center\" valign=\"middle\">10<\/td>\n<td align=\"center\" valign=\"middle\">1<\/td>\n<\/tr>\n<tr>\n<td align=\"center\"><\/td>\n<td align=\"center\"><\/td>\n<td align=\"center\"><\/td>\n<td align=\"center\"><\/td>\n<td align=\"center\"><\/td>\n<\/tr>\n<tr>\n<td align=\"center\" valign=\"middle\">0,30<\/td>\n<td align=\"center\" valign=\"middle\">900 N<\/td>\n<td align=\"center\" valign=\"middle\">K-125<\/td>\n<td align=\"center\" valign=\"middle\">3,5<\/td>\n<td align=\"center\" valign=\"middle\">4<\/td>\n<\/tr>\n<tr>\n<td align=\"center\" valign=\"middle\">0,30<\/td>\n<td align=\"center\" valign=\"middle\">900 N<\/td>\n<td align=\"center\" valign=\"middle\">K-160<\/td>\n<td align=\"center\" valign=\"middle\">8<\/td>\n<td align=\"center\" valign=\"middle\">2<\/td>\n<\/tr>\n<tr>\n<td align=\"center\" valign=\"middle\">0,30<\/td>\n<td align=\"center\" valign=\"middle\">900 N<\/td>\n<td align=\"center\" valign=\"middle\">K-200<\/td>\n<td align=\"center\" valign=\"middle\">16<\/td>\n<td align=\"center\" valign=\"middle\">1<\/td>\n<\/tr>\n<tr>\n<td align=\"center\" valign=\"middle\">0,30<\/td>\n<td align=\"center\" valign=\"middle\">900 N<\/td>\n<td align=\"center\" valign=\"middle\">P-5<\/td>\n<td align=\"center\" valign=\"middle\">5<\/td>\n<td align=\"center\" valign=\"middle\">2<\/td>\n<\/tr>\n<tr>\n<td align=\"center\" valign=\"middle\">0,30<\/td>\n<td align=\"center\" valign=\"middle\">900 N<\/td>\n<td align=\"center\" valign=\"middle\">P-10<\/td>\n<td align=\"center\" valign=\"middle\">10<\/td>\n<td align=\"center\" valign=\"middle\">1<\/td>\n<\/tr>\n<\/tbody>\n<\/table>\n<p><\/p>","protected":false},"excerpt":{"rendered":"<p>Auf Anfrage<\/p>\n<p>Zinkbeschichtete Messing-Drahtelektrode, besonders geeignet f\u00fcr starke Koniken und alle EDM-Maschinen mit automatischer Einf\u00e4delung<\/p>\n","protected":false},"featured_media":27783,"template":"","meta":[],"product_cat":[87],"product_tag":[477,439,440,465,472],"_links":{"self":[{"href":"https:\/\/www.edm-tec.org\/de\/wp-json\/wp\/v2\/product\/3904"}],"collection":[{"href":"https:\/\/www.edm-tec.org\/de\/wp-json\/wp\/v2\/product"}],"about":[{"href":"https:\/\/www.edm-tec.org\/de\/wp-json\/wp\/v2\/types\/product"}],"wp:featuredmedia":[{"embeddable":true,"href":"https:\/\/www.edm-tec.org\/de\/wp-json\/wp\/v2\/media\/27783"}],"wp:attachment":[{"href":"https:\/\/www.edm-tec.org\/de\/wp-json\/wp\/v2\/media?parent=3904"}],"wp:term":[{"taxonomy":"product_cat","embeddable":true,"href":"https:\/\/www.edm-tec.org\/de\/wp-json\/wp\/v2\/product_cat?post=3904"},{"taxonomy":"product_tag","embeddable":true,"href":"https:\/\/www.edm-tec.org\/de\/wp-json\/wp\/v2\/product_tag?post=3904"}],"curies":[{"name":"wp","href":"https:\/\/api.w.org\/{rel}","templated":true}]}}