{"id":3713,"date":"2018-04-03T07:57:54","date_gmt":"2018-04-03T05:57:54","guid":{"rendered":"https:\/\/www.edm-tec.org\/?post_type=product&#038;p=3713"},"modified":"2023-11-28T09:07:40","modified_gmt":"2023-11-28T08:07:40","slug":"daco-cut-980-n","status":"publish","type":"product","link":"https:\/\/www.edm-tec.org\/de\/produkte\/daco-cut-980-n\/","title":{"rendered":"Daco-Cut 980 N"},"content":{"rendered":"<p><\/p>\n<h4>Messing-Drahtelektroden mit 980 N\/mm\u00b2<\/h4>\n<p><b>Unsere Messing-Drahtelektroden mit 980 N werden nach dem h\u00f6chsten Qualit\u00e4tsstandard in Deutschland gefertigt.<\/b><\/p>\n<p>Dies garantiert einen wiederholbaren und zuverl\u00e4ssigen maschinellen EDM-Prozess. Sie werden auf den modernsten Drahtziehmaschinen gefertigt und unterliegen strengen Qualit\u00e4tskontrollen.<br \/>\nWir empfehlen diesen Elektrodentyp speziell f\u00fcr japanische EDM Maschinen.<\/p>\n<p><strong>Legierung:<\/strong> CuZn37<\/p>\n<p>Unsere blanken Messingdr\u00e4hte haben alle wichtigen Eigenschaften f\u00fcr ungest\u00f6rte Maschineneins\u00e4tze:<\/p>\n<ul>\n<li>saubere Oberfl\u00e4che<\/li>\n<li>paraffinfrei<\/li>\n<li>gerichtet<\/li>\n<li>engste Toleranzen<\/li>\n<li>gleichm\u00e4\u00dfige Wicklung<\/li>\n<li>h\u00f6chstes Einf\u00e4delsicherheit<\/li>\n<\/ul>\n<p>Messing-Drahtelektroden halten wir in allen Qualit\u00e4ten und in vielen technischen Spezifikationen vorr\u00e4tig.<\/p>\n<p>Die verf\u00fcgbaren Durchmesser, Zugfestigkeiten und Spulengr\u00f6\u00dfen entnehmen Sie nachfolgender Tabelle.<\/p>\n<table border=\"0\" width=\"680\" frame=\"void\" rules=\"none\" cellspacing=\"0\" align=\"center\">\n<tbody>\n<tr align=\"center\">\n<td colspan=\"4\" bgcolor=\"#e8a860\">Messing Draht Daco-Cut 980<\/td>\n<\/tr>\n<tr bgcolor=\"#CCCCCC\">\n<td align=\"center\" width=\"110\">Durchmesser<br \/>\nDiameter<\/td>\n<td align=\"center\" width=\"120\">Zugfestigkeit<br \/>\nTensile Strength<\/td>\n<td align=\"center\" width=\"110\">Spulentyp<br \/>\nSpool type<\/td>\n<td align=\"center\" width=\"110\">Gewicht<br \/>\nWeight<\/td>\n<\/tr>\n<tr id=\"trennlinie\" bgcolor=\"#CCCCCC\">\n<td align=\"center\">(mm)<\/td>\n<td align=\"center\">(N\/mm\u00b2)<\/td>\n<td align=\"center\"><\/td>\n<td align=\"center\">(Kg)<\/td>\n<\/tr>\n<tr>\n<td align=\"center\" height=\"17\">\u00a00,25<\/td>\n<td align=\"center\">980<\/td>\n<td align=\"center\">\u00a0K-160<\/td>\n<td align=\"center\">7,0<\/td>\n<\/tr>\n<tr>\n<td align=\"center\" height=\"17\">0,25<\/td>\n<td align=\"center\">980<\/td>\n<td align=\"center\">P-10<\/td>\n<td align=\"center\">10,0<\/td>\n<\/tr>\n<tr>\n<td align=\"center\" height=\"17\">0,25<\/td>\n<td align=\"center\">980<\/td>\n<td align=\"center\">P-15<\/td>\n<td align=\"center\">20,0<\/td>\n<\/tr>\n<\/tbody>\n<\/table>\n<p><\/p>","protected":false},"excerpt":{"rendered":"<p>Auf Anfrage<\/p>\n<p>Messing-Drahtelektrode mit 980 N, speziell f\u00fcr japanische EDM Maschinen empfohlen<\/p>\n","protected":false},"featured_media":12696,"template":"","meta":[],"product_cat":[490],"product_tag":[477,439,440,465,450],"_links":{"self":[{"href":"https:\/\/www.edm-tec.org\/de\/wp-json\/wp\/v2\/product\/3713"}],"collection":[{"href":"https:\/\/www.edm-tec.org\/de\/wp-json\/wp\/v2\/product"}],"about":[{"href":"https:\/\/www.edm-tec.org\/de\/wp-json\/wp\/v2\/types\/product"}],"wp:featuredmedia":[{"embeddable":true,"href":"https:\/\/www.edm-tec.org\/de\/wp-json\/wp\/v2\/media\/12696"}],"wp:attachment":[{"href":"https:\/\/www.edm-tec.org\/de\/wp-json\/wp\/v2\/media?parent=3713"}],"wp:term":[{"taxonomy":"product_cat","embeddable":true,"href":"https:\/\/www.edm-tec.org\/de\/wp-json\/wp\/v2\/product_cat?post=3713"},{"taxonomy":"product_tag","embeddable":true,"href":"https:\/\/www.edm-tec.org\/de\/wp-json\/wp\/v2\/product_tag?post=3713"}],"curies":[{"name":"wp","href":"https:\/\/api.w.org\/{rel}","templated":true}]}}