{"id":3312,"date":"2018-03-21T11:35:14","date_gmt":"2018-03-21T10:35:14","guid":{"rendered":"https:\/\/www.edm-tec.org\/?post_type=product&#038;p=3312"},"modified":"2019-11-08T12:30:06","modified_gmt":"2019-11-08T11:30:06","slug":"harz-tauschsysteme","status":"publish","type":"product","link":"https:\/\/www.edm-tec.org\/de\/produkte\/harz-tauschsysteme\/","title":{"rendered":"Harz\/Tauschsysteme"},"content":{"rendered":"<p><\/p>\n<h4>Mehr als eine herk\u00f6mmliche Harz-Patrone<\/h4>\n<p>&nbsp;<\/p>\n<p><strong><img loading=\"lazy\" decoding=\"async\" class=\"wp-image-9247 alignleft\" src=\"\/wp-content\/uploads\/2018\/03\/harzfaesser.jpg\" alt=\"\" width=\"254\" height=\"398\" srcset=\"https:\/\/www.edm-tec.org\/wp-content\/uploads\/2018\/03\/harzfaesser.jpg 1300w, https:\/\/www.edm-tec.org\/wp-content\/uploads\/2018\/03\/harzfaesser-191x300.jpg 191w, https:\/\/www.edm-tec.org\/wp-content\/uploads\/2018\/03\/harzfaesser-768x1206.jpg 768w, https:\/\/www.edm-tec.org\/wp-content\/uploads\/2018\/03\/harzfaesser-414x650.jpg 414w, https:\/\/www.edm-tec.org\/wp-content\/uploads\/2018\/03\/harzfaesser-241x378.jpg 241w, https:\/\/www.edm-tec.org\/wp-content\/uploads\/2018\/03\/harzfaesser-382x600.jpg 382w, https:\/\/www.edm-tec.org\/wp-content\/uploads\/2018\/03\/harzfaesser-424x665.jpg 424w\" sizes=\"(max-width: 254px) 100vw, 254px\" \/>Der &#8222;Tennisball-Effekt&#8220;<\/strong><br \/>\nWerden z.B. Tennisb\u00e4lle in einem Beh\u00e4lter zusammengepresst, verringert sich daduch die gesamte Oberfl\u00e4che. \u00c4hnlich verh\u00e4lt es sich beim Harz. W\u00e4hrend des Betriebes verdichtet und verschmutzt sich dieses, die Durchl\u00e4ssigkeit wird schlechter und die Reaktionsoberfl\u00e4che wird kleiner. Dadurch kann es auch zur Kanalbildung kommen. Die Folge ist, dass Harz ausgetauscht werden muss, bevor es wirklich ausgenutzt ist.<br \/>\n<strong><br \/>\nAnders bei EDM-TEC &#8211; Beh\u00e4ltern:<\/strong><br \/>\nDank dem integrierten System zur Harzauflockerung werden verdeckte Oberfl\u00e4chen freigelegt, die Durchl\u00e4ssigkeit wird erh\u00f6ht und die Betriebsdauer der Harzf\u00fcllung verl\u00e4ngert sich.<br \/>\nSparen Sie noch mehr mit der integrierten Entl\u00fcftung: Damit sind die EDM-TEC-Beh\u00e4lter w\u00e4hrend der gesamten Betriebsdauer vollst\u00e4ndig mit Dielektrikum gef\u00fcllt und es wird die komplette Harzmenge bis ganz oben im Beh\u00e4lter genutzt.<\/p>\n<p>Die Beh\u00e4lter aus V4A sind von hoher Qualit\u00e4t und gew\u00e4hren eine lange Lebensdauer. Sie bieten eine hohe Betriebssicherheit hinsichtlich Druck, Temperatur, Bedienung und Schlagunempfindlichkeit.<\/p>\n<p><strong>Das bedeutet f\u00fcr Sie:<\/strong><\/p>\n<ul>\n<li>messbare Kostensenkung<\/li>\n<li>Zeitersparnis<\/li>\n<li>erh\u00f6hte Sicherheit<\/li>\n<\/ul>\n<p><strong>durch:<\/strong><\/p>\n<ul>\n<li>l\u00e4ngere Lebensdauer<\/li>\n<li>verringerten Harzbedarf<\/li>\n<li>weniger Transportaufkommen<\/li>\n<li>druckfeste, standsichere und<\/li>\n<li>gro\u00dfvolumige Edelstahlbeh\u00e4lter<\/li>\n<\/ul>\n<h4>Mehr Infos erhalten Sie hier im Datenblatt&#8230;.<\/h4>\n<hr \/>\n<p><strong>Wasserkreislauf f\u00fcr Beh\u00e4lter-Systeme der EDM-Tec oHG<\/strong><\/p>\n<p><img loading=\"lazy\" decoding=\"async\" class=\"wp-image-12739 alignleft\" src=\"\/wp-content\/uploads\/2018\/03\/Wasserkreislauf.jpg\" alt=\"\" width=\"305\" height=\"351\" srcset=\"https:\/\/www.edm-tec.org\/wp-content\/uploads\/2018\/03\/Wasserkreislauf.jpg 810w, https:\/\/www.edm-tec.org\/wp-content\/uploads\/2018\/03\/Wasserkreislauf-261x300.jpg 261w, https:\/\/www.edm-tec.org\/wp-content\/uploads\/2018\/03\/Wasserkreislauf-768x884.jpg 768w, https:\/\/www.edm-tec.org\/wp-content\/uploads\/2018\/03\/Wasserkreislauf-565x650.jpg 565w, https:\/\/www.edm-tec.org\/wp-content\/uploads\/2018\/03\/Wasserkreislauf-241x277.jpg 241w, https:\/\/www.edm-tec.org\/wp-content\/uploads\/2018\/03\/Wasserkreislauf-382x440.jpg 382w\" sizes=\"(max-width: 305px) 100vw, 305px\" \/><\/p>\n<p>Klare, \u00fcbersichtliche Anordnung f\u00fcr die einzigartigen Funktionen:<\/p>\n<ul>\n<li>Die Tauschbeh\u00e4lter von EDM-TEC beinhalten ein integriertes System zur Harzauflockerung und eine sichere Entl\u00fcftung.<\/li>\n<li>Einfachste Bedienung durch Standard-Schellkupplungen.<\/li>\n<li>Das kontinuierliche Auflockern des Harzes erfolgt durch permanentes Aufwirbeln im Wasserkreislauf.<\/li>\n<\/ul>\n<p>&nbsp;<\/p>\n<p>&nbsp;<\/p>\n<p>&nbsp;<\/p>\n<p>&nbsp;<\/p>\n<p>&nbsp;<\/p>\n<p>&nbsp;<\/p>\n<p>&nbsp;<\/p>\n<hr \/>\n<p><img loading=\"lazy\" decoding=\"async\" class=\"alignnone wp-image-9246\" src=\"\/wp-content\/uploads\/2018\/03\/Harz-2.jpg\" alt=\"\" width=\"456\" height=\"247\" srcset=\"https:\/\/www.edm-tec.org\/wp-content\/uploads\/2018\/03\/Harz-2.jpg 569w, https:\/\/www.edm-tec.org\/wp-content\/uploads\/2018\/03\/Harz-2-300x162.jpg 300w, https:\/\/www.edm-tec.org\/wp-content\/uploads\/2018\/03\/Harz-2-241x130.jpg 241w, https:\/\/www.edm-tec.org\/wp-content\/uploads\/2018\/03\/Harz-2-382x207.jpg 382w\" sizes=\"(max-width: 456px) 100vw, 456px\" \/><\/p>\n<hr \/>\n<p><img loading=\"lazy\" decoding=\"async\" class=\"alignnone size-full wp-image-12475\" src=\"\/wp-content\/uploads\/2018\/08\/Tabelle-Harz-Systeme.jpg\" alt=\"\" width=\"698\" height=\"250\" srcset=\"https:\/\/www.edm-tec.org\/wp-content\/uploads\/2018\/08\/Tabelle-Harz-Systeme.jpg 698w, https:\/\/www.edm-tec.org\/wp-content\/uploads\/2018\/08\/Tabelle-Harz-Systeme-300x107.jpg 300w, https:\/\/www.edm-tec.org\/wp-content\/uploads\/2018\/08\/Tabelle-Harz-Systeme-650x233.jpg 650w, https:\/\/www.edm-tec.org\/wp-content\/uploads\/2018\/08\/Tabelle-Harz-Systeme-241x86.jpg 241w, https:\/\/www.edm-tec.org\/wp-content\/uploads\/2018\/08\/Tabelle-Harz-Systeme-382x137.jpg 382w\" sizes=\"(max-width: 698px) 100vw, 698px\" \/><\/p>\n<p><img loading=\"lazy\" decoding=\"async\" class=\" wp-image-16154 alignnone\" src=\"https:\/\/www.edm-tec.org\/wp-content\/uploads\/2019\/03\/Vergleich-Faesser-groesse.jpg\" alt=\"\" width=\"692\" height=\"427\" srcset=\"https:\/\/www.edm-tec.org\/wp-content\/uploads\/2019\/03\/Vergleich-Faesser-groesse.jpg 1048w, https:\/\/www.edm-tec.org\/wp-content\/uploads\/2019\/03\/Vergleich-Faesser-groesse-300x185.jpg 300w, https:\/\/www.edm-tec.org\/wp-content\/uploads\/2019\/03\/Vergleich-Faesser-groesse-768x474.jpg 768w, https:\/\/www.edm-tec.org\/wp-content\/uploads\/2019\/03\/Vergleich-Faesser-groesse-650x401.jpg 650w, https:\/\/www.edm-tec.org\/wp-content\/uploads\/2019\/03\/Vergleich-Faesser-groesse-241x149.jpg 241w, https:\/\/www.edm-tec.org\/wp-content\/uploads\/2019\/03\/Vergleich-Faesser-groesse-382x236.jpg 382w\" sizes=\"(max-width: 692px) 100vw, 692px\" \/><\/p>","protected":false},"excerpt":{"rendered":"<p>Auf Anfrage<\/p>\n<p>EDM-TEC Tauschbeh\u00e4lter mit integriertem System zur Harzauflockerung und sicherer Entl\u00fcftung<\/p>\n","protected":false},"featured_media":9251,"template":"","meta":[],"product_cat":[35],"product_tag":[431,436],"_links":{"self":[{"href":"https:\/\/www.edm-tec.org\/de\/wp-json\/wp\/v2\/product\/3312"}],"collection":[{"href":"https:\/\/www.edm-tec.org\/de\/wp-json\/wp\/v2\/product"}],"about":[{"href":"https:\/\/www.edm-tec.org\/de\/wp-json\/wp\/v2\/types\/product"}],"wp:featuredmedia":[{"embeddable":true,"href":"https:\/\/www.edm-tec.org\/de\/wp-json\/wp\/v2\/media\/9251"}],"wp:attachment":[{"href":"https:\/\/www.edm-tec.org\/de\/wp-json\/wp\/v2\/media?parent=3312"}],"wp:term":[{"taxonomy":"product_cat","embeddable":true,"href":"https:\/\/www.edm-tec.org\/de\/wp-json\/wp\/v2\/product_cat?post=3312"},{"taxonomy":"product_tag","embeddable":true,"href":"https:\/\/www.edm-tec.org\/de\/wp-json\/wp\/v2\/product_tag?post=3312"}],"curies":[{"name":"wp","href":"https:\/\/api.w.org\/{rel}","templated":true}]}}