{"id":3289,"date":"2018-03-21T09:41:54","date_gmt":"2018-03-21T08:41:54","guid":{"rendered":"https:\/\/www.edm-tec.org\/?post_type=product&#038;p=3289"},"modified":"2023-03-13T09:39:52","modified_gmt":"2023-03-13T08:39:52","slug":"maschinenreiniger","status":"publish","type":"product","link":"https:\/\/www.edm-tec.org\/de\/produkte\/maschinenreiniger\/","title":{"rendered":"Maschinenreiniger EDM-TEC CLEANER"},"content":{"rendered":"<p><strong>EDM-TEC CLEANER<\/strong> ist ein Salzs\u00e4ure-freies Produkt, das bestens zur Anwendung an Maschinen, Maschinenteilen und Werkzeugen geeignet ist. Es reinigt und desinfiziert, l\u00f6st m\u00fcherlos Fet- und Seifenreste, Wasserstein, Urinstein und Rost.<\/p>\n<p><strong>Gebrauchsanweisung:<\/strong><br \/>\nZur normalen Reinigung 0,5 bis 1,0 Ltr. auf 10 Ltr. Wasser geben. Starke Ablagerungen mit unverd\u00fcnntem <strong>EDM-TEC CLEANER<\/strong> behandeln. Verchromte Armaturen werden nicht angegriffen. Es ist jedoch zweckm\u00e4\u00dfig, die Armaturen nach jeder Reinigung mit klarem Wasser nachzusp\u00fclen.<\/p>\n<p><strong>Inhaltstofe nach EG Empfehlung:<\/strong><\/p>\n<ul>\n<li>5-15% nichtonische Tenside<\/li>\n<li>15-30% Phosphoirs\u00e4ure<\/li>\n<li>Weitere Inhaltsstoffe:\n<ul>\n<li>Organische S\u00e4ure<\/li>\n<li>Riechstoffe<\/li>\n<\/ul>\n<\/li>\n<\/ul>\n<p>Gepr\u00fcft durch die S\u00e4urefliesner-Vereinigung.<br \/>\nEingetragen in der RK-Liste.<\/p>\n<ul>\n<li><strong>Inhalt: <\/strong>5 Liter<\/li>\n<\/ul>\n<p><\/p>","protected":false},"excerpt":{"rendered":"<p>Auf Anfrage<\/p>\n","protected":false},"featured_media":12989,"template":"","meta":[],"product_cat":[80],"product_tag":[484,483],"_links":{"self":[{"href":"https:\/\/www.edm-tec.org\/de\/wp-json\/wp\/v2\/product\/3289"}],"collection":[{"href":"https:\/\/www.edm-tec.org\/de\/wp-json\/wp\/v2\/product"}],"about":[{"href":"https:\/\/www.edm-tec.org\/de\/wp-json\/wp\/v2\/types\/product"}],"wp:featuredmedia":[{"embeddable":true,"href":"https:\/\/www.edm-tec.org\/de\/wp-json\/wp\/v2\/media\/12989"}],"wp:attachment":[{"href":"https:\/\/www.edm-tec.org\/de\/wp-json\/wp\/v2\/media?parent=3289"}],"wp:term":[{"taxonomy":"product_cat","embeddable":true,"href":"https:\/\/www.edm-tec.org\/de\/wp-json\/wp\/v2\/product_cat?post=3289"},{"taxonomy":"product_tag","embeddable":true,"href":"https:\/\/www.edm-tec.org\/de\/wp-json\/wp\/v2\/product_tag?post=3289"}],"curies":[{"name":"wp","href":"https:\/\/api.w.org\/{rel}","templated":true}]}}