{"id":27525,"date":"2024-11-15T11:55:16","date_gmt":"2024-11-15T10:55:16","guid":{"rendered":"https:\/\/www.edm-tec.org\/?post_type=product&#038;p=27525"},"modified":"2024-11-15T12:06:43","modified_gmt":"2024-11-15T11:06:43","slug":"fuehrungsblock-oben-mit-tuer-3","status":"publish","type":"product","link":"https:\/\/www.edm-tec.org\/de\/produkte\/fuehrungsblock-oben-mit-tuer-3\/","title":{"rendered":"F\u00fchrungsblock oben, mit T\u00fcr"},"content":{"rendered":"<h3>F\u00fchrungsblock oben, mit T\u00fcr X192 B707 H01<\/h3>\n<ul>\n<li><strong>Passend f\u00fcr:\u00a0<\/strong>Mitsubishi FA<\/li>\n<li>6V, 10.0Ah<\/li>\n<\/ul>\n<p><\/p>","protected":false},"excerpt":{"rendered":"<p>Entspricht: X192 B707 H01<\/p>\n","protected":false},"featured_media":27526,"template":"","meta":[],"product_cat":[726,976,1046],"product_tag":[],"_links":{"self":[{"href":"https:\/\/www.edm-tec.org\/de\/wp-json\/wp\/v2\/product\/27525"}],"collection":[{"href":"https:\/\/www.edm-tec.org\/de\/wp-json\/wp\/v2\/product"}],"about":[{"href":"https:\/\/www.edm-tec.org\/de\/wp-json\/wp\/v2\/types\/product"}],"wp:featuredmedia":[{"embeddable":true,"href":"https:\/\/www.edm-tec.org\/de\/wp-json\/wp\/v2\/media\/27526"}],"wp:attachment":[{"href":"https:\/\/www.edm-tec.org\/de\/wp-json\/wp\/v2\/media?parent=27525"}],"wp:term":[{"taxonomy":"product_cat","embeddable":true,"href":"https:\/\/www.edm-tec.org\/de\/wp-json\/wp\/v2\/product_cat?post=27525"},{"taxonomy":"product_tag","embeddable":true,"href":"https:\/\/www.edm-tec.org\/de\/wp-json\/wp\/v2\/product_tag?post=27525"}],"curies":[{"name":"wp","href":"https:\/\/api.w.org\/{rel}","templated":true}]}}