{"id":2607,"date":"2018-03-20T08:03:49","date_gmt":"2018-03-20T07:03:49","guid":{"rendered":"https:\/\/www.edm-tec.org\/?post_type=product&#038;p=2607"},"modified":"2019-08-23T09:46:30","modified_gmt":"2019-08-23T07:46:30","slug":"gamma-brass","status":"publish","type":"product","link":"https:\/\/www.edm-tec.org\/de\/produkte\/gamma-brass\/","title":{"rendered":"Gamma Brass"},"content":{"rendered":"<p><\/p>\n<h5>Gammaphasen-Drahtelektroden \u2013 Gamma Brass mit 500 oder 900 N\/mm\u00b2<\/h5>\n<p>Unsere Gammaphasen-Drahtelektroden unterscheiden sich von herk\u00f6mmlichen beschichteten Produkten durch die Zusammensetzung der Drahtoberfl\u00e4che: im Gegensatz zu zinkbeschichteten Drahtelektroden hat Gamma Brass eine \u201eLegierung\u201c mit einem h\u00f6heren Zink- als Kupferanteil, welcher durch Diffusionsgl\u00fchen auf Kerndr\u00e4hte aus Messing aufgebracht werden.<\/p>\n<p>Daraus resultiert ein sehr gutes Abtragsverhalten bei unterschiedlichen Anwendungen !<\/p>\n<p>Gamma Brass ist betriebssicher und hat ein hohes Schnittleistungspotenzial bei sehr guten Oberfl\u00e4chen.<\/p>\n<p><strong>Kernmaterial:<\/strong> CuZn 65\/35<br \/>\n<strong>Mantelmaterial:<\/strong> CuZn mit erh\u00f6htem Zn Gehalt<\/p>\n<p><b>Vorteile Hochleistungsdraht: <\/b><\/p>\n<ul>\n<li>Sehr gutes Abtragsverhalten<\/li>\n<li>Hohe Prozesssicherheit<\/li>\n<li>Bis zu 50 % h\u00f6here Schnittgeschwindigkeiten gegen\u00fcber Blankdraht<\/li>\n<li>Einwandfreies automatisches Einf\u00e4deln<\/li>\n<\/ul>\n<p>Die verf\u00fcgbaren Durchmesser, Zugfestigkeiten und Spulengr\u00f6\u00dfen entnehmen Sie nachfolgender Tabelle.<\/p>\n<p>&gt;&gt; <a title=\"\" href=\"https:\/\/www.edm-tec.org\/wp-content\/downloads\/Gamma-Brass-DE.pdf\" target=\"_blank\" rel=\"noopener noreferrer\">Zum Produktdatenblatt<\/a> &lt;&lt;<\/p>\n<table width=\"685\" cellspacing=\"0\" cellpadding=\"0\">\n<tbody>\n<tr align=\"center\">\n<td colspan=\"5\" bgcolor=\"#e8a860\" width=\"480\">Beschichteter MS-Draht mit Gammaphase <strong>Gamma Brass 500 \/ 900<\/strong><\/td>\n<\/tr>\n<tr bgcolor=\"#CCCCCC\">\n<td align=\"center\">Durchmesse<br \/>\nDiameter<\/td>\n<td align=\"center\">Zugfestigkeit<br \/>\nTensile Strength<\/td>\n<td align=\"center\">Spulentyp<br \/>\nSpool type<\/td>\n<td align=\"center\">Gewicht\/Spule<br \/>\nWeight\/Spool<\/td>\n<td align=\"center\">Spulen\/Karton<br \/>\nSpools\/Package<\/td>\n<\/tr>\n<tr id=\"trennlinie\" bgcolor=\"#CCCCCC\">\n<td align=\"center\">(mm)<\/td>\n<td align=\"center\">(N\/mm\u00b2)<\/td>\n<td align=\"center\"><\/td>\n<td align=\"center\">(kg)<\/td>\n<td align=\"center\"><\/td>\n<\/tr>\n<tr>\n<td align=\"center\">0,20<\/td>\n<td align=\"center\">900 N<\/td>\n<td align=\"center\">K-160<\/td>\n<td align=\"center\">8<\/td>\n<td align=\"center\">2<\/td>\n<\/tr>\n<tr>\n<td align=\"center\">0,20<\/td>\n<td align=\"center\">900 N<\/td>\n<td align=\"center\">K-200<\/td>\n<td align=\"center\">16<\/td>\n<td align=\"center\">1<\/td>\n<\/tr>\n<tr>\n<td align=\"center\"><\/td>\n<td align=\"center\"><\/td>\n<td align=\"center\"><\/td>\n<td align=\"center\"><\/td>\n<td align=\"center\"><\/td>\n<\/tr>\n<tr>\n<td align=\"center\">0,25<\/td>\n<td align=\"center\">500 N<\/td>\n<td align=\"center\">K-160<\/td>\n<td align=\"center\">8<\/td>\n<td align=\"center\">2<\/td>\n<\/tr>\n<tr>\n<td align=\"center\">0,25<\/td>\n<td align=\"center\">500 N<\/td>\n<td align=\"center\">K-200<\/td>\n<td align=\"center\">16<\/td>\n<td align=\"center\">1<\/td>\n<\/tr>\n<tr>\n<td align=\"center\"><\/td>\n<td align=\"center\"><\/td>\n<td align=\"center\"><\/td>\n<td align=\"center\"><\/td>\n<td align=\"center\"><\/td>\n<\/tr>\n<tr>\n<td align=\"center\">0,25<\/td>\n<td align=\"center\">900 N<\/td>\n<td align=\"center\">K-160<\/td>\n<td align=\"center\">8<\/td>\n<td align=\"center\">2<\/td>\n<\/tr>\n<tr>\n<td align=\"center\">0,25<\/td>\n<td align=\"center\">900 N<\/td>\n<td align=\"center\">K-200<\/td>\n<td align=\"center\">16<\/td>\n<td align=\"center\">1<\/td>\n<\/tr>\n<tr>\n<td align=\"center\">0,25<\/td>\n<td align=\"center\">900 N<\/td>\n<td align=\"center\">K-250<\/td>\n<td align=\"center\">25<\/td>\n<td align=\"center\">1<\/td>\n<\/tr>\n<tr>\n<td align=\"center\">0,25<\/td>\n<td align=\"center\">900 N<\/td>\n<td align=\"center\">P-10<\/td>\n<td align=\"center\">10<\/td>\n<td align=\"center\">1<\/td>\n<\/tr>\n<tr>\n<td align=\"center\">0,25<\/td>\n<td align=\"center\">900 N<\/td>\n<td align=\"center\">P-20<\/td>\n<td align=\"center\">20<\/td>\n<td align=\"center\">1<\/td>\n<\/tr>\n<tr>\n<td align=\"center\"><\/td>\n<td align=\"center\"><\/td>\n<td align=\"center\"><\/td>\n<td align=\"center\"><\/td>\n<td align=\"center\"><\/td>\n<\/tr>\n<tr>\n<td align=\"center\">0,30<\/td>\n<td align=\"center\">500 N<\/td>\n<td align=\"center\">K-160<\/td>\n<td align=\"center\">8<\/td>\n<td align=\"center\">2<\/td>\n<\/tr>\n<tr>\n<td align=\"center\">0,30<\/td>\n<td align=\"center\">500 N<\/td>\n<td align=\"center\">K-200<\/td>\n<td align=\"center\">16<\/td>\n<td align=\"center\">1<\/td>\n<\/tr>\n<tr>\n<td align=\"center\"><\/td>\n<td align=\"center\"><\/td>\n<td align=\"center\"><\/td>\n<td align=\"center\"><\/td>\n<td align=\"center\"><\/td>\n<\/tr>\n<tr>\n<td align=\"center\">0,30<\/td>\n<td align=\"center\">900 N<\/td>\n<td align=\"center\">K-160<\/td>\n<td align=\"center\">8<\/td>\n<td align=\"center\">2<\/td>\n<\/tr>\n<tr>\n<td align=\"center\">0,30<\/td>\n<td align=\"center\">900 N<\/td>\n<td align=\"center\">K-200<\/td>\n<td align=\"center\">16<\/td>\n<td align=\"center\">1<\/td>\n<\/tr>\n<tr>\n<td align=\"center\">0,30<\/td>\n<td align=\"center\">900 N<\/td>\n<td align=\"center\">K-250<\/td>\n<td align=\"center\">25<\/td>\n<td align=\"center\">1<\/td>\n<\/tr>\n<tr>\n<td align=\"center\">0,30<\/td>\n<td align=\"center\">900 N<\/td>\n<td align=\"center\">P-10<\/td>\n<td align=\"center\">10<\/td>\n<td align=\"center\">1<\/td>\n<\/tr>\n<tr>\n<td align=\"center\">0,30<\/td>\n<td align=\"center\">900 N<\/td>\n<td align=\"center\">P-20<\/td>\n<td align=\"center\">20<\/td>\n<td align=\"center\">1<\/td>\n<\/tr>\n<\/tbody>\n<\/table>\n<p><\/p>","protected":false},"excerpt":{"rendered":"<p>Auf Anfrage<\/p>\n<p>Gamma Brass mit einem h\u00f6heren Zink- als Kupferanteil, hat ein hohes Schnittleistungspotenzial bei sehr guten Oberfl\u00e4chen<\/p>\n","protected":false},"featured_media":15682,"template":"","meta":[],"product_cat":[87],"product_tag":[439,440,470,471,472],"_links":{"self":[{"href":"https:\/\/www.edm-tec.org\/de\/wp-json\/wp\/v2\/product\/2607"}],"collection":[{"href":"https:\/\/www.edm-tec.org\/de\/wp-json\/wp\/v2\/product"}],"about":[{"href":"https:\/\/www.edm-tec.org\/de\/wp-json\/wp\/v2\/types\/product"}],"wp:featuredmedia":[{"embeddable":true,"href":"https:\/\/www.edm-tec.org\/de\/wp-json\/wp\/v2\/media\/15682"}],"wp:attachment":[{"href":"https:\/\/www.edm-tec.org\/de\/wp-json\/wp\/v2\/media?parent=2607"}],"wp:term":[{"taxonomy":"product_cat","embeddable":true,"href":"https:\/\/www.edm-tec.org\/de\/wp-json\/wp\/v2\/product_cat?post=2607"},{"taxonomy":"product_tag","embeddable":true,"href":"https:\/\/www.edm-tec.org\/de\/wp-json\/wp\/v2\/product_tag?post=2607"}],"curies":[{"name":"wp","href":"https:\/\/api.w.org\/{rel}","templated":true}]}}