{"id":2352,"date":"2018-03-19T15:04:40","date_gmt":"2018-03-19T14:04:40","guid":{"rendered":"https:\/\/www.edm-tec.org\/?post_type=product&#038;p=2352"},"modified":"2026-04-01T14:48:34","modified_gmt":"2026-04-01T12:48:34","slug":"daco-cut-a","status":"publish","type":"product","link":"https:\/\/www.edm-tec.org\/de\/produkte\/daco-cut-a\/","title":{"rendered":"Daco-Cut A"},"content":{"rendered":"<p><\/p>\n<h5>Zinkbeschichtete Messing-Drahtelektroden Daco-Cut A mit 500 oder 900 N\/mm\u00b2<\/h5>\n<p><strong>Fertigung nach den h\u00f6chsten Qualit\u00e4tsstandards in Deutschland.<\/strong><\/p>\n<p>Zinkbeschichtete Messing-Drahtelektroden bestehen aus einem Messing-Drahtkern, sind beschichtet mit Zink und werden zus\u00e4tzlich speziellen Oberfl\u00e4chenbehandlungen unterzogen.<\/p>\n<p>Die verh\u00e4ltnism\u00e4\u00dfig d\u00fcnne Zink-Beschichtung verdunstet auf geringerem Energielevel als die Messingbestandteile der Elektrode.<br \/>\nDies verbessert deutlich die Sp\u00fclung der abgetragenen Partikel w\u00e4hrend des Schneidprozesses.<\/p>\n<p>Dadurch erzielt der Daco Cut A hervorragende Oberfl\u00e4chen.<\/p>\n<p><strong>Kernmaterial:<\/strong> CuZn37<br \/>\n<strong>Mantelmaterial:<\/strong> Zn<\/p>\n<p>Diese Drahtelektroden sind speziell geeignet f\u00fcr alle EDM-Maschinen mit automatischer Einf\u00e4delung.<\/p>\n<ul>\n<li><strong>900 N\/mm\u00b2:<\/strong>\n<ul>\n<li>eignet sich besonders f\u00fcr den Einsatz auf AGIE Drahterodiermaschinen<\/li>\n<\/ul>\n<\/li>\n<li><strong>500 N\/mm\u00b2:\u00a0\u00a0<\/strong>\n<ul>\n<li>wird besonders f\u00fcr starke Koniken und auf einigen Charmilles Drahterodiermaschinen zur Erzielung h\u00f6chster Oberfl\u00e4cheng\u00fcten eingesetzt.<\/li>\n<\/ul>\n<\/li>\n<\/ul>\n<p>Die verf\u00fcgbaren Durchmesser, Zugfestigkeiten und Spulengr\u00f6\u00dfen entnehmen Sie nachfolgender Tabelle.<\/p>\n<table width=\"685\" cellspacing=\"0\" cellpadding=\"0\">\n<colgroup>\n<col width=\"85\" \/>\n<col width=\"114\" \/>\n<col width=\"103\" \/>\n<col width=\"125\" \/>\n<col width=\"113\" \/>\n<col width=\"93\" \/> <\/colgroup>\n<tbody>\n<tr align=\"center\" valign=\"middle\">\n<td colspan=\"5\" bgcolor=\"#e8a860\" width=\"633\">MS Draht zinkbeschichtet Daco-Cut A 500\/900<\/td>\n<\/tr>\n<tr bgcolor=\"#CCCCCC\">\n<td align=\"center\" valign=\"middle\">Durchmesser<br \/>\nDiameter<\/td>\n<td align=\"center\" valign=\"middle\">Zugfestigkeit<br \/>\nTensile Strength<\/td>\n<td align=\"center\" valign=\"middle\">Spulentyp<br \/>\nSpool type<\/td>\n<td align=\"center\" valign=\"middle\">Gewicht\/Spule<br \/>\nWeight\/Spool<\/td>\n<td align=\"center\" valign=\"middle\">Spulen\/Karton<br \/>\nSpools\/Package<\/td>\n<\/tr>\n<tr id=\"trennlinie\" bgcolor=\"#CCCCCC\">\n<td align=\"center\" valign=\"middle\">( mm )<\/td>\n<td align=\"center\" valign=\"middle\">( N\/mm\u00b2 )<\/td>\n<td align=\"center\" valign=\"middle\"><\/td>\n<td align=\"center\" valign=\"middle\">( kg )<\/td>\n<td align=\"center\" valign=\"middle\"><\/td>\n<\/tr>\n<tr id=\"trennlinie\">\n<td rowspan=\"1\" align=\"center\" valign=\"middle\">0,10<\/td>\n<td rowspan=\"1\" align=\"center\" valign=\"middle\">900 N<\/td>\n<td rowspan=\"1\" align=\"center\" valign=\"middle\">K-125<\/td>\n<td rowspan=\"1\" align=\"center\" valign=\"middle\">3,5<\/td>\n<td rowspan=\"1\" align=\"center\" valign=\"middle\">4<\/td>\n<\/tr>\n<tr>\n<td align=\"center\" valign=\"middle\"><\/td>\n<td align=\"center\" valign=\"middle\"><\/td>\n<td align=\"center\" valign=\"middle\"><\/td>\n<td align=\"center\" valign=\"middle\"><\/td>\n<td align=\"center\" valign=\"middle\"><\/td>\n<\/tr>\n<tr>\n<td align=\"center\" valign=\"middle\">0,15<\/td>\n<td align=\"center\" valign=\"middle\">900 N<\/td>\n<td align=\"center\" valign=\"middle\">K-125<\/td>\n<td align=\"center\" valign=\"middle\">3,5<\/td>\n<td align=\"center\" valign=\"middle\">4<\/td>\n<\/tr>\n<tr>\n<td align=\"center\" valign=\"middle\">0,15<\/td>\n<td align=\"center\" valign=\"middle\">900 N<\/td>\n<td align=\"center\" valign=\"middle\">K-160<\/td>\n<td align=\"center\" valign=\"middle\">8<\/td>\n<td align=\"center\" valign=\"middle\">2<\/td>\n<\/tr>\n<tr>\n<td align=\"center\" valign=\"middle\"><\/td>\n<td align=\"center\" valign=\"middle\"><\/td>\n<td align=\"center\" valign=\"middle\"><\/td>\n<td align=\"center\" valign=\"middle\"><\/td>\n<td align=\"center\" valign=\"middle\"><\/td>\n<\/tr>\n<tr>\n<td align=\"center\" valign=\"middle\">0,20<\/td>\n<td align=\"center\" valign=\"middle\">900 N<\/td>\n<td align=\"center\" valign=\"middle\">K-125<\/td>\n<td align=\"center\" valign=\"middle\">3,5<\/td>\n<td align=\"center\" valign=\"middle\">4<\/td>\n<\/tr>\n<tr>\n<td align=\"center\" valign=\"middle\">0,20<\/td>\n<td align=\"center\" valign=\"middle\">900 N<\/td>\n<td align=\"center\" valign=\"middle\">K-160<\/td>\n<td align=\"center\" valign=\"middle\">8<\/td>\n<td align=\"center\" valign=\"middle\">2<\/td>\n<\/tr>\n<tr>\n<td align=\"center\" valign=\"middle\">0,20<\/td>\n<td align=\"center\" valign=\"middle\">900 N<\/td>\n<td align=\"center\" valign=\"middle\">K-200<\/td>\n<td align=\"center\" valign=\"middle\">16<\/td>\n<td align=\"center\" valign=\"middle\">1<\/td>\n<\/tr>\n<tr>\n<td align=\"center\" valign=\"middle\"><\/td>\n<td align=\"center\" valign=\"middle\"><\/td>\n<td align=\"center\" valign=\"middle\"><\/td>\n<td align=\"center\" valign=\"middle\"><\/td>\n<td align=\"center\" valign=\"middle\"><\/td>\n<\/tr>\n<tr>\n<td align=\"center\" valign=\"middle\">0,25<\/td>\n<td align=\"center\" valign=\"middle\">500 N<\/td>\n<td align=\"center\" valign=\"middle\">K-160<\/td>\n<td align=\"center\" valign=\"middle\">8<\/td>\n<td align=\"center\" valign=\"middle\">2<\/td>\n<\/tr>\n<tr>\n<td align=\"center\" valign=\"middle\">0,25<\/td>\n<td align=\"center\" valign=\"middle\">500 N<\/td>\n<td align=\"center\" valign=\"middle\">K-200<\/td>\n<td align=\"center\" valign=\"middle\">16<\/td>\n<td align=\"center\" valign=\"middle\">1<\/td>\n<\/tr>\n<tr>\n<td align=\"center\" valign=\"middle\"><\/td>\n<td align=\"center\" valign=\"middle\"><\/td>\n<td align=\"center\" valign=\"middle\"><\/td>\n<td align=\"center\" valign=\"middle\"><\/td>\n<td align=\"center\" valign=\"middle\"><\/td>\n<\/tr>\n<tr>\n<td align=\"center\" valign=\"middle\">0,25<\/td>\n<td align=\"center\" valign=\"middle\">900 N<\/td>\n<td align=\"center\" valign=\"middle\">K-125<\/td>\n<td align=\"center\" valign=\"middle\">3,5<\/td>\n<td align=\"center\" valign=\"middle\">4<\/td>\n<\/tr>\n<tr>\n<td align=\"center\" valign=\"middle\">0,25<\/td>\n<td align=\"center\" valign=\"middle\">900 N<\/td>\n<td align=\"center\" valign=\"middle\">K-160<\/td>\n<td align=\"center\" valign=\"middle\">8<\/td>\n<td align=\"center\" valign=\"middle\">2<\/td>\n<\/tr>\n<tr>\n<td align=\"center\" valign=\"middle\">0,25<\/td>\n<td align=\"center\" valign=\"middle\">900 N<\/td>\n<td align=\"center\" valign=\"middle\">K-200<\/td>\n<td align=\"center\" valign=\"middle\">16<\/td>\n<td align=\"center\" valign=\"middle\">1<\/td>\n<\/tr>\n<tr>\n<td align=\"center\" valign=\"middle\">0,25<\/td>\n<td align=\"center\" valign=\"middle\">900 N<\/td>\n<td align=\"center\" valign=\"middle\">K-250<\/td>\n<td align=\"center\" valign=\"middle\">25<\/td>\n<td align=\"center\" valign=\"middle\">1<\/td>\n<\/tr>\n<tr>\n<td align=\"center\" valign=\"middle\"><\/td>\n<td align=\"center\" valign=\"middle\"><\/td>\n<td align=\"center\" valign=\"middle\"><\/td>\n<td align=\"center\" valign=\"middle\"><\/td>\n<td align=\"center\" valign=\"middle\"><\/td>\n<\/tr>\n<tr>\n<td align=\"center\" valign=\"middle\">0,30<\/td>\n<td align=\"center\" valign=\"middle\">900 N<\/td>\n<td align=\"center\" valign=\"middle\">K-160<\/td>\n<td align=\"center\" valign=\"middle\">8<\/td>\n<td align=\"center\" valign=\"middle\">2<\/td>\n<\/tr>\n<tr>\n<td align=\"center\" valign=\"middle\">0,30<\/td>\n<td align=\"center\" valign=\"middle\">900 N<\/td>\n<td align=\"center\" valign=\"middle\">K-200<\/td>\n<td align=\"center\" valign=\"middle\">16<\/td>\n<td align=\"center\" valign=\"middle\">1<\/td>\n<\/tr>\n<\/tbody>\n<\/table>\n<p><\/p>","protected":false},"excerpt":{"rendered":"<p>Auf Anfrage<\/p>\n<p>Diese Drahtelektrode ist speziell geeignet f\u00fcr alle EDM-Maschinen mit automatischer Einf\u00e4delung<\/p>\n","protected":false},"featured_media":12658,"template":"","meta":[],"product_cat":[87],"product_tag":[477,439,440,465,472],"_links":{"self":[{"href":"https:\/\/www.edm-tec.org\/de\/wp-json\/wp\/v2\/product\/2352"}],"collection":[{"href":"https:\/\/www.edm-tec.org\/de\/wp-json\/wp\/v2\/product"}],"about":[{"href":"https:\/\/www.edm-tec.org\/de\/wp-json\/wp\/v2\/types\/product"}],"wp:featuredmedia":[{"embeddable":true,"href":"https:\/\/www.edm-tec.org\/de\/wp-json\/wp\/v2\/media\/12658"}],"wp:attachment":[{"href":"https:\/\/www.edm-tec.org\/de\/wp-json\/wp\/v2\/media?parent=2352"}],"wp:term":[{"taxonomy":"product_cat","embeddable":true,"href":"https:\/\/www.edm-tec.org\/de\/wp-json\/wp\/v2\/product_cat?post=2352"},{"taxonomy":"product_tag","embeddable":true,"href":"https:\/\/www.edm-tec.org\/de\/wp-json\/wp\/v2\/product_tag?post=2352"}],"curies":[{"name":"wp","href":"https:\/\/api.w.org\/{rel}","templated":true}]}}