{"id":23014,"date":"2024-02-14T12:59:29","date_gmt":"2024-02-14T11:59:29","guid":{"rendered":"https:\/\/www.edm-tec.org\/?post_type=product&#038;p=23014"},"modified":"2024-02-14T13:05:11","modified_gmt":"2024-02-14T12:05:11","slug":"drahtzug-mitlaeuferrolle-57-19x18","status":"publish","type":"product","link":"https:\/\/www.edm-tec.org\/de\/produkte\/drahtzug-mitlaeuferrolle-57-19x18\/","title":{"rendered":"Drahtzug-Mitl\u00e4uferrolle 57\/19&#215;18"},"content":{"rendered":"<p><\/p>\n<h4>Drahtzug-Mitl\u00e4uferrolle 57\/19&#215;18, X058 D078 G51<\/h4>\n<p>Das gro\u00dfe Verschlei\u00dfteileprogramm von EDM-TEC bietet alles an Zubeh\u00f6r f\u00fcr Ihre Erodiermaschinen. Egal ob Drahterosion und Senkerosion, wir halten st\u00e4ndig alle g\u00e4ngigen Artikel f\u00fcr alle Maschinentypen auf Lager: Agie, Brother, Charmilles, Fanuc, Hitachi, Japax, Makino, Mitsubishi, Seibu, Sodick, Washino usw.<\/p>\n<p>Testen Sie Drahtzug-Treibrolle 57\/10\/18, X058 D077 G51 von EDM-TEC! Unser hoher Qualit\u00e4tsanspruch kommt Ihnen dabei stets zugute.<\/p>\n<p><strong>Passend f\u00fcr:\u00a0<\/strong>Mitsubishi CX \/ DWC<\/p>","protected":false},"excerpt":{"rendered":"<p>Entspricht: X058 D078 G51<\/p>\n","protected":false},"featured_media":23015,"template":"","meta":[],"product_cat":[726,976,1049,792],"product_tag":[439],"_links":{"self":[{"href":"https:\/\/www.edm-tec.org\/de\/wp-json\/wp\/v2\/product\/23014"}],"collection":[{"href":"https:\/\/www.edm-tec.org\/de\/wp-json\/wp\/v2\/product"}],"about":[{"href":"https:\/\/www.edm-tec.org\/de\/wp-json\/wp\/v2\/types\/product"}],"wp:featuredmedia":[{"embeddable":true,"href":"https:\/\/www.edm-tec.org\/de\/wp-json\/wp\/v2\/media\/23015"}],"wp:attachment":[{"href":"https:\/\/www.edm-tec.org\/de\/wp-json\/wp\/v2\/media?parent=23014"}],"wp:term":[{"taxonomy":"product_cat","embeddable":true,"href":"https:\/\/www.edm-tec.org\/de\/wp-json\/wp\/v2\/product_cat?post=23014"},{"taxonomy":"product_tag","embeddable":true,"href":"https:\/\/www.edm-tec.org\/de\/wp-json\/wp\/v2\/product_tag?post=23014"}],"curies":[{"name":"wp","href":"https:\/\/api.w.org\/{rel}","templated":true}]}}