{"id":22881,"date":"2024-01-04T09:09:52","date_gmt":"2024-01-04T08:09:52","guid":{"rendered":"https:\/\/www.edm-tec.org\/produkte\/3v-akku-fuer-achse\/"},"modified":"2024-01-04T12:59:17","modified_gmt":"2024-01-04T11:59:17","slug":"3v-akku-fuer-achse-gemaess-lx98l-0031-0012","status":"publish","type":"product","link":"https:\/\/www.edm-tec.org\/de\/produkte\/3v-akku-fuer-achse-gemaess-lx98l-0031-0012\/","title":{"rendered":"3V Akku f\u00fcr Achse"},"content":{"rendered":"<p><\/p>\n<h3>3V Akku f\u00fcr Achse gem\u00e4\u00df LX98L-0031-0012<\/h3>\n<h4>Wir versorgen Sie mit Ersatzteilen in h\u00f6chster Qualit\u00e4t f\u00fcr die Drahterosion, Senkerosion und das funkenerosive Bohren.<\/h4>\n<ul>\n<li><strong>Passend f\u00fcr:<\/strong> Charmilles Robofil<\/li>\n<\/ul>\n<p>Bestellen Sie 3V Akku f\u00fcr Achse gem\u00e4\u00df LX98L-0031-0012 bei EDM-TEC GmbH<\/p>","protected":false},"excerpt":{"rendered":"<div class=\"woocommerce-product-details__short-description\">\n<p>Entspricht: LX98L-0031-0012<\/p>\n<\/div>\n","protected":false},"featured_media":22882,"template":"","meta":[],"product_cat":[78,968,1003],"product_tag":[],"_links":{"self":[{"href":"https:\/\/www.edm-tec.org\/de\/wp-json\/wp\/v2\/product\/22881"}],"collection":[{"href":"https:\/\/www.edm-tec.org\/de\/wp-json\/wp\/v2\/product"}],"about":[{"href":"https:\/\/www.edm-tec.org\/de\/wp-json\/wp\/v2\/types\/product"}],"wp:featuredmedia":[{"embeddable":true,"href":"https:\/\/www.edm-tec.org\/de\/wp-json\/wp\/v2\/media\/22882"}],"wp:attachment":[{"href":"https:\/\/www.edm-tec.org\/de\/wp-json\/wp\/v2\/media?parent=22881"}],"wp:term":[{"taxonomy":"product_cat","embeddable":true,"href":"https:\/\/www.edm-tec.org\/de\/wp-json\/wp\/v2\/product_cat?post=22881"},{"taxonomy":"product_tag","embeddable":true,"href":"https:\/\/www.edm-tec.org\/de\/wp-json\/wp\/v2\/product_tag?post=22881"}],"curies":[{"name":"wp","href":"https:\/\/api.w.org\/{rel}","templated":true}]}}