{"id":22474,"date":"2023-11-29T12:49:55","date_gmt":"2023-11-29T11:49:55","guid":{"rendered":"https:\/\/www.edm-tec.org\/produkte\/zylinder-stangenlos-mrl2-10-250-f\/"},"modified":"2023-11-30T07:55:56","modified_gmt":"2023-11-30T06:55:56","slug":"zylinder-stangenlos-mrl2-10-250-f","status":"publish","type":"product","link":"https:\/\/www.edm-tec.org\/de\/produkte\/zylinder-stangenlos-mrl2-10-250-f\/","title":{"rendered":"Zylinder, stangenlos MRL2-10-250-F"},"content":{"rendered":"<p><\/p>\n<h3>Zylinder, stangenlos MRL2-10-250-F<\/h3>\n<p>Das gro\u00dfe Verschlei\u00dfteileprogramm von EDM-TEC bietet alles an Zubeh\u00f6r f\u00fcr Ihre Erodiermaschinen. Egal ob Drahterosion und Senkerosion, wir halten st\u00e4ndig alle g\u00e4ngigen Artikel f\u00fcr alle Maschinentypen auf Lager: Agie, Brother, Charmilles, Fanuc, Hitachi, Japax, Makino, Mitsubishi, Seibu, Sodick, Washino usw.<\/p>\n<p>Testen Sie Zylinder, stangenlos MRL2-10-250-F, 2065646 von EDM-TEC! Unser hoher Qualit\u00e4tsanspruch kommt Ihnen dabei stets zugute.<\/p>\n<ul>\n<li><strong>Passend f\u00fcr:<\/strong> Sodick AQ<\/li>\n<\/ul>\n<p>&nbsp;<\/p>","protected":false},"excerpt":{"rendered":"<p>Entspricht: 2065646<\/p>\n","protected":false},"featured_media":22475,"template":"","meta":[],"product_cat":[78,979,1064],"product_tag":[],"_links":{"self":[{"href":"https:\/\/www.edm-tec.org\/de\/wp-json\/wp\/v2\/product\/22474"}],"collection":[{"href":"https:\/\/www.edm-tec.org\/de\/wp-json\/wp\/v2\/product"}],"about":[{"href":"https:\/\/www.edm-tec.org\/de\/wp-json\/wp\/v2\/types\/product"}],"wp:featuredmedia":[{"embeddable":true,"href":"https:\/\/www.edm-tec.org\/de\/wp-json\/wp\/v2\/media\/22475"}],"wp:attachment":[{"href":"https:\/\/www.edm-tec.org\/de\/wp-json\/wp\/v2\/media?parent=22474"}],"wp:term":[{"taxonomy":"product_cat","embeddable":true,"href":"https:\/\/www.edm-tec.org\/de\/wp-json\/wp\/v2\/product_cat?post=22474"},{"taxonomy":"product_tag","embeddable":true,"href":"https:\/\/www.edm-tec.org\/de\/wp-json\/wp\/v2\/product_tag?post=22474"}],"curies":[{"name":"wp","href":"https:\/\/api.w.org\/{rel}","templated":true}]}}