{"id":20001,"date":"2023-11-20T08:37:35","date_gmt":"2023-11-20T07:37:35","guid":{"rendered":"https:\/\/www.edm-tec.org\/?post_type=product&#038;p=20001"},"modified":"2023-11-20T08:56:57","modified_gmt":"2023-11-20T07:56:57","slug":"ventil-ckd-4kb119-00-c2-dc24v","status":"publish","type":"product","link":"https:\/\/www.edm-tec.org\/de\/produkte\/ventil-ckd-4kb119-00-c2-dc24v\/","title":{"rendered":"Ventil CKD 4KB119-00-C2 DC24V"},"content":{"rendered":"<p><\/p>\n<h3>Ventil CKD 4KB119-00-C2 DC24V<\/h3>\n<p>Das gro\u00dfe Verschlei\u00dfteileprogramm von EDM-TEC bietet alles an Zubeh\u00f6r f\u00fcr Ihre Erodiermaschinen. Egal ob Drahterosion und Senkerosion, wir halten st\u00e4ndig alle g\u00e4ngigen Artikel f\u00fcr alle Maschinentypen auf Lager: Agie, Brother, Charmilles, Fanuc, Hitachi, Japax, Makino, Mitsubishi, Seibu, Sodick, Washino usw.<\/p>\n<p>Testen Sie Ventil CKD 4KB119-00-C2 DC24V 2064710 von EDM-TEC! Unser hoher Qualit\u00e4tsanspruch kommt Ihnen dabei stets zugute.<\/p>\n<ul>\n<li><strong>Passend f\u00fcr:<\/strong> Sodick Serie<\/li>\n<\/ul>\n<p><\/p>","protected":false},"excerpt":{"rendered":"<p>Auf Anfrage<\/p>\n<p>Entspricht: 2064710<\/p>\n","protected":false},"featured_media":20002,"template":"","meta":[],"product_cat":[726,979,1064],"product_tag":[439],"_links":{"self":[{"href":"https:\/\/www.edm-tec.org\/de\/wp-json\/wp\/v2\/product\/20001"}],"collection":[{"href":"https:\/\/www.edm-tec.org\/de\/wp-json\/wp\/v2\/product"}],"about":[{"href":"https:\/\/www.edm-tec.org\/de\/wp-json\/wp\/v2\/types\/product"}],"wp:featuredmedia":[{"embeddable":true,"href":"https:\/\/www.edm-tec.org\/de\/wp-json\/wp\/v2\/media\/20002"}],"wp:attachment":[{"href":"https:\/\/www.edm-tec.org\/de\/wp-json\/wp\/v2\/media?parent=20001"}],"wp:term":[{"taxonomy":"product_cat","embeddable":true,"href":"https:\/\/www.edm-tec.org\/de\/wp-json\/wp\/v2\/product_cat?post=20001"},{"taxonomy":"product_tag","embeddable":true,"href":"https:\/\/www.edm-tec.org\/de\/wp-json\/wp\/v2\/product_tag?post=20001"}],"curies":[{"name":"wp","href":"https:\/\/api.w.org\/{rel}","templated":true}]}}