{"id":19999,"date":"2023-11-20T08:23:50","date_gmt":"2023-11-20T07:23:50","guid":{"rendered":"https:\/\/www.edm-tec.org\/?post_type=product&#038;p=19999"},"modified":"2023-11-20T08:36:26","modified_gmt":"2023-11-20T07:36:26","slug":"tuerdichtung-20-x-20-mm-2-mtr","status":"publish","type":"product","link":"https:\/\/www.edm-tec.org\/de\/produkte\/tuerdichtung-20-x-20-mm-2-mtr\/","title":{"rendered":"T\u00fcrdichtung 20 x 20 mm, 2 mtr."},"content":{"rendered":"<p><\/p>\n<h3>T\u00fcrdichtung 20 x 20 mm, 2 mtr., 200434418<\/h3>\n<h4>Wir versorgen Sie mit Ersatzteilen in h\u00f6chster Qualit\u00e4t f\u00fcr die Drahterosion, Senkerosion und das funkenerosive Bohren.<\/h4>\n<ul>\n<li>P<strong>assend f\u00fcr:<\/strong> Charmilles Robofil x050\/330\/Cut E600<\/li>\n<\/ul>\n<p>Bestellen Sie T\u00fcrdichtung 20 x 20 mm, 2 mtr. bei EDM-TEC GmbH<\/p>","protected":false},"excerpt":{"rendered":"<div class=\"woocommerce-product-details__short-description\">\n<p>Auf Anfrage<\/p>\n<p>Entspricht: 200434418<\/p>\n<\/div>\n","protected":false},"featured_media":20000,"template":"","meta":[],"product_cat":[726,968,1003],"product_tag":[439],"_links":{"self":[{"href":"https:\/\/www.edm-tec.org\/de\/wp-json\/wp\/v2\/product\/19999"}],"collection":[{"href":"https:\/\/www.edm-tec.org\/de\/wp-json\/wp\/v2\/product"}],"about":[{"href":"https:\/\/www.edm-tec.org\/de\/wp-json\/wp\/v2\/types\/product"}],"wp:featuredmedia":[{"embeddable":true,"href":"https:\/\/www.edm-tec.org\/de\/wp-json\/wp\/v2\/media\/20000"}],"wp:attachment":[{"href":"https:\/\/www.edm-tec.org\/de\/wp-json\/wp\/v2\/media?parent=19999"}],"wp:term":[{"taxonomy":"product_cat","embeddable":true,"href":"https:\/\/www.edm-tec.org\/de\/wp-json\/wp\/v2\/product_cat?post=19999"},{"taxonomy":"product_tag","embeddable":true,"href":"https:\/\/www.edm-tec.org\/de\/wp-json\/wp\/v2\/product_tag?post=19999"}],"curies":[{"name":"wp","href":"https:\/\/api.w.org\/{rel}","templated":true}]}}