{"id":19871,"date":"2023-09-12T07:45:00","date_gmt":"2023-09-12T05:45:00","guid":{"rendered":"https:\/\/www.edm-tec.org\/?post_type=product&#038;p=19871"},"modified":"2023-10-02T12:47:49","modified_gmt":"2023-10-02T10:47:49","slug":"kabel-650-mm-mit-oesen-m4-m5","status":"publish","type":"product","link":"https:\/\/www.edm-tec.org\/de\/produkte\/kabel-650-mm-mit-oesen-m4-m5\/","title":{"rendered":"Kabel 650 mm mit \u00d6sen M4 + M5"},"content":{"rendered":"<p><\/p>\n<h3>Kabel 650 mm mit \u00d6sen M4 + M5<\/h3>\n<p>Das gro\u00dfe Verschlei\u00dfteileprogramm von EDM-TEC bietet alles an Zubeh\u00f6r f\u00fcr Ihre Erodiermaschinen. Egal ob Drahterosion und Senkerosion, wir halten st\u00e4ndig alle g\u00e4ngigen Artikel f\u00fcr alle Maschinentypen auf Lager: Agie, Brother, Charmilles, Fanuc, Hitachi, Japax, Makino, Mitsubishi, Seibu, Sodick, Washino usw.<\/p>\n<p>Testen Sie Kabel 650 mm mit \u00d6sen M4 + M5 von EDM-TEC! Unser hoher Qualit\u00e4tsanspruch kommt Ihnen dabei stets zugute.<\/p>\n<p><strong>Passend f\u00fcr:<\/strong> Fanuc<\/p>","protected":false},"excerpt":{"rendered":"<p>Auf Anfrage<\/p>\n<p>Entspricht: A660-8005-T673#L650RO<\/p>\n","protected":false},"featured_media":19919,"template":"","meta":[],"product_cat":[726,972,1022],"product_tag":[439],"_links":{"self":[{"href":"https:\/\/www.edm-tec.org\/de\/wp-json\/wp\/v2\/product\/19871"}],"collection":[{"href":"https:\/\/www.edm-tec.org\/de\/wp-json\/wp\/v2\/product"}],"about":[{"href":"https:\/\/www.edm-tec.org\/de\/wp-json\/wp\/v2\/types\/product"}],"wp:featuredmedia":[{"embeddable":true,"href":"https:\/\/www.edm-tec.org\/de\/wp-json\/wp\/v2\/media\/19919"}],"wp:attachment":[{"href":"https:\/\/www.edm-tec.org\/de\/wp-json\/wp\/v2\/media?parent=19871"}],"wp:term":[{"taxonomy":"product_cat","embeddable":true,"href":"https:\/\/www.edm-tec.org\/de\/wp-json\/wp\/v2\/product_cat?post=19871"},{"taxonomy":"product_tag","embeddable":true,"href":"https:\/\/www.edm-tec.org\/de\/wp-json\/wp\/v2\/product_tag?post=19871"}],"curies":[{"name":"wp","href":"https:\/\/api.w.org\/{rel}","templated":true}]}}