{"id":19869,"date":"2023-09-12T07:41:17","date_gmt":"2023-09-12T05:41:17","guid":{"rendered":"https:\/\/www.edm-tec.org\/?post_type=product&#038;p=19869"},"modified":"2023-10-02T12:48:29","modified_gmt":"2023-10-02T10:48:29","slug":"kabel-850-mm-mit-oesen-m5-m6","status":"publish","type":"product","link":"https:\/\/www.edm-tec.org\/de\/produkte\/kabel-850-mm-mit-oesen-m5-m6\/","title":{"rendered":"Kabel 850 mm mit \u00d6sen M5 + M6"},"content":{"rendered":"<p><\/p>\n<h3>Kabel 850 mm mit \u00d6sen M5 + M6<\/h3>\n<p>Das gro\u00dfe Verschlei\u00dfteileprogramm von EDM-TEC bietet alles an Zubeh\u00f6r f\u00fcr Ihre Erodiermaschinen. Egal ob Drahterosion und Senkerosion, wir halten st\u00e4ndig alle g\u00e4ngigen Artikel f\u00fcr alle Maschinentypen auf Lager: Agie, Brother, Charmilles, Fanuc, Hitachi, Japax, Makino, Mitsubishi, Seibu, Sodick, Washino usw.<\/p>\n<p>Testen Sie Kabel 850 mm mit \u00d6sen M5 + M6\u00a0 von EDM-TEC! Unser hoher Qualit\u00e4tsanspruch kommt Ihnen dabei stets zugute.<\/p>\n<p><strong>Passend f\u00fcr:<\/strong> Fanuc<\/p>","protected":false},"excerpt":{"rendered":"<p>Auf Anfrage<\/p>\n<p>Entspricht: A660-8005-T672#L850RO<\/p>\n","protected":false},"featured_media":19920,"template":"","meta":[],"product_cat":[726,972,1022],"product_tag":[439],"_links":{"self":[{"href":"https:\/\/www.edm-tec.org\/de\/wp-json\/wp\/v2\/product\/19869"}],"collection":[{"href":"https:\/\/www.edm-tec.org\/de\/wp-json\/wp\/v2\/product"}],"about":[{"href":"https:\/\/www.edm-tec.org\/de\/wp-json\/wp\/v2\/types\/product"}],"wp:featuredmedia":[{"embeddable":true,"href":"https:\/\/www.edm-tec.org\/de\/wp-json\/wp\/v2\/media\/19920"}],"wp:attachment":[{"href":"https:\/\/www.edm-tec.org\/de\/wp-json\/wp\/v2\/media?parent=19869"}],"wp:term":[{"taxonomy":"product_cat","embeddable":true,"href":"https:\/\/www.edm-tec.org\/de\/wp-json\/wp\/v2\/product_cat?post=19869"},{"taxonomy":"product_tag","embeddable":true,"href":"https:\/\/www.edm-tec.org\/de\/wp-json\/wp\/v2\/product_tag?post=19869"}],"curies":[{"name":"wp","href":"https:\/\/api.w.org\/{rel}","templated":true}]}}