{"id":19819,"date":"2023-08-15T07:24:44","date_gmt":"2023-08-15T05:24:44","guid":{"rendered":"https:\/\/www.edm-tec.org\/?post_type=product&#038;p=19819"},"modified":"2023-08-15T07:27:56","modified_gmt":"2023-08-15T05:27:56","slug":"halter-fuer-bremsring-d73-34","status":"publish","type":"product","link":"https:\/\/www.edm-tec.org\/de\/produkte\/halter-fuer-bremsring-d73-34\/","title":{"rendered":"Halter f\u00fcr Bremsring D=73 \/ 34"},"content":{"rendered":"<p><\/p>\n<h3>Halter f\u00fcr Bremsring D=73 \/ 34, 259.573<\/h3>\n<p>Das gro\u00dfe Verschlei\u00dfteileprogramm von EDM-TEC bietet alles an Zubeh\u00f6r f\u00fcr Ihre Erodiermaschinen. Egal ob Drahterosion und Senkerosion, wir halten st\u00e4ndig alle g\u00e4ngigen Artikel f\u00fcr alle Maschinentypen auf Lager: Agie, Brother, Charmilles, Fanuc, Hitachi, Japax, Makino, Mitsubishi, Seibu, Sodick, Washino usw.<\/p>\n<p>Testen Sie Halter f\u00fcr Bremsring D=73 \/ 34, 259.573 von EDM-TEC! Unser hoher Qualit\u00e4tsanspruch kommt Ihnen dabei stets zugute.<\/p>\n<p><strong>Passend f\u00fcr:<\/strong> AGIE Challenge\/Classic\/Progress<\/p>","protected":false},"excerpt":{"rendered":"<p>Auf Anfrage<\/p>\n","protected":false},"featured_media":19817,"template":"","meta":[],"product_cat":[726,958],"product_tag":[439,1587],"_links":{"self":[{"href":"https:\/\/www.edm-tec.org\/de\/wp-json\/wp\/v2\/product\/19819"}],"collection":[{"href":"https:\/\/www.edm-tec.org\/de\/wp-json\/wp\/v2\/product"}],"about":[{"href":"https:\/\/www.edm-tec.org\/de\/wp-json\/wp\/v2\/types\/product"}],"wp:featuredmedia":[{"embeddable":true,"href":"https:\/\/www.edm-tec.org\/de\/wp-json\/wp\/v2\/media\/19817"}],"wp:attachment":[{"href":"https:\/\/www.edm-tec.org\/de\/wp-json\/wp\/v2\/media?parent=19819"}],"wp:term":[{"taxonomy":"product_cat","embeddable":true,"href":"https:\/\/www.edm-tec.org\/de\/wp-json\/wp\/v2\/product_cat?post=19819"},{"taxonomy":"product_tag","embeddable":true,"href":"https:\/\/www.edm-tec.org\/de\/wp-json\/wp\/v2\/product_tag?post=19819"}],"curies":[{"name":"wp","href":"https:\/\/api.w.org\/{rel}","templated":true}]}}