{"id":19791,"date":"2023-08-02T11:07:56","date_gmt":"2023-08-02T09:07:56","guid":{"rendered":"https:\/\/www.edm-tec.org\/?post_type=product&#038;p=19791"},"modified":"2023-10-04T08:13:40","modified_gmt":"2023-10-04T06:13:40","slug":"zahnrad-mit-welle-d40-12-x-47","status":"publish","type":"product","link":"https:\/\/www.edm-tec.org\/de\/produkte\/zahnrad-mit-welle-d40-12-x-47\/","title":{"rendered":"Zahnrad mit Welle, D=40 \/ 12 x 47"},"content":{"rendered":"<p><\/p>\n<h3>Zahnrad mit Welle, D=40 \/ 12 x 47 135011897<\/h3>\n<h4>Wir versorgen Sie mit Ersatzteilen in h\u00f6chster Qualit\u00e4t f\u00fcr die Drahterosion, Senkerosion und das funkenerosive Bohren.<\/h4>\n<ul>\n<li>P<strong>assend f\u00fcr:<\/strong> Charmilles Robofil, Cut P800<\/li>\n<\/ul>\n<p>Bestellen Sie Zahnrad mit Welle, D=40 \/ 12 x 47 135011897 bei EDM-TEC GmbH<\/p>","protected":false},"excerpt":{"rendered":"<div class=\"woocommerce-product-details__short-description\">\n<p>Auf Anfrage<\/p>\n<p>Entspricht: 135011897<\/p>\n<\/div>\n","protected":false},"featured_media":19937,"template":"","meta":[],"product_cat":[726,968,1003],"product_tag":[439],"_links":{"self":[{"href":"https:\/\/www.edm-tec.org\/de\/wp-json\/wp\/v2\/product\/19791"}],"collection":[{"href":"https:\/\/www.edm-tec.org\/de\/wp-json\/wp\/v2\/product"}],"about":[{"href":"https:\/\/www.edm-tec.org\/de\/wp-json\/wp\/v2\/types\/product"}],"wp:featuredmedia":[{"embeddable":true,"href":"https:\/\/www.edm-tec.org\/de\/wp-json\/wp\/v2\/media\/19937"}],"wp:attachment":[{"href":"https:\/\/www.edm-tec.org\/de\/wp-json\/wp\/v2\/media?parent=19791"}],"wp:term":[{"taxonomy":"product_cat","embeddable":true,"href":"https:\/\/www.edm-tec.org\/de\/wp-json\/wp\/v2\/product_cat?post=19791"},{"taxonomy":"product_tag","embeddable":true,"href":"https:\/\/www.edm-tec.org\/de\/wp-json\/wp\/v2\/product_tag?post=19791"}],"curies":[{"name":"wp","href":"https:\/\/api.w.org\/{rel}","templated":true}]}}