{"id":19772,"date":"2023-07-25T18:18:18","date_gmt":"2023-07-25T16:18:18","guid":{"rendered":"https:\/\/www.edm-tec.org\/?post_type=product&#038;p=19772"},"modified":"2023-07-25T18:23:10","modified_gmt":"2023-07-25T16:23:10","slug":"isolierbuchse","status":"publish","type":"product","link":"https:\/\/www.edm-tec.org\/de\/produkte\/isolierbuchse\/","title":{"rendered":"Isolierbuchse"},"content":{"rendered":"<p><\/p>\n<h3>Isolierbuchse 135011898<\/h3>\n<h4>Wir versorgen Sie mit Ersatzteilen in h\u00f6chster Qualit\u00e4t f\u00fcr die Drahterosion, Senkerosion und das funkenerosive Bohren.<\/h4>\n<ul>\n<li>P<strong>assend f\u00fcr:<\/strong> Charmilles Robofil, Cut P800<\/li>\n<\/ul>\n<p>Bestellen Sie Isolierbuchse 135011898 bei EDM-TEC GmbH<\/p>","protected":false},"excerpt":{"rendered":"<div class=\"woocommerce-product-details__short-description\">\n<p>Auf Anfrage<\/p>\n<p>Entspricht: 100433832<\/p>\n<\/div>\n","protected":false},"featured_media":19773,"template":"","meta":[],"product_cat":[726,968,1003],"product_tag":[439],"_links":{"self":[{"href":"https:\/\/www.edm-tec.org\/de\/wp-json\/wp\/v2\/product\/19772"}],"collection":[{"href":"https:\/\/www.edm-tec.org\/de\/wp-json\/wp\/v2\/product"}],"about":[{"href":"https:\/\/www.edm-tec.org\/de\/wp-json\/wp\/v2\/types\/product"}],"wp:featuredmedia":[{"embeddable":true,"href":"https:\/\/www.edm-tec.org\/de\/wp-json\/wp\/v2\/media\/19773"}],"wp:attachment":[{"href":"https:\/\/www.edm-tec.org\/de\/wp-json\/wp\/v2\/media?parent=19772"}],"wp:term":[{"taxonomy":"product_cat","embeddable":true,"href":"https:\/\/www.edm-tec.org\/de\/wp-json\/wp\/v2\/product_cat?post=19772"},{"taxonomy":"product_tag","embeddable":true,"href":"https:\/\/www.edm-tec.org\/de\/wp-json\/wp\/v2\/product_tag?post=19772"}],"curies":[{"name":"wp","href":"https:\/\/api.w.org\/{rel}","templated":true}]}}