{"id":19701,"date":"2023-06-28T14:18:20","date_gmt":"2023-06-28T12:18:20","guid":{"rendered":"https:\/\/www.edm-tec.org\/?post_type=product&#038;p=19701"},"modified":"2023-06-29T10:17:13","modified_gmt":"2023-06-29T08:17:13","slug":"gummidichtung-set-10-stueck","status":"publish","type":"product","link":"https:\/\/www.edm-tec.org\/de\/produkte\/gummidichtung-set-10-stueck\/","title":{"rendered":"Gummidichtung Set 10 St\u00fcck"},"content":{"rendered":"<p><\/p>\n<h2>Gummidichtung Set 10 St\u00fcck<\/h2>\n<p>Das gro\u00dfe Verschlei\u00dfteileprogramm von EDM-TEC bietet alles an Zubeh\u00f6r f\u00fcr Ihre Erodiermaschinen. Egal ob Drahterosion und Senkerosion, wir halten st\u00e4ndig alle g\u00e4ngigen Artikel f\u00fcr alle Maschinentypen auf Lager: Agie, Brother, Charmilles, Fanuc, Hitachi, Japax, Makino, Mitsubishi, Seibu, Sodick, Washino usw.<\/p>\n<p>Testen Sie Gummidichtung Set 10 St\u00fcck f\u00fcr Spannzangen ER16 von EDM-TEC! Unser hoher Qualit\u00e4tsanspruch kommt Ihnen dabei stets zugute.<\/p>\n<ul>\n<li><strong>Gr\u00f6\u00dfe<\/strong>: D=0,1-6,0 mm ohne Bohrung<\/li>\n<li><strong>Passend f\u00fcr:<\/strong> Spannzangen ER16<\/li>\n<\/ul>\n<p><\/p>","protected":false},"excerpt":{"rendered":"<p>Auf Anfrage<\/p>\n","protected":false},"featured_media":19702,"template":"","meta":[],"product_cat":[1622,705],"product_tag":[713],"_links":{"self":[{"href":"https:\/\/www.edm-tec.org\/de\/wp-json\/wp\/v2\/product\/19701"}],"collection":[{"href":"https:\/\/www.edm-tec.org\/de\/wp-json\/wp\/v2\/product"}],"about":[{"href":"https:\/\/www.edm-tec.org\/de\/wp-json\/wp\/v2\/types\/product"}],"wp:featuredmedia":[{"embeddable":true,"href":"https:\/\/www.edm-tec.org\/de\/wp-json\/wp\/v2\/media\/19702"}],"wp:attachment":[{"href":"https:\/\/www.edm-tec.org\/de\/wp-json\/wp\/v2\/media?parent=19701"}],"wp:term":[{"taxonomy":"product_cat","embeddable":true,"href":"https:\/\/www.edm-tec.org\/de\/wp-json\/wp\/v2\/product_cat?post=19701"},{"taxonomy":"product_tag","embeddable":true,"href":"https:\/\/www.edm-tec.org\/de\/wp-json\/wp\/v2\/product_tag?post=19701"}],"curies":[{"name":"wp","href":"https:\/\/api.w.org\/{rel}","templated":true}]}}