{"id":19061,"date":"2023-03-28T15:35:07","date_gmt":"2023-03-28T13:35:07","guid":{"rendered":"https:\/\/www.edm-tec.org\/?post_type=product&#038;p=19061"},"modified":"2023-03-28T16:25:43","modified_gmt":"2023-03-28T14:25:43","slug":"kabel-mit-stecker-240-mm","status":"publish","type":"product","link":"https:\/\/www.edm-tec.org\/de\/produkte\/kabel-mit-stecker-240-mm\/","title":{"rendered":"Kabel mit Stecker, 240 mm"},"content":{"rendered":"<p><\/p>\n<h4>Wir versorgen Sie mit Ersatzteilen in h\u00f6chster Qualit\u00e4t f\u00fcr die Drahterosion, Senkerosion und das funkenerosive Bohren.<\/h4>\n<ul>\n<li>P<strong>assend f\u00fcr:<\/strong> Charmilles Robofil, Cut<\/li>\n<\/ul>\n<p><\/p>","protected":false},"excerpt":{"rendered":"<div class=\"woocommerce-product-details__short-description\">\n<p>Auf Anfrage<\/p>\n<p>Entspricht: 200970335<\/p>\n<\/div>\n","protected":false},"featured_media":19062,"template":"","meta":[],"product_cat":[726,968,1003],"product_tag":[439],"_links":{"self":[{"href":"https:\/\/www.edm-tec.org\/de\/wp-json\/wp\/v2\/product\/19061"}],"collection":[{"href":"https:\/\/www.edm-tec.org\/de\/wp-json\/wp\/v2\/product"}],"about":[{"href":"https:\/\/www.edm-tec.org\/de\/wp-json\/wp\/v2\/types\/product"}],"wp:featuredmedia":[{"embeddable":true,"href":"https:\/\/www.edm-tec.org\/de\/wp-json\/wp\/v2\/media\/19062"}],"wp:attachment":[{"href":"https:\/\/www.edm-tec.org\/de\/wp-json\/wp\/v2\/media?parent=19061"}],"wp:term":[{"taxonomy":"product_cat","embeddable":true,"href":"https:\/\/www.edm-tec.org\/de\/wp-json\/wp\/v2\/product_cat?post=19061"},{"taxonomy":"product_tag","embeddable":true,"href":"https:\/\/www.edm-tec.org\/de\/wp-json\/wp\/v2\/product_tag?post=19061"}],"curies":[{"name":"wp","href":"https:\/\/api.w.org\/{rel}","templated":true}]}}