{"id":18989,"date":"2018-03-14T11:56:20","date_gmt":"2018-03-14T10:56:20","guid":{"rendered":"https:\/\/www.edm-tec.org\/?post_type=product&#038;p=18989"},"modified":"2023-03-14T12:09:09","modified_gmt":"2023-03-14T11:09:09","slug":"hitachi-hbzu","status":"publish","type":"product","link":"https:\/\/www.edm-tec.org\/de\/produkte\/hitachi-hbzu\/","title":{"rendered":"Hitachi HBZU"},"content":{"rendered":"<p><\/p>\n<h4>Hitachi HBZU Messing-Draht mit 1000 N\/mm\u00b2<\/h4>\n<p>Nach h\u00f6chsten Qualit\u00e4tsstandards und Kontrollen in Japan gefertigt, garantiert dieser Markendraht wiederholbar hohe Schnittleistung.<br \/>\nAnwender sind von den verl\u00e4sslich sehr guten Ergebnissen \u00fcberzeugt und greifen immer wieder vertrauensvoll zur Hitachi Spule.<\/p>\n<p>Wir empfehlen diesen Elektrodentyp speziell f\u00fcr FANUC und japanische EDM Maschinen.<\/p>\n<p>Unsere blanken Messingdr\u00e4hte haben alle wichtigen Eigenschaften f\u00fcr ungest\u00f6rte Maschineneins\u00e4tze:<\/p>\n<ul>\n<li>saubere Oberfl\u00e4che<\/li>\n<li>paraffinfrei<\/li>\n<li>gerichtet<\/li>\n<li>engste Toleranzen<\/li>\n<li>gleichm\u00e4\u00dfige Wicklung<\/li>\n<li>h\u00f6chstes Einf\u00e4delsicherheit<\/li>\n<\/ul>\n<p>Die verf\u00fcgbaren Durchmesser, Zugfestigkeiten und Spulengr\u00f6\u00dfen entnehmen Sie nachfolgender Tabelle.<\/p>\n<table width=\"685\" cellspacing=\"0\" cellpadding=\"0\" align=\"center\">\n<tbody>\n<tr align=\"center\" valign=\"middle\">\n<td colspan=\"5\" bgcolor=\"#e8a860\" width=\"633\">MS Blankdraht Hitachi HBZU 1000 N<\/td>\n<\/tr>\n<tr bgcolor=\"#CCCCCC\">\n<td align=\"center\" valign=\"middle\">Durchmesser<br \/>\nDiameter<\/td>\n<td align=\"center\" valign=\"middle\">Zugfestigkeit<br \/>\nTensile Strength<\/td>\n<td align=\"center\" valign=\"middle\">Spulentyp<br \/>\nSpool type<\/td>\n<td align=\"center\" valign=\"middle\">Gewicht\/Spule<br \/>\nWeight\/Spool<\/td>\n<td align=\"center\" valign=\"middle\">Spulen\/Karton<br \/>\nSpools\/Package<\/td>\n<\/tr>\n<tr id=\"trennlinie\" bgcolor=\"#CCCCCC\">\n<td align=\"center\" valign=\"middle\">( mm )<\/td>\n<td align=\"center\" valign=\"middle\">( N\/mm\u00b2 )<\/td>\n<td align=\"center\" valign=\"middle\"><\/td>\n<td align=\"center\" valign=\"middle\">( kg )<\/td>\n<td align=\"center\" valign=\"middle\"><\/td>\n<\/tr>\n<tr>\n<td align=\"center\" valign=\"middle\">\u00a00,20<\/td>\n<td align=\"center\" valign=\"middle\">1000 N<\/td>\n<td align=\"center\" valign=\"middle\">K-160<\/td>\n<td align=\"center\" valign=\"middle\">7<\/td>\n<td align=\"center\" valign=\"middle\">2<\/td>\n<\/tr>\n<tr>\n<td align=\"center\" valign=\"middle\">0,20<\/td>\n<td align=\"center\" valign=\"middle\">1000 N<\/td>\n<td align=\"center\" valign=\"middle\">P-5<\/td>\n<td align=\"center\" valign=\"middle\">5<\/td>\n<td align=\"center\" valign=\"middle\">2<\/td>\n<\/tr>\n<tr>\n<td align=\"center\" valign=\"middle\">0,20<\/td>\n<td align=\"center\" valign=\"middle\">1000 N<\/td>\n<td align=\"center\" valign=\"middle\">P-10<\/td>\n<td align=\"center\" valign=\"middle\">10<\/td>\n<td align=\"center\" valign=\"middle\">1<\/td>\n<\/tr>\n<tr>\n<td align=\"center\"><\/td>\n<td align=\"center\"><\/td>\n<td align=\"center\"><\/td>\n<td align=\"center\"><\/td>\n<td align=\"center\"><\/td>\n<\/tr>\n<tr>\n<td align=\"center\" valign=\"middle\">\u00a00,25<\/td>\n<td align=\"center\" valign=\"middle\">1000 N<\/td>\n<td align=\"center\" valign=\"middle\">K-160<\/td>\n<td align=\"center\" valign=\"middle\">7<\/td>\n<td align=\"center\" valign=\"middle\">2<\/td>\n<\/tr>\n<tr>\n<td align=\"center\" valign=\"middle\">\u00a00,25<\/td>\n<td align=\"center\" valign=\"middle\">1000 N<\/td>\n<td align=\"center\" valign=\"middle\">K-200<\/td>\n<td align=\"center\" valign=\"middle\">16<\/td>\n<td align=\"center\" valign=\"middle\">1<\/td>\n<\/tr>\n<tr>\n<td align=\"center\" valign=\"middle\">0,25<\/td>\n<td align=\"center\" valign=\"middle\">1000 N<\/td>\n<td align=\"center\" valign=\"middle\">P-5<\/td>\n<td align=\"center\" valign=\"middle\">5<\/td>\n<td align=\"center\" valign=\"middle\">2<\/td>\n<\/tr>\n<tr>\n<td align=\"center\" valign=\"middle\">\u00a00,25<\/td>\n<td align=\"center\" valign=\"middle\">1000 N<\/td>\n<td align=\"center\" valign=\"middle\">P-10<\/td>\n<td align=\"center\" valign=\"middle\">10<\/td>\n<td align=\"center\" valign=\"middle\">2<\/td>\n<\/tr>\n<tr>\n<td align=\"center\" valign=\"middle\">0,25<\/td>\n<td align=\"center\" valign=\"middle\">1000 N<\/td>\n<td align=\"center\" valign=\"middle\">P-15<\/td>\n<td align=\"center\" valign=\"middle\">20<\/td>\n<td align=\"center\" valign=\"middle\">1<\/td>\n<\/tr>\n<tr>\n<td align=\"center\"><\/td>\n<td align=\"center\"><\/td>\n<td align=\"center\"><\/td>\n<td align=\"center\"><\/td>\n<td align=\"center\"><\/td>\n<\/tr>\n<tr>\n<td align=\"center\" valign=\"middle\">0,30<\/td>\n<td align=\"center\" valign=\"middle\">1000 N<\/td>\n<td align=\"center\" valign=\"middle\">K-160<\/td>\n<td align=\"center\" valign=\"middle\">7<\/td>\n<td align=\"center\" valign=\"middle\">2<\/td>\n<\/tr>\n<tr>\n<td align=\"center\" valign=\"middle\">0,30<\/td>\n<td align=\"center\" valign=\"middle\">1000 N<\/td>\n<td align=\"center\" valign=\"middle\">K-200<\/td>\n<td align=\"center\" valign=\"middle\">16<\/td>\n<td align=\"center\" valign=\"middle\">1<\/td>\n<\/tr>\n<tr>\n<td align=\"center\" valign=\"middle\">0,30<\/td>\n<td align=\"center\" valign=\"middle\">1000 N<\/td>\n<td align=\"center\" valign=\"middle\">P-5<\/td>\n<td align=\"center\" valign=\"middle\">5<\/td>\n<td align=\"center\" valign=\"middle\">2<\/td>\n<\/tr>\n<tr>\n<td align=\"center\" valign=\"middle\">0,30<\/td>\n<td align=\"center\" valign=\"middle\">1000 N<\/td>\n<td align=\"center\" valign=\"middle\">P-10<\/td>\n<td align=\"center\" valign=\"middle\">10<\/td>\n<td align=\"center\" valign=\"middle\">2<\/td>\n<\/tr>\n<tr>\n<td align=\"center\" valign=\"middle\">0,30<\/td>\n<td align=\"center\" valign=\"middle\">1000 N<\/td>\n<td align=\"center\" valign=\"middle\">P-15<\/td>\n<td align=\"center\" valign=\"middle\">20<\/td>\n<td align=\"center\" valign=\"middle\">1<\/td>\n<\/tr>\n<\/tbody>\n<\/table>\n<p><\/p>","protected":false},"excerpt":{"rendered":"<p>Auf Anfrage<\/p>\n<p>Messing-Draht mit 1000 N\/mm\u00b2, speziell empfohlen f\u00fcr FANUC und japanische EDM Maschinen<\/p>\n","protected":false},"featured_media":7307,"template":"","meta":[],"product_cat":[88],"product_tag":[477,439,440,465,450],"_links":{"self":[{"href":"https:\/\/www.edm-tec.org\/de\/wp-json\/wp\/v2\/product\/18989"}],"collection":[{"href":"https:\/\/www.edm-tec.org\/de\/wp-json\/wp\/v2\/product"}],"about":[{"href":"https:\/\/www.edm-tec.org\/de\/wp-json\/wp\/v2\/types\/product"}],"wp:featuredmedia":[{"embeddable":true,"href":"https:\/\/www.edm-tec.org\/de\/wp-json\/wp\/v2\/media\/7307"}],"wp:attachment":[{"href":"https:\/\/www.edm-tec.org\/de\/wp-json\/wp\/v2\/media?parent=18989"}],"wp:term":[{"taxonomy":"product_cat","embeddable":true,"href":"https:\/\/www.edm-tec.org\/de\/wp-json\/wp\/v2\/product_cat?post=18989"},{"taxonomy":"product_tag","embeddable":true,"href":"https:\/\/www.edm-tec.org\/de\/wp-json\/wp\/v2\/product_tag?post=18989"}],"curies":[{"name":"wp","href":"https:\/\/api.w.org\/{rel}","templated":true}]}}