{"id":18381,"date":"2023-02-14T08:03:34","date_gmt":"2023-02-14T07:03:34","guid":{"rendered":"https:\/\/www.edm-tec.org\/?post_type=product&#038;p=18381"},"modified":"2023-02-14T08:10:08","modified_gmt":"2023-02-14T07:10:08","slug":"distanzstueck-messing-kopie","status":"publish","type":"product","link":"https:\/\/www.edm-tec.org\/de\/produkte\/distanzstueck-messing-kopie\/","title":{"rendered":"Mutter"},"content":{"rendered":"<p><\/p>\n<h4>Wir versorgen Sie mit Ersatzteilen in h\u00f6chster Qualit\u00e4t f\u00fcr die Drahterosion, Senkerosion und das funkenerosive Bohren.<\/h4>\n<ul>\n<li>Charmilles x030\/x050<\/li>\n<\/ul>\n<p><\/p>","protected":false},"excerpt":{"rendered":"<div class=\"woocommerce-product-details__short-description\">\n<p>Auf Anfrage<\/p>\n<p>Entspricht: 135006269<\/p>\n<\/div>\n","protected":false},"featured_media":18382,"template":"","meta":[],"product_cat":[726,968,1003],"product_tag":[439],"_links":{"self":[{"href":"https:\/\/www.edm-tec.org\/de\/wp-json\/wp\/v2\/product\/18381"}],"collection":[{"href":"https:\/\/www.edm-tec.org\/de\/wp-json\/wp\/v2\/product"}],"about":[{"href":"https:\/\/www.edm-tec.org\/de\/wp-json\/wp\/v2\/types\/product"}],"wp:featuredmedia":[{"embeddable":true,"href":"https:\/\/www.edm-tec.org\/de\/wp-json\/wp\/v2\/media\/18382"}],"wp:attachment":[{"href":"https:\/\/www.edm-tec.org\/de\/wp-json\/wp\/v2\/media?parent=18381"}],"wp:term":[{"taxonomy":"product_cat","embeddable":true,"href":"https:\/\/www.edm-tec.org\/de\/wp-json\/wp\/v2\/product_cat?post=18381"},{"taxonomy":"product_tag","embeddable":true,"href":"https:\/\/www.edm-tec.org\/de\/wp-json\/wp\/v2\/product_tag?post=18381"}],"curies":[{"name":"wp","href":"https:\/\/api.w.org\/{rel}","templated":true}]}}